{"id":15350,"date":"2025-03-13T17:08:40","date_gmt":"2025-03-13T20:08:40","guid":{"rendered":"https:\/\/totallubri.com.br\/?post_type=product&#038;p=15350"},"modified":"2025-03-13T17:09:27","modified_gmt":"2025-03-13T20:09:27","slug":"suporte-solo-para-estacao-de-recarga-ew1023-e-wolf","status":"publish","type":"product","link":"https:\/\/totallubri.com.br\/?product=suporte-solo-para-estacao-de-recarga-ew1023-e-wolf","title":{"rendered":"Suporte solo para esta\u00e7\u00e3o de recarga EW1023 \u2013 E WOLF"},"content":{"rendered":"<h2>Descri\u00e7\u00e3o<\/h2>\n<p>Suporte solo em a\u00e7o carbono com pintura \u00c9poxi. Adapt\u00e1vel as esta\u00e7\u00f5es para abastecimento de carros el\u00e9tricos<\/p>\n<p>OBS: Adaptador para carregador n\u00e3o acompanha o produto.<\/p>\n<p>Peso: 10,5 Kg &#8211; Medidas: (C) 400 mm (L) 400 mm (A) 1200 mm<\/p>\n","protected":false},"excerpt":{"rendered":"<p>Descri\u00e7\u00e3o Suporte solo em a\u00e7o carbono com pintura \u00c9poxi. Adapt\u00e1vel as esta\u00e7\u00f5es para abastecimento de carros el\u00e9tricos OBS: Adaptador para carregador n\u00e3o acompanha o produto. Peso: 10,5 Kg &#8211; Medidas: (C) 400 mm (L) 400 mm (A) 1200 mm<\/p>\n","protected":false},"featured_media":15351,"comment_status":"open","ping_status":"closed","template":"","meta":{"_exactmetrics_skip_tracking":false,"_exactmetrics_sitenote_active":false,"_exactmetrics_sitenote_note":"","_exactmetrics_sitenote_category":0},"product_brand":[],"product_cat":[132],"product_tag":[],"class_list":{"0":"post-15350","1":"product","2":"type-product","3":"status-publish","4":"has-post-thumbnail","6":"product_cat-linha-de-carregadores-e-acessorios-p-carros-eletricos","8":"first","9":"instock","10":"shipping-taxable","11":"product-type-simple"},"_links":{"self":[{"href":"https:\/\/totallubri.com.br\/index.php?rest_route=\/wp\/v2\/product\/15350","targetHints":{"allow":["GET"]}}],"collection":[{"href":"https:\/\/totallubri.com.br\/index.php?rest_route=\/wp\/v2\/product"}],"about":[{"href":"https:\/\/totallubri.com.br\/index.php?rest_route=\/wp\/v2\/types\/product"}],"replies":[{"embeddable":true,"href":"https:\/\/totallubri.com.br\/index.php?rest_route=%2Fwp%2Fv2%2Fcomments&post=15350"}],"wp:featuredmedia":[{"embeddable":true,"href":"https:\/\/totallubri.com.br\/index.php?rest_route=\/wp\/v2\/media\/15351"}],"wp:attachment":[{"href":"https:\/\/totallubri.com.br\/index.php?rest_route=%2Fwp%2Fv2%2Fmedia&parent=15350"}],"wp:term":[{"taxonomy":"product_brand","embeddable":true,"href":"https:\/\/totallubri.com.br\/index.php?rest_route=%2Fwp%2Fv2%2Fproduct_brand&post=15350"},{"taxonomy":"product_cat","embeddable":true,"href":"https:\/\/totallubri.com.br\/index.php?rest_route=%2Fwp%2Fv2%2Fproduct_cat&post=15350"},{"taxonomy":"product_tag","embeddable":true,"href":"https:\/\/totallubri.com.br\/index.php?rest_route=%2Fwp%2Fv2%2Fproduct_tag&post=15350"}],"curies":[{"name":"wp","href":"https:\/\/api.w.org\/{rel}","templated":true}]}}