{"id":15388,"date":"2025-03-17T12:38:38","date_gmt":"2025-03-17T15:38:38","guid":{"rendered":"https:\/\/totallubri.com.br\/?post_type=product&#038;p=15388"},"modified":"2025-03-17T12:38:58","modified_gmt":"2025-03-17T15:38:58","slug":"mangote-para-succao-em-ibc-8211-lupus","status":"publish","type":"product","link":"https:\/\/totallubri.com.br\/?product=mangote-para-succao-em-ibc-8211-lupus","title":{"rendered":"Mangote para suc\u00e7\u00e3o em IBC -8211-LUPUS"},"content":{"rendered":"<h2>Descri\u00e7\u00e3o<\/h2>\n<p>Mangueira com terminal e adaptador.<\/p>\n<p>Peso: 1,5 Kg &#8211; Medidas: (C) 1000 mm<\/p>\n<h2>Informa\u00e7\u00e3o adicional<\/h2>\n<table class=\"woocommerce-product-attributes shop_attributes\">\n<tbody>\n<tr class=\"woocommerce-product-attributes-item woocommerce-product-attributes-item--attribute_pa_mangueira\">\n<th class=\"woocommerce-product-attributes-item__label\">Mangueira<\/th>\n<td class=\"woocommerce-product-attributes-item__value\">1&#8243; SAE R1<\/td>\n<\/tr>\n<tr class=\"woocommerce-product-attributes-item woocommerce-product-attributes-item--attribute_pa_comprimento-linear\">\n<th class=\"woocommerce-product-attributes-item__label\">Comprimento linear<\/th>\n<td class=\"woocommerce-product-attributes-item__value\">1 m<\/td>\n<\/tr>\n<tr class=\"woocommerce-product-attributes-item woocommerce-product-attributes-item--attribute_pa_pressao-de-trabalho\">\n<th class=\"woocommerce-product-attributes-item__label\">Press\u00e3o de trabalho<\/th>\n<td class=\"woocommerce-product-attributes-item__value\">2.000 psi<\/td>\n<\/tr>\n<tr class=\"woocommerce-product-attributes-item woocommerce-product-attributes-item--attribute_pa_terminais\">\n<th class=\"woocommerce-product-attributes-item__label\">Terminais<\/th>\n<td class=\"woocommerce-product-attributes-item__value\">\u00d8 1&#8243; NPT \/ macho \/ reto \/ fixo<\/td>\n<\/tr>\n<tr class=\"woocommerce-product-attributes-item woocommerce-product-attributes-item--attribute_pa_adaptador\">\n<th class=\"woocommerce-product-attributes-item__label\">Adaptador<\/th>\n<td class=\"woocommerce-product-attributes-item__value\">2&#8243; (60\u00d76) girat\u00f3rio \/ espig\u00e3o 1\u201d<\/td>\n<\/tr>\n<tr class=\"woocommerce-product-attributes-item woocommerce-product-attributes-item--attribute_pa_adaptavel\">\n<th class=\"woocommerce-product-attributes-item__label\">Adapt\u00e1vel<\/th>\n<td class=\"woocommerce-product-attributes-item__value\">a IBC\u2019s<\/td>\n<\/tr>\n<\/tbody>\n<\/table>\n","protected":false},"excerpt":{"rendered":"<p>Descri\u00e7\u00e3o Mangueira com terminal e adaptador. Peso: 1,5 Kg &#8211; Medidas: (C) 1000 mm Informa\u00e7\u00e3o adicional Mangueira 1&#8243; SAE R1 Comprimento linear 1 m Press\u00e3o de trabalho 2.000 psi Terminais \u00d8 1&#8243; NPT \/ macho \/ reto \/ fixo Adaptador 2&#8243; (60\u00d76) girat\u00f3rio \/ espig\u00e3o 1\u201d Adapt\u00e1vel a IBC\u2019s<\/p>\n","protected":false},"featured_media":15389,"comment_status":"open","ping_status":"closed","template":"","meta":{"_exactmetrics_skip_tracking":false,"_exactmetrics_sitenote_active":false,"_exactmetrics_sitenote_note":"","_exactmetrics_sitenote_category":0},"product_brand":[],"product_cat":[105],"product_tag":[],"class_list":{"0":"post-15388","1":"product","2":"type-product","3":"status-publish","4":"has-post-thumbnail","6":"product_cat-acessorios-para-ibc","8":"first","9":"instock","10":"shipping-taxable","11":"product-type-simple"},"_links":{"self":[{"href":"https:\/\/totallubri.com.br\/index.php?rest_route=\/wp\/v2\/product\/15388","targetHints":{"allow":["GET"]}}],"collection":[{"href":"https:\/\/totallubri.com.br\/index.php?rest_route=\/wp\/v2\/product"}],"about":[{"href":"https:\/\/totallubri.com.br\/index.php?rest_route=\/wp\/v2\/types\/product"}],"replies":[{"embeddable":true,"href":"https:\/\/totallubri.com.br\/index.php?rest_route=%2Fwp%2Fv2%2Fcomments&post=15388"}],"wp:featuredmedia":[{"embeddable":true,"href":"https:\/\/totallubri.com.br\/index.php?rest_route=\/wp\/v2\/media\/15389"}],"wp:attachment":[{"href":"https:\/\/totallubri.com.br\/index.php?rest_route=%2Fwp%2Fv2%2Fmedia&parent=15388"}],"wp:term":[{"taxonomy":"product_brand","embeddable":true,"href":"https:\/\/totallubri.com.br\/index.php?rest_route=%2Fwp%2Fv2%2Fproduct_brand&post=15388"},{"taxonomy":"product_cat","embeddable":true,"href":"https:\/\/totallubri.com.br\/index.php?rest_route=%2Fwp%2Fv2%2Fproduct_cat&post=15388"},{"taxonomy":"product_tag","embeddable":true,"href":"https:\/\/totallubri.com.br\/index.php?rest_route=%2Fwp%2Fv2%2Fproduct_tag&post=15388"}],"curies":[{"name":"wp","href":"https:\/\/api.w.org\/{rel}","templated":true}]}}