{"id":15474,"date":"2025-03-25T17:38:15","date_gmt":"2025-03-25T20:38:15","guid":{"rendered":"https:\/\/totallubri.com.br\/?post_type=product&#038;p=15474"},"modified":"2025-03-28T12:58:06","modified_gmt":"2025-03-28T15:58:06","slug":"bomba-pneumatica-graxa-propulsora-lubrificacao-sem-tampa-ate-180kg-4080","status":"publish","type":"product","link":"https:\/\/totallubri.com.br\/?product=bomba-pneumatica-graxa-propulsora-lubrificacao-sem-tampa-ate-180kg-4080","title":{"rendered":"Bomba Pneum\u00e1tica Graxa Propulsora Lubrifica\u00e7\u00e3o s\/tampa at\u00e9 180kg-4080-FLEXIBIMEC"},"content":{"rendered":"<p>A bomba\u00a0pneum\u00e1tica de graxa proporciona a distribui\u00e7\u00e3o \u00e0\u00a0dist\u00e2ncias curtas e m\u00e9dias ou para alta press\u00e3o. S\u00e9rie standard \u2013 50:1 Fator de Compress\u00e3o. Art. 4080. N\u00e3o acompanha mangueira e bico.<\/p>\n<p>A bomba pneum\u00e1tica foi o primeiro produto desenvolvido pela marca italiana Flexbimec, em 1974, sempre reconhecida pelo seu f\u00e1cil manuseio e robustez. Assist\u00eancia t\u00e9cnica nacional, esta linha tem grande procura em ind\u00fastrias, oficinas, concession\u00e1rias, postos e in\u00fameros outros segmentos.<\/p>\n<table id=\"w3t1064\">\n<tbody>\n<tr>\n<td>Fornecimento de ar comprimido<\/td>\n<td colspan=\"4\">Ar comprimido Min 2 Max 8 bar (30 &#8211; 120 psi)<\/td>\n<\/tr>\n<tr>\n<td>Taxa de compress\u00e3o<\/td>\n<td colspan=\"4\">50:1<\/td>\n<\/tr>\n<tr>\n<td>Press\u00e3o de sa\u00edda<\/td>\n<td colspan=\"4\">400 bar<\/td>\n<\/tr>\n<tr>\n<td>Vaz\u00e3o<\/td>\n<td colspan=\"4\">2900 g\/min<\/td>\n<\/tr>\n<tr>\n<td>Conex\u00e3o de ar comprimido<\/td>\n<td colspan=\"4\">F 1\/4\u2033 BSP<\/td>\n<\/tr>\n<tr>\n<td>Conex\u00e3o de lubrificante<\/td>\n<td colspan=\"4\">M 1\/4\u2033 BSP<\/td>\n<\/tr>\n<tr>\n<td>M\u00e1ximo consumo de ar com 8 bar de press\u00e3o<\/td>\n<td colspan=\"4\">78 l\/min<\/td>\n<\/tr>\n<tr>\n<td>Tubo de suc\u00e7\u00e3o de comprimento<\/td>\n<td><\/td>\n<td><\/td>\n<td><\/td>\n<td>950 mm<\/td>\n<\/tr>\n<tr>\n<td>Tubo de suc\u00e7\u00e3o de di\u00e2metro<\/td>\n<td colspan=\"4\">\u00a0 \u00a0 \u00a0 \u00a0 \u00a0 \u00a0 \u00a0 \u00a0 \u00a0 \u00a0 28 mm<\/td>\n<\/tr>\n<tr>\n<td>Diametro LxWxH (mm)<\/td>\n<td><\/td>\n<td><\/td>\n<td><\/td>\n<td>95x95x1250<\/td>\n<\/tr>\n<tr>\n<td>Adequado para tambores<\/td>\n<td><\/td>\n<td><\/td>\n<td><\/td>\n<td>180 kg<\/td>\n<\/tr>\n<tr>\n<td>Peso<\/td>\n<td><\/td>\n<td><\/td>\n<td><\/td>\n<td>5,6 kg<\/td>\n<\/tr>\n<\/tbody>\n<\/table>\n<div class=\"vc_empty_space\">Condi\u00e7\u00f5es de teste: Graxa de l\u00edtio NLGI 0 \u2013 Temperatura ambiente 22\u00baC \u2013 press\u00e3o de entreda (ar comprimido) 8 bar de press\u00e3o \u2013 livre1\/2\u201d para 50:1 e 100:1 \u2013 bombas, s\u00e9rie padr\u00e3o, 1\u201d para s\u00e9ries bomba Power Bull e TWDE.<\/div>\n<div class=\"wpb_text_column wpb_content_element \">\n<div class=\"wpb_wrapper\">\n<p>&nbsp;<\/p>\n<\/div>\n<\/div>\n","protected":false},"excerpt":{"rendered":"<p>A bomba\u00a0pneum\u00e1tica de graxa proporciona a distribui\u00e7\u00e3o \u00e0\u00a0dist\u00e2ncias curtas e m\u00e9dias ou para alta press\u00e3o. S\u00e9rie standard \u2013 50:1 Fator de Compress\u00e3o. Art. 4080. N\u00e3o acompanha mangueira e bico. A bomba pneum\u00e1tica foi o primeiro produto desenvolvido pela marca italiana Flexbimec, em 1974, sempre reconhecida pelo seu f\u00e1cil manuseio e robustez. Assist\u00eancia t\u00e9cnica nacional, esta [&hellip;]<\/p>\n","protected":false},"featured_media":15476,"comment_status":"open","ping_status":"closed","template":"","meta":{"_exactmetrics_skip_tracking":false,"_exactmetrics_sitenote_active":false,"_exactmetrics_sitenote_note":"","_exactmetrics_sitenote_category":0},"product_brand":[],"product_cat":[111],"product_tag":[],"class_list":{"0":"post-15474","1":"product","2":"type-product","3":"status-publish","4":"has-post-thumbnail","6":"product_cat-propulsora-pneumatica-para-graxa","8":"first","9":"instock","10":"shipping-taxable","11":"product-type-simple"},"_links":{"self":[{"href":"https:\/\/totallubri.com.br\/index.php?rest_route=\/wp\/v2\/product\/15474","targetHints":{"allow":["GET"]}}],"collection":[{"href":"https:\/\/totallubri.com.br\/index.php?rest_route=\/wp\/v2\/product"}],"about":[{"href":"https:\/\/totallubri.com.br\/index.php?rest_route=\/wp\/v2\/types\/product"}],"replies":[{"embeddable":true,"href":"https:\/\/totallubri.com.br\/index.php?rest_route=%2Fwp%2Fv2%2Fcomments&post=15474"}],"wp:featuredmedia":[{"embeddable":true,"href":"https:\/\/totallubri.com.br\/index.php?rest_route=\/wp\/v2\/media\/15476"}],"wp:attachment":[{"href":"https:\/\/totallubri.com.br\/index.php?rest_route=%2Fwp%2Fv2%2Fmedia&parent=15474"}],"wp:term":[{"taxonomy":"product_brand","embeddable":true,"href":"https:\/\/totallubri.com.br\/index.php?rest_route=%2Fwp%2Fv2%2Fproduct_brand&post=15474"},{"taxonomy":"product_cat","embeddable":true,"href":"https:\/\/totallubri.com.br\/index.php?rest_route=%2Fwp%2Fv2%2Fproduct_cat&post=15474"},{"taxonomy":"product_tag","embeddable":true,"href":"https:\/\/totallubri.com.br\/index.php?rest_route=%2Fwp%2Fv2%2Fproduct_tag&post=15474"}],"curies":[{"name":"wp","href":"https:\/\/api.w.org\/{rel}","templated":true}]}}