{"id":15690,"date":"2025-04-28T17:24:57","date_gmt":"2025-04-28T20:24:57","guid":{"rendered":"https:\/\/totallubri.com.br\/?post_type=product&#038;p=15690"},"modified":"2025-04-28T17:25:42","modified_gmt":"2025-04-28T20:25:42","slug":"adaptador-tipo-b-1320-lupus","status":"publish","type":"product","link":"https:\/\/totallubri.com.br\/?product=adaptador-tipo-b-1320-lupus","title":{"rendered":"ADAPTADOR TIPO B-1320 LUPUS"},"content":{"rendered":"<h2>Descri\u00e7\u00e3o<\/h2>\n<p>Em Alum\u00ednio, rosca BSP (M).<\/p>\n<p>Peso: 0,673 Kg<\/p>\n<p>Medidas: (A) 95,24 mm x (\u00d8) int. 119,80 mm<\/p>\n<h2>Informa\u00e7\u00e3o adicional<\/h2>\n<table class=\"woocommerce-product-attributes shop_attributes\">\n<tbody>\n<tr class=\"woocommerce-product-attributes-item woocommerce-product-attributes-item--attribute_pa_acoplador\">\n<th class=\"woocommerce-product-attributes-item__label\">Acoplador<\/th>\n<td class=\"woocommerce-product-attributes-item__value\">4&#8243;<\/td>\n<\/tr>\n<tr class=\"woocommerce-product-attributes-item woocommerce-product-attributes-item--attribute_pa_conexao\">\n<th class=\"woocommerce-product-attributes-item__label\">Conex\u00e3o<\/th>\n<td class=\"woocommerce-product-attributes-item__value\">\u00d8 4&#8243;<\/td>\n<\/tr>\n<tr class=\"woocommerce-product-attributes-item woocommerce-product-attributes-item--attribute_pa_pressao-maxima-de-trabalho\">\n<th class=\"woocommerce-product-attributes-item__label\">Press\u00e3o m\u00e1xima de trabalho<\/th>\n<td class=\"woocommerce-product-attributes-item__value\">100 psi<\/td>\n<\/tr>\n<\/tbody>\n<\/table>\n","protected":false},"excerpt":{"rendered":"<p>Descri\u00e7\u00e3o Em Alum\u00ednio, rosca BSP (M). Peso: 0,673 Kg Medidas: (A) 95,24 mm x (\u00d8) int. 119,80 mm Informa\u00e7\u00e3o adicional Acoplador 4&#8243; Conex\u00e3o \u00d8 4&#8243; Press\u00e3o m\u00e1xima de trabalho 100 psi<\/p>\n","protected":false},"featured_media":15691,"comment_status":"open","ping_status":"closed","template":"","meta":{"_exactmetrics_skip_tracking":false,"_exactmetrics_sitenote_active":false,"_exactmetrics_sitenote_note":"","_exactmetrics_sitenote_category":0},"product_brand":[],"product_cat":[127],"product_tag":[],"class_list":{"0":"post-15690","1":"product","2":"type-product","3":"status-publish","4":"has-post-thumbnail","6":"product_cat-adaptador-camlock-tipo-ab-ef","8":"first","9":"instock","10":"shipping-taxable","11":"product-type-simple"},"_links":{"self":[{"href":"https:\/\/totallubri.com.br\/index.php?rest_route=\/wp\/v2\/product\/15690","targetHints":{"allow":["GET"]}}],"collection":[{"href":"https:\/\/totallubri.com.br\/index.php?rest_route=\/wp\/v2\/product"}],"about":[{"href":"https:\/\/totallubri.com.br\/index.php?rest_route=\/wp\/v2\/types\/product"}],"replies":[{"embeddable":true,"href":"https:\/\/totallubri.com.br\/index.php?rest_route=%2Fwp%2Fv2%2Fcomments&post=15690"}],"wp:featuredmedia":[{"embeddable":true,"href":"https:\/\/totallubri.com.br\/index.php?rest_route=\/wp\/v2\/media\/15691"}],"wp:attachment":[{"href":"https:\/\/totallubri.com.br\/index.php?rest_route=%2Fwp%2Fv2%2Fmedia&parent=15690"}],"wp:term":[{"taxonomy":"product_brand","embeddable":true,"href":"https:\/\/totallubri.com.br\/index.php?rest_route=%2Fwp%2Fv2%2Fproduct_brand&post=15690"},{"taxonomy":"product_cat","embeddable":true,"href":"https:\/\/totallubri.com.br\/index.php?rest_route=%2Fwp%2Fv2%2Fproduct_cat&post=15690"},{"taxonomy":"product_tag","embeddable":true,"href":"https:\/\/totallubri.com.br\/index.php?rest_route=%2Fwp%2Fv2%2Fproduct_tag&post=15690"}],"curies":[{"name":"wp","href":"https:\/\/api.w.org\/{rel}","templated":true}]}}