{"id":15720,"date":"2025-04-30T17:41:15","date_gmt":"2025-04-30T20:41:15","guid":{"rendered":"https:\/\/totallubri.com.br\/?post_type=product&#038;p=15720"},"modified":"2025-04-30T17:41:53","modified_gmt":"2025-04-30T20:41:53","slug":"mangueira-espiral-para-limpeza-de-cabine-lub-car01","status":"publish","type":"product","link":"https:\/\/totallubri.com.br\/?product=mangueira-espiral-para-limpeza-de-cabine-lub-car01","title":{"rendered":"MANGUEIRA ESPIRAL PARA LIMPEZA DE CABINE-LUB-CAR01"},"content":{"rendered":"<p>DESCRI\u00c7\u00c3O<\/p>\n<p>MANGUEIRA ESPIRAL C\/ TERMINAL MACHO 1\/4 BSP E BICO P\/ LIMPEZA, EM ALUM\u00cdNIO, AMBOS NA COR AZUL, COMPRIMENTO DE 3,5 METROS LINEARES<\/p>\n<p>PRODUTO UTILIZADO NA LIMPEZA DE CABINE DE CAMINHOES, TRATORES ETC&#8230;<\/p>\n<table class=\"woocommerce-product-attributes shop_attributes\" aria-label=\"Detalhes do produto\">\n<tbody>\n<tr class=\"woocommerce-product-attributes-item woocommerce-product-attributes-item--weight\">\n<th class=\"woocommerce-product-attributes-item__label\" scope=\"row\">Peso<\/th>\n<td class=\"woocommerce-product-attributes-item__value\">0.215 kg<\/td>\n<\/tr>\n<tr class=\"woocommerce-product-attributes-item woocommerce-product-attributes-item--dimensions\">\n<th class=\"woocommerce-product-attributes-item__label\" scope=\"row\">Dimens\u00f5es<\/th>\n<td class=\"woocommerce-product-attributes-item__value\">30 \u00d7 24 \u00d7 18 cm<\/td>\n<\/tr>\n<\/tbody>\n<\/table>\n","protected":false},"excerpt":{"rendered":"<p>DESCRI\u00c7\u00c3O MANGUEIRA ESPIRAL C\/ TERMINAL MACHO 1\/4 BSP E BICO P\/ LIMPEZA, EM ALUM\u00cdNIO, AMBOS NA COR AZUL, COMPRIMENTO DE 3,5 METROS LINEARES PRODUTO UTILIZADO NA LIMPEZA DE CABINE DE CAMINHOES, TRATORES ETC&#8230; Peso 0.215 kg Dimens\u00f5es 30 \u00d7 24 \u00d7 18 cm<\/p>\n","protected":false},"featured_media":15722,"comment_status":"open","ping_status":"closed","template":"","meta":{"_exactmetrics_skip_tracking":false,"_exactmetrics_sitenote_active":false,"_exactmetrics_sitenote_note":"","_exactmetrics_sitenote_category":0},"product_brand":[],"product_cat":[132],"product_tag":[],"class_list":{"0":"post-15720","1":"product","2":"type-product","3":"status-publish","4":"has-post-thumbnail","6":"product_cat-linha-de-carregadores-e-acessorios-p-carros-eletricos","8":"first","9":"instock","10":"shipping-taxable","11":"product-type-simple"},"_links":{"self":[{"href":"https:\/\/totallubri.com.br\/index.php?rest_route=\/wp\/v2\/product\/15720","targetHints":{"allow":["GET"]}}],"collection":[{"href":"https:\/\/totallubri.com.br\/index.php?rest_route=\/wp\/v2\/product"}],"about":[{"href":"https:\/\/totallubri.com.br\/index.php?rest_route=\/wp\/v2\/types\/product"}],"replies":[{"embeddable":true,"href":"https:\/\/totallubri.com.br\/index.php?rest_route=%2Fwp%2Fv2%2Fcomments&post=15720"}],"wp:featuredmedia":[{"embeddable":true,"href":"https:\/\/totallubri.com.br\/index.php?rest_route=\/wp\/v2\/media\/15722"}],"wp:attachment":[{"href":"https:\/\/totallubri.com.br\/index.php?rest_route=%2Fwp%2Fv2%2Fmedia&parent=15720"}],"wp:term":[{"taxonomy":"product_brand","embeddable":true,"href":"https:\/\/totallubri.com.br\/index.php?rest_route=%2Fwp%2Fv2%2Fproduct_brand&post=15720"},{"taxonomy":"product_cat","embeddable":true,"href":"https:\/\/totallubri.com.br\/index.php?rest_route=%2Fwp%2Fv2%2Fproduct_cat&post=15720"},{"taxonomy":"product_tag","embeddable":true,"href":"https:\/\/totallubri.com.br\/index.php?rest_route=%2Fwp%2Fv2%2Fproduct_tag&post=15720"}],"curies":[{"name":"wp","href":"https:\/\/api.w.org\/{rel}","templated":true}]}}