{"id":15884,"date":"2025-07-22T16:53:21","date_gmt":"2025-07-22T19:53:21","guid":{"rendered":"https:\/\/totallubri.com.br\/?post_type=product&#038;p=15884"},"modified":"2025-07-22T16:53:21","modified_gmt":"2025-07-22T19:53:21","slug":"lpk-111rb-bomba-almotolia-manual-bico-rigido-de-200-lts","status":"publish","type":"product","link":"https:\/\/totallubri.com.br\/?product=lpk-111rb-bomba-almotolia-manual-bico-rigido-de-200-lts","title":{"rendered":"lpk-111RB &#8211; Bomba Almotolia Manual Bico R\u00edgido de 200 Lts"},"content":{"rendered":"<div class=\"cont_produto\">Bomba Almotolia Manual para \u00d3leo Lubrificante Lapek LPK-111RB Bico R\u00edgido Capacidade 200ml\u00a0&#8211; Em A\u00e7o, com Bico R\u00edgido, para \u00d3leo Lubrificante.<strong>\u00a0<\/strong><\/div>\n<div class=\"cont_produto\"><\/div>\n<div class=\"cont_produto\"><strong>DESCRI\u00c7\u00c3O:<\/strong><\/div>\n<div class=\"cont_produto\">\n<div class=\"cont_produto\">\n<ul class=\"ul-content\">\n<li>Em A\u00e7o<\/li>\n<li>Capacidade: 200 ml<\/li>\n<li>Peso: 210\u00a0gr<\/li>\n<li>Medidas (mm): 120 (A) x 230 (L)<\/li>\n<\/ul>\n<\/div>\n<\/div>\n","protected":false},"excerpt":{"rendered":"<p>Bomba Almotolia Manual para \u00d3leo Lubrificante Lapek LPK-111RB Bico R\u00edgido Capacidade 200ml\u00a0&#8211; Em A\u00e7o, com Bico R\u00edgido, para \u00d3leo Lubrificante.\u00a0 DESCRI\u00c7\u00c3O: Em A\u00e7o Capacidade: 200 ml Peso: 210\u00a0gr Medidas (mm): 120 (A) x 230 (L)<\/p>\n","protected":false},"featured_media":15885,"comment_status":"open","ping_status":"closed","template":"","meta":{"_exactmetrics_skip_tracking":false,"_exactmetrics_sitenote_active":false,"_exactmetrics_sitenote_note":"","_exactmetrics_sitenote_category":0},"product_brand":[],"product_cat":[133],"product_tag":[],"class_list":{"0":"post-15884","1":"product","2":"type-product","3":"status-publish","4":"has-post-thumbnail","6":"product_cat-lapek-oleo","8":"first","9":"instock","10":"shipping-taxable","11":"product-type-simple"},"_links":{"self":[{"href":"https:\/\/totallubri.com.br\/index.php?rest_route=\/wp\/v2\/product\/15884","targetHints":{"allow":["GET"]}}],"collection":[{"href":"https:\/\/totallubri.com.br\/index.php?rest_route=\/wp\/v2\/product"}],"about":[{"href":"https:\/\/totallubri.com.br\/index.php?rest_route=\/wp\/v2\/types\/product"}],"replies":[{"embeddable":true,"href":"https:\/\/totallubri.com.br\/index.php?rest_route=%2Fwp%2Fv2%2Fcomments&post=15884"}],"wp:featuredmedia":[{"embeddable":true,"href":"https:\/\/totallubri.com.br\/index.php?rest_route=\/wp\/v2\/media\/15885"}],"wp:attachment":[{"href":"https:\/\/totallubri.com.br\/index.php?rest_route=%2Fwp%2Fv2%2Fmedia&parent=15884"}],"wp:term":[{"taxonomy":"product_brand","embeddable":true,"href":"https:\/\/totallubri.com.br\/index.php?rest_route=%2Fwp%2Fv2%2Fproduct_brand&post=15884"},{"taxonomy":"product_cat","embeddable":true,"href":"https:\/\/totallubri.com.br\/index.php?rest_route=%2Fwp%2Fv2%2Fproduct_cat&post=15884"},{"taxonomy":"product_tag","embeddable":true,"href":"https:\/\/totallubri.com.br\/index.php?rest_route=%2Fwp%2Fv2%2Fproduct_tag&post=15884"}],"curies":[{"name":"wp","href":"https:\/\/api.w.org\/{rel}","templated":true}]}}