{"id":15886,"date":"2025-07-22T16:56:17","date_gmt":"2025-07-22T19:56:17","guid":{"rendered":"https:\/\/totallubri.com.br\/?post_type=product&#038;p=15886"},"modified":"2025-07-22T16:56:17","modified_gmt":"2025-07-22T19:56:17","slug":"lpk-113rb-bomba-almotolia-manual-bico-rigido-de-500-lts","status":"publish","type":"product","link":"https:\/\/totallubri.com.br\/?product=lpk-113rb-bomba-almotolia-manual-bico-rigido-de-500-lts","title":{"rendered":"LPK-113RB &#8211; Bomba Almotolia Manual Bico R\u00edgido de 500 Lts"},"content":{"rendered":"<p>Bomba Almotolia Manual para \u00d3leo Lubrificante Lapek LPK-113RB Bico R\u00edgido Capacidade 500ml &#8211; Em A\u00e7o, com Bico R\u00edgido, para \u00d3leo Lubrificante.<\/p>\n<div class=\"cont_produto\"><strong>DESCRI\u00c7\u00c3O:<\/strong><\/div>\n<div class=\"cont_produto\">\n<div class=\"cont_produto\">\n<ul class=\"ul-content\">\n<li>Em A\u00e7o<\/li>\n<li>Capacidade: 500 ml<\/li>\n<li>Peso: 310\u00a0gr<\/li>\n<li>Medidas (mm): 190 (A) x 250 (L)<\/li>\n<\/ul>\n<p>&nbsp;<\/p>\n<\/div>\n<\/div>\n","protected":false},"excerpt":{"rendered":"<p>Bomba Almotolia Manual para \u00d3leo Lubrificante Lapek LPK-113RB Bico R\u00edgido Capacidade 500ml &#8211; Em A\u00e7o, com Bico R\u00edgido, para \u00d3leo Lubrificante. DESCRI\u00c7\u00c3O: Em A\u00e7o Capacidade: 500 ml Peso: 310\u00a0gr Medidas (mm): 190 (A) x 250 (L) &nbsp;<\/p>\n","protected":false},"featured_media":0,"comment_status":"open","ping_status":"closed","template":"","meta":{"_exactmetrics_skip_tracking":false,"_exactmetrics_sitenote_active":false,"_exactmetrics_sitenote_note":"","_exactmetrics_sitenote_category":0},"product_brand":[],"product_cat":[133],"product_tag":[],"class_list":{"0":"post-15886","1":"product","2":"type-product","3":"status-publish","5":"product_cat-lapek-oleo","7":"first","8":"instock","9":"shipping-taxable","10":"product-type-simple"},"_links":{"self":[{"href":"https:\/\/totallubri.com.br\/index.php?rest_route=\/wp\/v2\/product\/15886","targetHints":{"allow":["GET"]}}],"collection":[{"href":"https:\/\/totallubri.com.br\/index.php?rest_route=\/wp\/v2\/product"}],"about":[{"href":"https:\/\/totallubri.com.br\/index.php?rest_route=\/wp\/v2\/types\/product"}],"replies":[{"embeddable":true,"href":"https:\/\/totallubri.com.br\/index.php?rest_route=%2Fwp%2Fv2%2Fcomments&post=15886"}],"wp:attachment":[{"href":"https:\/\/totallubri.com.br\/index.php?rest_route=%2Fwp%2Fv2%2Fmedia&parent=15886"}],"wp:term":[{"taxonomy":"product_brand","embeddable":true,"href":"https:\/\/totallubri.com.br\/index.php?rest_route=%2Fwp%2Fv2%2Fproduct_brand&post=15886"},{"taxonomy":"product_cat","embeddable":true,"href":"https:\/\/totallubri.com.br\/index.php?rest_route=%2Fwp%2Fv2%2Fproduct_cat&post=15886"},{"taxonomy":"product_tag","embeddable":true,"href":"https:\/\/totallubri.com.br\/index.php?rest_route=%2Fwp%2Fv2%2Fproduct_tag&post=15886"}],"curies":[{"name":"wp","href":"https:\/\/api.w.org\/{rel}","templated":true}]}}