{"id":15957,"date":"2025-07-24T10:02:50","date_gmt":"2025-07-24T13:02:50","guid":{"rendered":"https:\/\/totallubri.com.br\/?post_type=product&#038;p=15957"},"modified":"2025-07-24T10:03:38","modified_gmt":"2025-07-24T13:03:38","slug":"lpk-c400-carrinho-para-transporte-de-tambor","status":"publish","type":"product","link":"https:\/\/totallubri.com.br\/?product=lpk-c400-carrinho-para-transporte-de-tambor","title":{"rendered":"LPK-C400 \u2013 Carrinho para Transporte de Tambor"},"content":{"rendered":"<p>Carrinho para Transporte de Tambor Lapek LPK-C400 para Tambor de at\u00e9 400kg &#8211; Carrinho para tambor com gancho ajust\u00e1vel, suporte para pernas de rod\u00edzio, estrutura equipada com 2 garras de base, capacidade 400kg.<\/p>\n<p><strong>\u00a0 \u00a0 \u00a0 \u00a0 DESCRI\u00c7\u00c3O:<\/strong><\/p>\n<ul>\n<li>Rolamento: A\u00e7o e borracha<\/li>\n<li>Roda de apoio:\u00a0\u00d8 200<\/li>\n<li>Roda maci\u00e7a:\u00a0\u00d8 200 x 50 mm<\/li>\n<li>Capacidade: Tambor de at\u00e9 400kg<\/li>\n<li>Altura da m\u00e3o: 1.200mm<\/li>\n<li>Largura: 740mm<\/li>\n<li>Peso: 18kg<\/li>\n<\/ul>\n","protected":false},"excerpt":{"rendered":"<p>Carrinho para Transporte de Tambor Lapek LPK-C400 para Tambor de at\u00e9 400kg &#8211; Carrinho para tambor com gancho ajust\u00e1vel, suporte para pernas de rod\u00edzio, estrutura equipada com 2 garras de base, capacidade 400kg. \u00a0 \u00a0 \u00a0 \u00a0 DESCRI\u00c7\u00c3O: Rolamento: A\u00e7o e borracha Roda de apoio:\u00a0\u00d8 200 Roda maci\u00e7a:\u00a0\u00d8 200 x 50 mm Capacidade: Tambor de [&hellip;]<\/p>\n","protected":false},"featured_media":15958,"comment_status":"open","ping_status":"closed","template":"","meta":{"_exactmetrics_skip_tracking":false,"_exactmetrics_sitenote_active":false,"_exactmetrics_sitenote_note":"","_exactmetrics_sitenote_category":0},"product_brand":[],"product_cat":[133],"product_tag":[],"class_list":{"0":"post-15957","1":"product","2":"type-product","3":"status-publish","4":"has-post-thumbnail","6":"product_cat-lapek-oleo","8":"first","9":"instock","10":"shipping-taxable","11":"product-type-simple"},"_links":{"self":[{"href":"https:\/\/totallubri.com.br\/index.php?rest_route=\/wp\/v2\/product\/15957","targetHints":{"allow":["GET"]}}],"collection":[{"href":"https:\/\/totallubri.com.br\/index.php?rest_route=\/wp\/v2\/product"}],"about":[{"href":"https:\/\/totallubri.com.br\/index.php?rest_route=\/wp\/v2\/types\/product"}],"replies":[{"embeddable":true,"href":"https:\/\/totallubri.com.br\/index.php?rest_route=%2Fwp%2Fv2%2Fcomments&post=15957"}],"wp:featuredmedia":[{"embeddable":true,"href":"https:\/\/totallubri.com.br\/index.php?rest_route=\/wp\/v2\/media\/15958"}],"wp:attachment":[{"href":"https:\/\/totallubri.com.br\/index.php?rest_route=%2Fwp%2Fv2%2Fmedia&parent=15957"}],"wp:term":[{"taxonomy":"product_brand","embeddable":true,"href":"https:\/\/totallubri.com.br\/index.php?rest_route=%2Fwp%2Fv2%2Fproduct_brand&post=15957"},{"taxonomy":"product_cat","embeddable":true,"href":"https:\/\/totallubri.com.br\/index.php?rest_route=%2Fwp%2Fv2%2Fproduct_cat&post=15957"},{"taxonomy":"product_tag","embeddable":true,"href":"https:\/\/totallubri.com.br\/index.php?rest_route=%2Fwp%2Fv2%2Fproduct_tag&post=15957"}],"curies":[{"name":"wp","href":"https:\/\/api.w.org\/{rel}","templated":true}]}}