{"id":15961,"date":"2025-07-24T10:13:05","date_gmt":"2025-07-24T13:13:05","guid":{"rendered":"https:\/\/totallubri.com.br\/?post_type=product&#038;p=15961"},"modified":"2025-07-24T10:13:26","modified_gmt":"2025-07-24T13:13:26","slug":"lpk-9214-carrinho-para-transporte-de-tambor-lapek","status":"publish","type":"product","link":"https:\/\/totallubri.com.br\/?product=lpk-9214-carrinho-para-transporte-de-tambor-lapek","title":{"rendered":"LPK-9214 \u2013 Carrinho para Transporte de Tambor Lapek"},"content":{"rendered":"<p>Carrinho para Transporte de Tambor Lapek LPK-9214 &#8211; Em a\u00e7o, com pintura ep\u00f3xi. Possui rodas maci\u00e7as 2 fixas e 1 girat\u00f3ria com rolamento em alum\u00ednio. Acompanha corrente com prote\u00e7\u00e3o para segurar o tambor e suporte para enrolar mangueira.<\/p>\n<p><strong>DESCRI\u00c7\u00c3O:<\/strong><\/p>\n<p>\u2022 Rolamento: Alum\u00ednio<br \/>\n\u2022 Trava de seguran\u00e7a<br \/>\n\u2022 Rodas Fixas: 02 maci\u00e7as<br \/>\n\u2022 Rodas Traseiras: 01 Maci\u00e7a girat\u00f3ria<br \/>\n\u2022 Capacidade: Tambor de 200 L ou 190 Kg<br \/>\n\u2022 Peso: 31\u00a0Kg<br \/>\n\u2022 Medidas (mm): 1070\u00a0(A) x 860\u00a0(L) x 1000 (C)<\/p>\n<p>.<strong><em>Observa\u00e7\u00e3o: Tambor N\u00e3o Acompanha o Produto.<\/em><\/strong><\/p>\n","protected":false},"excerpt":{"rendered":"<p>Carrinho para Transporte de Tambor Lapek LPK-9214 &#8211; Em a\u00e7o, com pintura ep\u00f3xi. Possui rodas maci\u00e7as 2 fixas e 1 girat\u00f3ria com rolamento em alum\u00ednio. Acompanha corrente com prote\u00e7\u00e3o para segurar o tambor e suporte para enrolar mangueira. DESCRI\u00c7\u00c3O: \u2022 Rolamento: Alum\u00ednio \u2022 Trava de seguran\u00e7a \u2022 Rodas Fixas: 02 maci\u00e7as \u2022 Rodas Traseiras: 01 [&hellip;]<\/p>\n","protected":false},"featured_media":15962,"comment_status":"open","ping_status":"closed","template":"","meta":{"_exactmetrics_skip_tracking":false,"_exactmetrics_sitenote_active":false,"_exactmetrics_sitenote_note":"","_exactmetrics_sitenote_category":0},"product_brand":[],"product_cat":[133],"product_tag":[],"class_list":{"0":"post-15961","1":"product","2":"type-product","3":"status-publish","4":"has-post-thumbnail","6":"product_cat-lapek-oleo","8":"first","9":"instock","10":"shipping-taxable","11":"product-type-simple"},"_links":{"self":[{"href":"https:\/\/totallubri.com.br\/index.php?rest_route=\/wp\/v2\/product\/15961","targetHints":{"allow":["GET"]}}],"collection":[{"href":"https:\/\/totallubri.com.br\/index.php?rest_route=\/wp\/v2\/product"}],"about":[{"href":"https:\/\/totallubri.com.br\/index.php?rest_route=\/wp\/v2\/types\/product"}],"replies":[{"embeddable":true,"href":"https:\/\/totallubri.com.br\/index.php?rest_route=%2Fwp%2Fv2%2Fcomments&post=15961"}],"wp:featuredmedia":[{"embeddable":true,"href":"https:\/\/totallubri.com.br\/index.php?rest_route=\/wp\/v2\/media\/15962"}],"wp:attachment":[{"href":"https:\/\/totallubri.com.br\/index.php?rest_route=%2Fwp%2Fv2%2Fmedia&parent=15961"}],"wp:term":[{"taxonomy":"product_brand","embeddable":true,"href":"https:\/\/totallubri.com.br\/index.php?rest_route=%2Fwp%2Fv2%2Fproduct_brand&post=15961"},{"taxonomy":"product_cat","embeddable":true,"href":"https:\/\/totallubri.com.br\/index.php?rest_route=%2Fwp%2Fv2%2Fproduct_cat&post=15961"},{"taxonomy":"product_tag","embeddable":true,"href":"https:\/\/totallubri.com.br\/index.php?rest_route=%2Fwp%2Fv2%2Fproduct_tag&post=15961"}],"curies":[{"name":"wp","href":"https:\/\/api.w.org\/{rel}","templated":true}]}}