{"id":15963,"date":"2025-07-24T10:17:47","date_gmt":"2025-07-24T13:17:47","guid":{"rendered":"https:\/\/totallubri.com.br\/?post_type=product&#038;p=15963"},"modified":"2025-07-24T10:18:02","modified_gmt":"2025-07-24T13:18:02","slug":"lpk-3053-carrinho-para-transporte-de-tambor-lapek","status":"publish","type":"product","link":"https:\/\/totallubri.com.br\/?product=lpk-3053-carrinho-para-transporte-de-tambor-lapek","title":{"rendered":"LPK-3053 \u2013 Carrinho para Transporte de Tambor Lapek"},"content":{"rendered":"<p>Carrinho para Tambor 200LT Laepk LPK-3053 5 em 1 Utilidades &#8211; Transporta facilmente tambores de a\u00e7o em perfil baixo, pl\u00e1stico ou fibra com 124 ou 200 litros de capacidade, projetado para o transporte com seguran\u00e7a. Barra remov\u00edvel para inclinar o tambor, posicionando-o no carro, incorporando uma chave para abrir tambor.<\/p>\n<p><strong>DESCRI\u00c7\u00c3O:<\/strong><\/p>\n<p>\u2022 Para Reservat\u00f3rio: 200 LT<br \/>\n\u2022 Utilidades: 5 possibilidades de uso<br \/>\n\u2022 Roda Traseira: 01 maci\u00e7a girat\u00f3ria<br \/>\n\u2022 Peso: 17 Kg<br \/>\n\u2022 Medidas (mm): 950 (A) x 570 (L) x 750 (C)<\/p>\n","protected":false},"excerpt":{"rendered":"<p>Carrinho para Tambor 200LT Laepk LPK-3053 5 em 1 Utilidades &#8211; Transporta facilmente tambores de a\u00e7o em perfil baixo, pl\u00e1stico ou fibra com 124 ou 200 litros de capacidade, projetado para o transporte com seguran\u00e7a. Barra remov\u00edvel para inclinar o tambor, posicionando-o no carro, incorporando uma chave para abrir tambor. DESCRI\u00c7\u00c3O: \u2022 Para Reservat\u00f3rio: 200 [&hellip;]<\/p>\n","protected":false},"featured_media":15964,"comment_status":"open","ping_status":"closed","template":"","meta":{"_exactmetrics_skip_tracking":false,"_exactmetrics_sitenote_active":false,"_exactmetrics_sitenote_note":"","_exactmetrics_sitenote_category":0},"product_brand":[],"product_cat":[133],"product_tag":[],"class_list":{"0":"post-15963","1":"product","2":"type-product","3":"status-publish","4":"has-post-thumbnail","6":"product_cat-lapek-oleo","8":"first","9":"instock","10":"shipping-taxable","11":"product-type-simple"},"_links":{"self":[{"href":"https:\/\/totallubri.com.br\/index.php?rest_route=\/wp\/v2\/product\/15963","targetHints":{"allow":["GET"]}}],"collection":[{"href":"https:\/\/totallubri.com.br\/index.php?rest_route=\/wp\/v2\/product"}],"about":[{"href":"https:\/\/totallubri.com.br\/index.php?rest_route=\/wp\/v2\/types\/product"}],"replies":[{"embeddable":true,"href":"https:\/\/totallubri.com.br\/index.php?rest_route=%2Fwp%2Fv2%2Fcomments&post=15963"}],"wp:featuredmedia":[{"embeddable":true,"href":"https:\/\/totallubri.com.br\/index.php?rest_route=\/wp\/v2\/media\/15964"}],"wp:attachment":[{"href":"https:\/\/totallubri.com.br\/index.php?rest_route=%2Fwp%2Fv2%2Fmedia&parent=15963"}],"wp:term":[{"taxonomy":"product_brand","embeddable":true,"href":"https:\/\/totallubri.com.br\/index.php?rest_route=%2Fwp%2Fv2%2Fproduct_brand&post=15963"},{"taxonomy":"product_cat","embeddable":true,"href":"https:\/\/totallubri.com.br\/index.php?rest_route=%2Fwp%2Fv2%2Fproduct_cat&post=15963"},{"taxonomy":"product_tag","embeddable":true,"href":"https:\/\/totallubri.com.br\/index.php?rest_route=%2Fwp%2Fv2%2Fproduct_tag&post=15963"}],"curies":[{"name":"wp","href":"https:\/\/api.w.org\/{rel}","templated":true}]}}