{"id":16007,"date":"2025-07-29T17:25:00","date_gmt":"2025-07-29T20:25:00","guid":{"rendered":"https:\/\/totallubri.com.br\/?post_type=product&#038;p=16007"},"modified":"2025-07-29T17:25:18","modified_gmt":"2025-07-29T20:25:18","slug":"lpk-medidor-mecanico-c-3-digitos-de-120-l-min","status":"publish","type":"product","link":"https:\/\/totallubri.com.br\/?product=lpk-medidor-mecanico-c-3-digitos-de-120-l-min","title":{"rendered":"LPK-Medidor Mec\u00e2nico c\/3 D\u00edgitos de 120 L\/Min."},"content":{"rendered":"<p>Medidor Mec\u00e2nico para Diesel Lapek LPK-MD63D 3 D\u00edgitos 120L\/min.\u00a0Em Alum\u00ednio, com registrador mec\u00e2nico possui 3 d\u00edgitos retorn\u00e1veis a zero e totalizador com 6 d\u00edgitos n\u00e3o retorn\u00e1vel. Indicado para \u00f3leo diesel pode ser usado gravidade ou em linha.\u00a0<em><strong>\u00danico medidor do mercado que cont\u00e9m uma segunda entrada opcional para o usu\u00e1rio escolher qual lado atende melhor a forma de zerar o medidor<\/strong><\/em>.<\/p>\n<p>*Venda para todo Territ\u00f3rio Nacional<\/p>\n<p><strong>\u00a0 \u00a0 \u00a0 \u00a0 \u00a0 DESCRI\u00c7\u00c3O:<\/strong><\/p>\n<ul>\n<li><strong>Cont\u00e9m duas entradas para escolher onde conectar o man\u00edpulo de reset<\/strong><\/li>\n<li>Sistema de medida: Disco oscilante<\/li>\n<li>Grau de Prote\u00e7\u00e3o: IP55<\/li>\n<li>Vaz\u00e3o Livre: 10 a 120 L\/Min<\/li>\n<li>Press\u00e3o M\u00e1xima de Trabalho: 50 PSI<\/li>\n<li>Entrada e Sa\u00edda: \u00d8 1&#8243; BSP<\/li>\n<li>Press\u00e3o de Ruptura: 435 PSI<\/li>\n<li>D\u00edgitos:03 Parciais (m\u00e1x 999) \/ 06 Totais (m\u00e1x 999999)<\/li>\n<li>Umidade de Armazenamento: 95% RU<\/li>\n<li>Temperatura m\u00e1xima de utiliza\u00e7\u00e3o: -20 a 60\u00b0C<\/li>\n<li>Precis\u00e3o: +\/- 1<\/li>\n<li>Repetibilidade: +\/- 0,2 %<\/li>\n<li>Resolu\u00e7\u00e3o: 0,1 litros<\/li>\n<li>Peso: 2,2 Kg<\/li>\n<li>Medidas (mm): 196 (L)\u00a0x 157 (A)\u00a0x 134 (P)<\/li>\n<\/ul>\n<p>* Garantia de 2 Anos de F\u00e1brica.<\/p>\n<p><strong>\u00a0 FLUIDOS PERMITIDOS:<\/strong>\u00a0<strong>Diesel,\u00a0\u00d3leos com viscosidade a 200 Cst<\/strong><\/p>\n<p><strong>FLUIDOS N\u00c3O PERMITIDOS:<\/strong>\u00a0<strong>\u00c1lcool, Gasolina, \u00c1gua, e<\/strong><\/p>\n","protected":false},"excerpt":{"rendered":"<p>Medidor Mec\u00e2nico para Diesel Lapek LPK-MD63D 3 D\u00edgitos 120L\/min.\u00a0Em Alum\u00ednio, com registrador mec\u00e2nico possui 3 d\u00edgitos retorn\u00e1veis a zero e totalizador com 6 d\u00edgitos n\u00e3o retorn\u00e1vel. Indicado para \u00f3leo diesel pode ser usado gravidade ou em linha.\u00a0\u00danico medidor do mercado que cont\u00e9m uma segunda entrada opcional para o usu\u00e1rio escolher qual lado atende melhor a [&hellip;]<\/p>\n","protected":false},"featured_media":16008,"comment_status":"open","ping_status":"closed","template":"","meta":{"_exactmetrics_skip_tracking":false,"_exactmetrics_sitenote_active":false,"_exactmetrics_sitenote_note":"","_exactmetrics_sitenote_category":0},"product_brand":[],"product_cat":[134],"product_tag":[],"class_list":{"0":"post-16007","1":"product","2":"type-product","3":"status-publish","4":"has-post-thumbnail","6":"product_cat-lapek-combustiveis","8":"first","9":"instock","10":"shipping-taxable","11":"product-type-simple"},"_links":{"self":[{"href":"https:\/\/totallubri.com.br\/index.php?rest_route=\/wp\/v2\/product\/16007","targetHints":{"allow":["GET"]}}],"collection":[{"href":"https:\/\/totallubri.com.br\/index.php?rest_route=\/wp\/v2\/product"}],"about":[{"href":"https:\/\/totallubri.com.br\/index.php?rest_route=\/wp\/v2\/types\/product"}],"replies":[{"embeddable":true,"href":"https:\/\/totallubri.com.br\/index.php?rest_route=%2Fwp%2Fv2%2Fcomments&post=16007"}],"wp:featuredmedia":[{"embeddable":true,"href":"https:\/\/totallubri.com.br\/index.php?rest_route=\/wp\/v2\/media\/16008"}],"wp:attachment":[{"href":"https:\/\/totallubri.com.br\/index.php?rest_route=%2Fwp%2Fv2%2Fmedia&parent=16007"}],"wp:term":[{"taxonomy":"product_brand","embeddable":true,"href":"https:\/\/totallubri.com.br\/index.php?rest_route=%2Fwp%2Fv2%2Fproduct_brand&post=16007"},{"taxonomy":"product_cat","embeddable":true,"href":"https:\/\/totallubri.com.br\/index.php?rest_route=%2Fwp%2Fv2%2Fproduct_cat&post=16007"},{"taxonomy":"product_tag","embeddable":true,"href":"https:\/\/totallubri.com.br\/index.php?rest_route=%2Fwp%2Fv2%2Fproduct_tag&post=16007"}],"curies":[{"name":"wp","href":"https:\/\/api.w.org\/{rel}","templated":true}]}}