{"id":16031,"date":"2025-09-16T16:18:20","date_gmt":"2025-09-16T19:18:20","guid":{"rendered":"https:\/\/totallubri.com.br\/?post_type=product&#038;p=16031"},"modified":"2025-09-16T17:31:14","modified_gmt":"2025-09-16T20:31:14","slug":"9300-bp800-bacia-de-contencao","status":"publish","type":"product","link":"https:\/\/totallubri.com.br\/?product=9300-bp800-bacia-de-contencao","title":{"rendered":"9300-BP800 \u2013 Bacia de conten\u00e7\u00e3o"},"content":{"rendered":"<p>Apresentamos a\u00a0<b>9300-BP800 &#8211; Bacia de conten\u00e7\u00e3o<\/b>, a solu\u00e7\u00e3o ideal para garantir a seguran\u00e7a e a prote\u00e7\u00e3o no armazenamento de l\u00edquidos potencialmente perigosos. Fabricada em\u00a0<i>polietileno de alta qualidade<\/i>, esta bacia possui uma\u00a0<b>dupla parede de prote\u00e7\u00e3o<\/b>, proporcionando uma conten\u00e7\u00e3o eficaz contra vazamentos e derramamentos indesejados.<\/p>\n<p>Com dimens\u00f5es generosas de\u00a0<b>(A) 470 mm x (L) 1400 mm x (C) 1400 mm<\/b>\u00a0e um peso de\u00a0<b>45 Kg<\/b>, a bacia \u00e9 robusta e f\u00e1cil de manusear, ideal para diversas aplica\u00e7\u00f5es industriais e comerciais. Al\u00e9m disso, atende rigorosamente \u00e0\u00a0<b>norma EPA 40 CFR 264 175<\/b>, assegurando que voc\u00ea esteja em conformidade com as legisla\u00e7\u00f5es ambientais mais exigentes.<\/p>\n<ul>\n<li><b>Material Dur\u00e1vel:<\/b>\u00a0Fabricada em polietileno resistente, garantindo longa vida \u00fatil.<\/li>\n<li><b>Seguran\u00e7a Aumentada:<\/b>\u00a0A dupla parede oferece prote\u00e7\u00e3o adicional contra vazamentos.<\/li>\n<li><b>Conformidade Garantida:<\/b>\u00a0Atende normas de seguran\u00e7a e ambientais reconhecidas.<br \/>\n<table class=\"alternate\">\n<tbody>\n<tr>\n<td>Capacidade<\/td>\n<td>4 tambores \/ 200L<\/td>\n<\/tr>\n<tr>\n<td>Capacidade Conten\u00e7\u00e3o<\/td>\n<td>600 L<\/td>\n<\/tr>\n<\/tbody>\n<\/table>\n<\/li>\n<\/ul>\n","protected":false},"excerpt":{"rendered":"<p>Apresentamos a\u00a09300-BP800 &#8211; Bacia de conten\u00e7\u00e3o, a solu\u00e7\u00e3o ideal para garantir a seguran\u00e7a e a prote\u00e7\u00e3o no armazenamento de l\u00edquidos potencialmente perigosos. Fabricada em\u00a0polietileno de alta qualidade, esta bacia possui uma\u00a0dupla parede de prote\u00e7\u00e3o, proporcionando uma conten\u00e7\u00e3o eficaz contra vazamentos e derramamentos indesejados. Com dimens\u00f5es generosas de\u00a0(A) 470 mm x (L) 1400 mm x (C) [&hellip;]<\/p>\n","protected":false},"featured_media":16032,"comment_status":"open","ping_status":"closed","template":"","meta":{"_exactmetrics_skip_tracking":false,"_exactmetrics_sitenote_active":false,"_exactmetrics_sitenote_note":"","_exactmetrics_sitenote_category":0},"product_brand":[],"product_cat":[63],"product_tag":[],"class_list":{"0":"post-16031","1":"product","2":"type-product","3":"status-publish","4":"has-post-thumbnail","6":"product_cat-meio-ambiente","8":"first","9":"instock","10":"shipping-taxable","11":"product-type-simple"},"_links":{"self":[{"href":"https:\/\/totallubri.com.br\/index.php?rest_route=\/wp\/v2\/product\/16031","targetHints":{"allow":["GET"]}}],"collection":[{"href":"https:\/\/totallubri.com.br\/index.php?rest_route=\/wp\/v2\/product"}],"about":[{"href":"https:\/\/totallubri.com.br\/index.php?rest_route=\/wp\/v2\/types\/product"}],"replies":[{"embeddable":true,"href":"https:\/\/totallubri.com.br\/index.php?rest_route=%2Fwp%2Fv2%2Fcomments&post=16031"}],"wp:featuredmedia":[{"embeddable":true,"href":"https:\/\/totallubri.com.br\/index.php?rest_route=\/wp\/v2\/media\/16032"}],"wp:attachment":[{"href":"https:\/\/totallubri.com.br\/index.php?rest_route=%2Fwp%2Fv2%2Fmedia&parent=16031"}],"wp:term":[{"taxonomy":"product_brand","embeddable":true,"href":"https:\/\/totallubri.com.br\/index.php?rest_route=%2Fwp%2Fv2%2Fproduct_brand&post=16031"},{"taxonomy":"product_cat","embeddable":true,"href":"https:\/\/totallubri.com.br\/index.php?rest_route=%2Fwp%2Fv2%2Fproduct_cat&post=16031"},{"taxonomy":"product_tag","embeddable":true,"href":"https:\/\/totallubri.com.br\/index.php?rest_route=%2Fwp%2Fv2%2Fproduct_tag&post=16031"}],"curies":[{"name":"wp","href":"https:\/\/api.w.org\/{rel}","templated":true}]}}