{"id":2100,"date":"2016-12-14T09:42:14","date_gmt":"2016-12-14T11:42:14","guid":{"rendered":"http:\/\/totallubri.com.br\/wp\/?post_type=product&#038;p=2100"},"modified":"2025-01-17T15:27:59","modified_gmt":"2025-01-17T18:27:59","slug":"abracadeira-para-manguerias-2052-lupus","status":"publish","type":"product","link":"https:\/\/totallubri.com.br\/?product=abracadeira-para-manguerias-2052-lupus","title":{"rendered":"Abra\u00e7adeira &#8211; para manguerias &#8211; 2052 &#8211; Lupus"},"content":{"rendered":"<p>Recomendadas para fixa\u00e7\u00e3o das mangueiras e evitam com que as mangueiras soltem-se da conex\u00e3o, prevenindo acidentes<\/p>\n<p>Descri\u00e7\u00e3o:Abra\u00e7adeira<br \/>\nEm alum\u00ednio, para trabalho com mangueiras de m\u00e9dia press\u00e3o.<\/p>\n<p>Rosca 3\/4&#8242;<br \/>\nEmbalagem 10 unidades<\/p>\n<p>Peso 10 g<br \/>\nMedidas (A) 50 mm x (L) 40 mm<\/p>\n","protected":false},"excerpt":{"rendered":"<p>Recomendadas para fixa\u00e7\u00e3o das mangueiras e evitam com que as mangueiras soltem-se da conex\u00e3o, prevenindo acidentes Descri\u00e7\u00e3o:Abra\u00e7adeira Em alum\u00ednio, para trabalho com mangueiras de m\u00e9dia press\u00e3o. Rosca 3\/4&#8242; Embalagem 10 unidades Peso 10 g Medidas (A) 50 mm x (L) 40 mm<\/p>\n","protected":false},"featured_media":2101,"comment_status":"open","ping_status":"closed","template":"","meta":{"_exactmetrics_skip_tracking":false,"_exactmetrics_sitenote_active":false,"_exactmetrics_sitenote_note":"","_exactmetrics_sitenote_category":0},"product_brand":[],"product_cat":[97],"product_tag":[],"class_list":{"0":"post-2100","1":"product","2":"type-product","3":"status-publish","4":"has-post-thumbnail","6":"product_cat-mangueiras-terminais-e-acessorios-para-mangueiras","8":"first","9":"instock","10":"shipping-taxable","11":"product-type-simple"},"_links":{"self":[{"href":"https:\/\/totallubri.com.br\/index.php?rest_route=\/wp\/v2\/product\/2100","targetHints":{"allow":["GET"]}}],"collection":[{"href":"https:\/\/totallubri.com.br\/index.php?rest_route=\/wp\/v2\/product"}],"about":[{"href":"https:\/\/totallubri.com.br\/index.php?rest_route=\/wp\/v2\/types\/product"}],"replies":[{"embeddable":true,"href":"https:\/\/totallubri.com.br\/index.php?rest_route=%2Fwp%2Fv2%2Fcomments&post=2100"}],"wp:featuredmedia":[{"embeddable":true,"href":"https:\/\/totallubri.com.br\/index.php?rest_route=\/wp\/v2\/media\/2101"}],"wp:attachment":[{"href":"https:\/\/totallubri.com.br\/index.php?rest_route=%2Fwp%2Fv2%2Fmedia&parent=2100"}],"wp:term":[{"taxonomy":"product_brand","embeddable":true,"href":"https:\/\/totallubri.com.br\/index.php?rest_route=%2Fwp%2Fv2%2Fproduct_brand&post=2100"},{"taxonomy":"product_cat","embeddable":true,"href":"https:\/\/totallubri.com.br\/index.php?rest_route=%2Fwp%2Fv2%2Fproduct_cat&post=2100"},{"taxonomy":"product_tag","embeddable":true,"href":"https:\/\/totallubri.com.br\/index.php?rest_route=%2Fwp%2Fv2%2Fproduct_tag&post=2100"}],"curies":[{"name":"wp","href":"https:\/\/api.w.org\/{rel}","templated":true}]}}