{"id":2116,"date":"2016-12-14T09:53:12","date_gmt":"2016-12-14T11:53:12","guid":{"rendered":"http:\/\/totallubri.com.br\/wp\/?post_type=product&#038;p=2116"},"modified":"2025-01-21T14:36:55","modified_gmt":"2025-01-21T17:36:55","slug":"bico-prendedor-para-encher-pneus-2014-lupus","status":"publish","type":"product","link":"https:\/\/totallubri.com.br\/?product=bico-prendedor-para-encher-pneus-2014-lupus","title":{"rendered":"Bico Prendedor para Encher Pneus \u2013 2014 \u2013 Lupus"},"content":{"rendered":"<p>Produto utilizado em borracharias, postos de combust\u00edvel e outros ramos que utilizam ar comprimido.<\/p>\n<p>C\u00f3d.: 2014<br \/>\nProduto: Bico Prendedor Para Encher Pneus<br \/>\nDescri\u00e7\u00e3o:<br \/>\nEm lat\u00e3o, para encher pneus, espig\u00e3o adapt\u00e1vel em mangueiras 5\/16&#8243;<\/p>\n<p>Embalagem 10 unidades<\/p>\n<p>Peso 70 g<br \/>\nMedidas (A) 35 mm x (L) 48 mm<\/p>\n","protected":false},"excerpt":{"rendered":"<p>Produto utilizado em borracharias, postos de combust\u00edvel e outros ramos que utilizam ar comprimido. C\u00f3d.: 2014 Produto: Bico Prendedor Para Encher Pneus Descri\u00e7\u00e3o: Em lat\u00e3o, para encher pneus, espig\u00e3o adapt\u00e1vel em mangueiras 5\/16&#8243; Embalagem 10 unidades Peso 70 g Medidas (A) 35 mm x (L) 48 mm<\/p>\n","protected":false},"featured_media":2119,"comment_status":"open","ping_status":"closed","template":"","meta":{"_exactmetrics_skip_tracking":false,"_exactmetrics_sitenote_active":false,"_exactmetrics_sitenote_note":"","_exactmetrics_sitenote_category":0},"product_brand":[],"product_cat":[131],"product_tag":[],"class_list":{"0":"post-2116","1":"product","2":"type-product","3":"status-publish","4":"has-post-thumbnail","6":"product_cat-equipamentos-e-acessorios-para-pneumaticos","8":"first","9":"instock","10":"shipping-taxable","11":"product-type-simple"},"_links":{"self":[{"href":"https:\/\/totallubri.com.br\/index.php?rest_route=\/wp\/v2\/product\/2116","targetHints":{"allow":["GET"]}}],"collection":[{"href":"https:\/\/totallubri.com.br\/index.php?rest_route=\/wp\/v2\/product"}],"about":[{"href":"https:\/\/totallubri.com.br\/index.php?rest_route=\/wp\/v2\/types\/product"}],"replies":[{"embeddable":true,"href":"https:\/\/totallubri.com.br\/index.php?rest_route=%2Fwp%2Fv2%2Fcomments&post=2116"}],"wp:featuredmedia":[{"embeddable":true,"href":"https:\/\/totallubri.com.br\/index.php?rest_route=\/wp\/v2\/media\/2119"}],"wp:attachment":[{"href":"https:\/\/totallubri.com.br\/index.php?rest_route=%2Fwp%2Fv2%2Fmedia&parent=2116"}],"wp:term":[{"taxonomy":"product_brand","embeddable":true,"href":"https:\/\/totallubri.com.br\/index.php?rest_route=%2Fwp%2Fv2%2Fproduct_brand&post=2116"},{"taxonomy":"product_cat","embeddable":true,"href":"https:\/\/totallubri.com.br\/index.php?rest_route=%2Fwp%2Fv2%2Fproduct_cat&post=2116"},{"taxonomy":"product_tag","embeddable":true,"href":"https:\/\/totallubri.com.br\/index.php?rest_route=%2Fwp%2Fv2%2Fproduct_tag&post=2116"}],"curies":[{"name":"wp","href":"https:\/\/api.w.org\/{rel}","templated":true}]}}