{"id":2124,"date":"2016-12-14T09:55:46","date_gmt":"2016-12-14T11:55:46","guid":{"rendered":"http:\/\/totallubri.com.br\/wp\/?post_type=product&#038;p=2124"},"modified":"2025-01-27T11:52:26","modified_gmt":"2025-01-27T14:52:26","slug":"bomba-para-encher-pneus-0152-lupus","status":"publish","type":"product","link":"https:\/\/totallubri.com.br\/?product=bomba-para-encher-pneus-0152-lupus","title":{"rendered":"Bomba para Encher Pneus \u2013 0152 Lupus"},"content":{"rendered":"<p>Produto essencial para controlar e manter as press\u00f5es especificadas para os pneus, gera seguran\u00e7a.<\/p>\n<p>Descri\u00e7\u00e3o:Bomba para Encher Pneus com Balao<br \/>\nEm fibra de carbono, com bico simples, bal\u00e3o e mangueira.<\/p>\n<p>Peso 670 g\u00a0 &#8211;\u00a0 Medidas (A) 625 mm x (L) 94 mm<\/p>\n<p><strong>DEMAIS CODIGOS S\/FOTO DIRETO C\/VENDEDOR<\/strong><\/p>\n<table width=\"645\">\n<tbody>\n<tr>\n<td width=\"114\">0152<\/td>\n<td width=\"531\">Bomba Para Encher Pneus Com Balao<\/td>\n<\/tr>\n<tr>\n<td width=\"114\">0153<\/td>\n<td width=\"531\">Bomba Para Encher Pneus Com Manometro<\/td>\n<\/tr>\n<\/tbody>\n<\/table>\n","protected":false},"excerpt":{"rendered":"<p>Produto essencial para controlar e manter as press\u00f5es especificadas para os pneus, gera seguran\u00e7a. Descri\u00e7\u00e3o:Bomba para Encher Pneus com Balao Em fibra de carbono, com bico simples, bal\u00e3o e mangueira. Peso 670 g\u00a0 &#8211;\u00a0 Medidas (A) 625 mm x (L) 94 mm DEMAIS CODIGOS S\/FOTO DIRETO C\/VENDEDOR 0152 Bomba Para Encher Pneus Com Balao 0153 [&hellip;]<\/p>\n","protected":false},"featured_media":2125,"comment_status":"open","ping_status":"closed","template":"","meta":{"_exactmetrics_skip_tracking":false,"_exactmetrics_sitenote_active":false,"_exactmetrics_sitenote_note":"","_exactmetrics_sitenote_category":0},"product_brand":[],"product_cat":[131],"product_tag":[],"class_list":{"0":"post-2124","1":"product","2":"type-product","3":"status-publish","4":"has-post-thumbnail","6":"product_cat-equipamentos-e-acessorios-para-pneumaticos","8":"first","9":"instock","10":"shipping-taxable","11":"product-type-simple"},"_links":{"self":[{"href":"https:\/\/totallubri.com.br\/index.php?rest_route=\/wp\/v2\/product\/2124","targetHints":{"allow":["GET"]}}],"collection":[{"href":"https:\/\/totallubri.com.br\/index.php?rest_route=\/wp\/v2\/product"}],"about":[{"href":"https:\/\/totallubri.com.br\/index.php?rest_route=\/wp\/v2\/types\/product"}],"replies":[{"embeddable":true,"href":"https:\/\/totallubri.com.br\/index.php?rest_route=%2Fwp%2Fv2%2Fcomments&post=2124"}],"wp:featuredmedia":[{"embeddable":true,"href":"https:\/\/totallubri.com.br\/index.php?rest_route=\/wp\/v2\/media\/2125"}],"wp:attachment":[{"href":"https:\/\/totallubri.com.br\/index.php?rest_route=%2Fwp%2Fv2%2Fmedia&parent=2124"}],"wp:term":[{"taxonomy":"product_brand","embeddable":true,"href":"https:\/\/totallubri.com.br\/index.php?rest_route=%2Fwp%2Fv2%2Fproduct_brand&post=2124"},{"taxonomy":"product_cat","embeddable":true,"href":"https:\/\/totallubri.com.br\/index.php?rest_route=%2Fwp%2Fv2%2Fproduct_cat&post=2124"},{"taxonomy":"product_tag","embeddable":true,"href":"https:\/\/totallubri.com.br\/index.php?rest_route=%2Fwp%2Fv2%2Fproduct_tag&post=2124"}],"curies":[{"name":"wp","href":"https:\/\/api.w.org\/{rel}","templated":true}]}}