{"id":2128,"date":"2016-12-14T09:57:26","date_gmt":"2016-12-14T11:57:26","guid":{"rendered":"http:\/\/totallubri.com.br\/wp\/?post_type=product&#038;p=2128"},"modified":"2025-01-21T14:04:11","modified_gmt":"2025-01-21T17:04:11","slug":"bomba-para-encher-pneus-0154-lupus","status":"publish","type":"product","link":"https:\/\/totallubri.com.br\/?product=bomba-para-encher-pneus-0154-lupus","title":{"rendered":"Bomba para Encher Pneus \u2013 0154 \u2013 Lupus"},"content":{"rendered":"<p>Este produto \u00e9 Indispens\u00e1vel para uma eventual emerg\u00eancia. Pode ser usado para encher pneus de carros, motos, caminh\u00e3o, bicicletas de forma simples<\/p>\n<p>Descri\u00e7\u00e3o:Bomba para Encher Pneus<br \/>\nEm fibra de carbono, com bico simples, bal\u00e3o e mangueira.<\/p>\n<p>Peso 1,9 kg<br \/>\nMedidas (A) 320 mm x (L) 130 mm<\/p>\n","protected":false},"excerpt":{"rendered":"<p>Este produto \u00e9 Indispens\u00e1vel para uma eventual emerg\u00eancia. Pode ser usado para encher pneus de carros, motos, caminh\u00e3o, bicicletas de forma simples Descri\u00e7\u00e3o:Bomba para Encher Pneus Em fibra de carbono, com bico simples, bal\u00e3o e mangueira. Peso 1,9 kg Medidas (A) 320 mm x (L) 130 mm<\/p>\n","protected":false},"featured_media":2131,"comment_status":"open","ping_status":"closed","template":"","meta":{"_exactmetrics_skip_tracking":false,"_exactmetrics_sitenote_active":false,"_exactmetrics_sitenote_note":"","_exactmetrics_sitenote_category":0},"product_brand":[],"product_cat":[131],"product_tag":[],"class_list":{"0":"post-2128","1":"product","2":"type-product","3":"status-publish","4":"has-post-thumbnail","6":"product_cat-equipamentos-e-acessorios-para-pneumaticos","8":"first","9":"instock","10":"shipping-taxable","11":"product-type-simple"},"_links":{"self":[{"href":"https:\/\/totallubri.com.br\/index.php?rest_route=\/wp\/v2\/product\/2128","targetHints":{"allow":["GET"]}}],"collection":[{"href":"https:\/\/totallubri.com.br\/index.php?rest_route=\/wp\/v2\/product"}],"about":[{"href":"https:\/\/totallubri.com.br\/index.php?rest_route=\/wp\/v2\/types\/product"}],"replies":[{"embeddable":true,"href":"https:\/\/totallubri.com.br\/index.php?rest_route=%2Fwp%2Fv2%2Fcomments&post=2128"}],"wp:featuredmedia":[{"embeddable":true,"href":"https:\/\/totallubri.com.br\/index.php?rest_route=\/wp\/v2\/media\/2131"}],"wp:attachment":[{"href":"https:\/\/totallubri.com.br\/index.php?rest_route=%2Fwp%2Fv2%2Fmedia&parent=2128"}],"wp:term":[{"taxonomy":"product_brand","embeddable":true,"href":"https:\/\/totallubri.com.br\/index.php?rest_route=%2Fwp%2Fv2%2Fproduct_brand&post=2128"},{"taxonomy":"product_cat","embeddable":true,"href":"https:\/\/totallubri.com.br\/index.php?rest_route=%2Fwp%2Fv2%2Fproduct_cat&post=2128"},{"taxonomy":"product_tag","embeddable":true,"href":"https:\/\/totallubri.com.br\/index.php?rest_route=%2Fwp%2Fv2%2Fproduct_tag&post=2128"}],"curies":[{"name":"wp","href":"https:\/\/api.w.org\/{rel}","templated":true}]}}