{"id":2142,"date":"2016-12-14T10:02:07","date_gmt":"2016-12-14T12:02:07","guid":{"rendered":"http:\/\/totallubri.com.br\/wp\/?post_type=product&#038;p=2142"},"modified":"2025-01-21T14:29:03","modified_gmt":"2025-01-21T17:29:03","slug":"calibrador-de-ar-eletronico-0158-lupus","status":"publish","type":"product","link":"https:\/\/totallubri.com.br\/?product=calibrador-de-ar-eletronico-0158-lupus","title":{"rendered":"Calibrador de Ar Eletronico \u2013 0158 \u2013 Lupus"},"content":{"rendered":"<p>Excelente Produto ele tem a fun\u00e7\u00e3o de controlar e manter as press\u00f5es especificadas para os pneus, gera seguran\u00e7a, indicado para uso profissional<\/p>\n<p>Descri\u00e7\u00e3o:Calibrador de Ar Eletronico<br \/>\nEm alum\u00ednio, converte unidade de press\u00e3o PSI-BAR, com teclas antidesgaste sens\u00edveis ao toque, teclado vedado contra \u00e1gua e poeira e bico de encher pneus.<\/p>\n<p>Press\u00e3o de entrada de ar<br \/>\n0 a 150 PSI<br \/>\nAlimenta\u00e7\u00e3o 110 V \/ 220 V<br \/>\nPrecis\u00e3o 1 %<br \/>\nMangueira 8 m\/ 1\/4&#8243;<\/p>\n<p>Peso 7 kg<br \/>\nMedidas (A) 393 mm x (L) 260 mm<\/p>\n","protected":false},"excerpt":{"rendered":"<p>Excelente Produto ele tem a fun\u00e7\u00e3o de controlar e manter as press\u00f5es especificadas para os pneus, gera seguran\u00e7a, indicado para uso profissional Descri\u00e7\u00e3o:Calibrador de Ar Eletronico Em alum\u00ednio, converte unidade de press\u00e3o PSI-BAR, com teclas antidesgaste sens\u00edveis ao toque, teclado vedado contra \u00e1gua e poeira e bico de encher pneus. Press\u00e3o de entrada de ar [&hellip;]<\/p>\n","protected":false},"featured_media":2145,"comment_status":"open","ping_status":"closed","template":"","meta":{"_exactmetrics_skip_tracking":false,"_exactmetrics_sitenote_active":false,"_exactmetrics_sitenote_note":"","_exactmetrics_sitenote_category":0},"product_brand":[],"product_cat":[131],"product_tag":[],"class_list":{"0":"post-2142","1":"product","2":"type-product","3":"status-publish","4":"has-post-thumbnail","6":"product_cat-equipamentos-e-acessorios-para-pneumaticos","8":"first","9":"instock","10":"shipping-taxable","11":"product-type-simple"},"_links":{"self":[{"href":"https:\/\/totallubri.com.br\/index.php?rest_route=\/wp\/v2\/product\/2142","targetHints":{"allow":["GET"]}}],"collection":[{"href":"https:\/\/totallubri.com.br\/index.php?rest_route=\/wp\/v2\/product"}],"about":[{"href":"https:\/\/totallubri.com.br\/index.php?rest_route=\/wp\/v2\/types\/product"}],"replies":[{"embeddable":true,"href":"https:\/\/totallubri.com.br\/index.php?rest_route=%2Fwp%2Fv2%2Fcomments&post=2142"}],"wp:featuredmedia":[{"embeddable":true,"href":"https:\/\/totallubri.com.br\/index.php?rest_route=\/wp\/v2\/media\/2145"}],"wp:attachment":[{"href":"https:\/\/totallubri.com.br\/index.php?rest_route=%2Fwp%2Fv2%2Fmedia&parent=2142"}],"wp:term":[{"taxonomy":"product_brand","embeddable":true,"href":"https:\/\/totallubri.com.br\/index.php?rest_route=%2Fwp%2Fv2%2Fproduct_brand&post=2142"},{"taxonomy":"product_cat","embeddable":true,"href":"https:\/\/totallubri.com.br\/index.php?rest_route=%2Fwp%2Fv2%2Fproduct_cat&post=2142"},{"taxonomy":"product_tag","embeddable":true,"href":"https:\/\/totallubri.com.br\/index.php?rest_route=%2Fwp%2Fv2%2Fproduct_tag&post=2142"}],"curies":[{"name":"wp","href":"https:\/\/api.w.org\/{rel}","templated":true}]}}