{"id":2170,"date":"2016-12-14T10:13:23","date_gmt":"2016-12-14T12:13:23","guid":{"rendered":"http:\/\/totallubri.com.br\/wp\/?post_type=product&#038;p=2170"},"modified":"2025-01-21T14:31:00","modified_gmt":"2025-01-21T17:31:00","slug":"calibrador-de-sulcos-de-pneus-0169-lupus","status":"publish","type":"product","link":"https:\/\/totallubri.com.br\/?product=calibrador-de-sulcos-de-pneus-0169-lupus","title":{"rendered":"Calibrador de Sulcos de Pneus \u2013 0169 \u2013 Lupus"},"content":{"rendered":"<p>Produto usado para medir a profundidade dos sulcos das bandas de rodagem de pneus, indispens\u00e1vel ao usu\u00e1rio<\/p>\n<p>Descri\u00e7\u00e3o:Calibrador de Sulcos de Pneus (Caneta Paqu\u00edmetro)<\/p>\n<p>Em alum\u00ednio, mede a profundidade do sulco do pneu, indicando o momento correto da troca (indicador de desgaste).<\/p>\n<p>Peso 11g<br \/>\nMedidas (A) 85 mm x (L) 25 mm<\/p>\n","protected":false},"excerpt":{"rendered":"<p>Produto usado para medir a profundidade dos sulcos das bandas de rodagem de pneus, indispens\u00e1vel ao usu\u00e1rio Descri\u00e7\u00e3o:Calibrador de Sulcos de Pneus (Caneta Paqu\u00edmetro) Em alum\u00ednio, mede a profundidade do sulco do pneu, indicando o momento correto da troca (indicador de desgaste). Peso 11g Medidas (A) 85 mm x (L) 25 mm<\/p>\n","protected":false},"featured_media":2173,"comment_status":"open","ping_status":"closed","template":"","meta":{"_exactmetrics_skip_tracking":false,"_exactmetrics_sitenote_active":false,"_exactmetrics_sitenote_note":"","_exactmetrics_sitenote_category":0},"product_brand":[],"product_cat":[131],"product_tag":[],"class_list":{"0":"post-2170","1":"product","2":"type-product","3":"status-publish","4":"has-post-thumbnail","6":"product_cat-equipamentos-e-acessorios-para-pneumaticos","8":"first","9":"instock","10":"shipping-taxable","11":"product-type-simple"},"_links":{"self":[{"href":"https:\/\/totallubri.com.br\/index.php?rest_route=\/wp\/v2\/product\/2170","targetHints":{"allow":["GET"]}}],"collection":[{"href":"https:\/\/totallubri.com.br\/index.php?rest_route=\/wp\/v2\/product"}],"about":[{"href":"https:\/\/totallubri.com.br\/index.php?rest_route=\/wp\/v2\/types\/product"}],"replies":[{"embeddable":true,"href":"https:\/\/totallubri.com.br\/index.php?rest_route=%2Fwp%2Fv2%2Fcomments&post=2170"}],"wp:featuredmedia":[{"embeddable":true,"href":"https:\/\/totallubri.com.br\/index.php?rest_route=\/wp\/v2\/media\/2173"}],"wp:attachment":[{"href":"https:\/\/totallubri.com.br\/index.php?rest_route=%2Fwp%2Fv2%2Fmedia&parent=2170"}],"wp:term":[{"taxonomy":"product_brand","embeddable":true,"href":"https:\/\/totallubri.com.br\/index.php?rest_route=%2Fwp%2Fv2%2Fproduct_brand&post=2170"},{"taxonomy":"product_cat","embeddable":true,"href":"https:\/\/totallubri.com.br\/index.php?rest_route=%2Fwp%2Fv2%2Fproduct_cat&post=2170"},{"taxonomy":"product_tag","embeddable":true,"href":"https:\/\/totallubri.com.br\/index.php?rest_route=%2Fwp%2Fv2%2Fproduct_tag&post=2170"}],"curies":[{"name":"wp","href":"https:\/\/api.w.org\/{rel}","templated":true}]}}