{"id":2175,"date":"2016-12-14T10:14:27","date_gmt":"2016-12-14T12:14:27","guid":{"rendered":"http:\/\/totallubri.com.br\/wp\/?post_type=product&#038;p=2175"},"modified":"2024-12-21T17:38:52","modified_gmt":"2024-12-21T20:38:52","slug":"elemento-filtrante-monitor-e-de-absorcao-9182-eb-lupus","status":"publish","type":"product","link":"https:\/\/totallubri.com.br\/?product=elemento-filtrante-monitor-e-de-absorcao-9182-eb-lupus","title":{"rendered":"Elemento Filtrante Monitor e de Absor\u00e7\u00e3o &#8211; 9182-EB -Lupus"},"content":{"rendered":"<p>Descri\u00e7\u00e3o:Elemento Filtrante Monitor e de Absor\u00e7\u00e3o<br \/>\nElemento filtrante monitor, em a\u00e7o carbono com revestimento contra corros\u00e3o, veda\u00e7\u00f5es em Buna-N e com meio absorvente especial.<br \/>\nQuando ocorre a satura\u00e7\u00e3o do elemento filtrante o fluxo reduz e o momento correto de substitui\u00e7\u00e3o do elemento filtrante \u00e9 indicado.<br \/>\nTodas especifica\u00e7\u00f5es e testes conforme \u00faltima edi\u00e7\u00e3o da norma API-1583 &#8211; Filtros monitores de Avia\u00e7\u00e3o com elementos filtrantes de absor\u00e7\u00e3o.<\/p>\n<p>Filtragem monitor part\u00edculas\/ absor\u00e7\u00e3o<br \/>\nVaz\u00e3o livre 220 L\/min<br \/>\nPerda de carga inicial (AVgas) 3,5 PSI<br \/>\nPerda de carga inicial (QAV) 5,5 PSI<br \/>\nTemperatura de opera\u00e7\u00e3o -18\u00b0 C a 71\u00b0 C<br \/>\nDire\u00e7\u00e3o do fluxo faces externas para internas<br \/>\nEfluente (particulados s\u00f3lidos) menos que 0,3 mg\/L<br \/>\nEfluente (\u00e1gua) menos que 1 ppm<br \/>\nFiltro compat\u00edvel 9182-B<\/p>\n<p>Medidas (A) 304,8 mm x (L) 152,4 mm<\/p>\n","protected":false},"excerpt":{"rendered":"<p>Descri\u00e7\u00e3o:Elemento Filtrante Monitor e de Absor\u00e7\u00e3o Elemento filtrante monitor, em a\u00e7o carbono com revestimento contra corros\u00e3o, veda\u00e7\u00f5es em Buna-N e com meio absorvente especial. Quando ocorre a satura\u00e7\u00e3o do elemento filtrante o fluxo reduz e o momento correto de substitui\u00e7\u00e3o do elemento filtrante \u00e9 indicado. Todas especifica\u00e7\u00f5es e testes conforme \u00faltima edi\u00e7\u00e3o da norma API-1583 [&hellip;]<\/p>\n","protected":false},"featured_media":2177,"comment_status":"open","ping_status":"closed","template":"","meta":{"_exactmetrics_skip_tracking":false,"_exactmetrics_sitenote_active":false,"_exactmetrics_sitenote_note":"","_exactmetrics_sitenote_category":0},"product_brand":[],"product_cat":[93,50],"product_tag":[],"class_list":{"0":"post-2175","1":"product","2":"type-product","3":"status-publish","4":"has-post-thumbnail","6":"product_cat-filtros-e-elementos-filtrantes","7":"product_cat-aviacao","9":"first","10":"instock","11":"shipping-taxable","12":"product-type-simple"},"_links":{"self":[{"href":"https:\/\/totallubri.com.br\/index.php?rest_route=\/wp\/v2\/product\/2175","targetHints":{"allow":["GET"]}}],"collection":[{"href":"https:\/\/totallubri.com.br\/index.php?rest_route=\/wp\/v2\/product"}],"about":[{"href":"https:\/\/totallubri.com.br\/index.php?rest_route=\/wp\/v2\/types\/product"}],"replies":[{"embeddable":true,"href":"https:\/\/totallubri.com.br\/index.php?rest_route=%2Fwp%2Fv2%2Fcomments&post=2175"}],"wp:featuredmedia":[{"embeddable":true,"href":"https:\/\/totallubri.com.br\/index.php?rest_route=\/wp\/v2\/media\/2177"}],"wp:attachment":[{"href":"https:\/\/totallubri.com.br\/index.php?rest_route=%2Fwp%2Fv2%2Fmedia&parent=2175"}],"wp:term":[{"taxonomy":"product_brand","embeddable":true,"href":"https:\/\/totallubri.com.br\/index.php?rest_route=%2Fwp%2Fv2%2Fproduct_brand&post=2175"},{"taxonomy":"product_cat","embeddable":true,"href":"https:\/\/totallubri.com.br\/index.php?rest_route=%2Fwp%2Fv2%2Fproduct_cat&post=2175"},{"taxonomy":"product_tag","embeddable":true,"href":"https:\/\/totallubri.com.br\/index.php?rest_route=%2Fwp%2Fv2%2Fproduct_tag&post=2175"}],"curies":[{"name":"wp","href":"https:\/\/api.w.org\/{rel}","templated":true}]}}