{"id":2176,"date":"2016-12-14T10:14:49","date_gmt":"2016-12-14T12:14:49","guid":{"rendered":"http:\/\/totallubri.com.br\/wp\/?post_type=product&#038;p=2176"},"modified":"2025-01-21T14:14:50","modified_gmt":"2025-01-21T17:14:50","slug":"calibrador-digital-portatil-0150-lupus","status":"publish","type":"product","link":"https:\/\/totallubri.com.br\/?product=calibrador-digital-portatil-0150-lupus","title":{"rendered":"Calibrador Digital Portatil \u2013 0150 \u2013 Lupus"},"content":{"rendered":"<p>Produto essencial para controlar e manter as press\u00f5es especificadas para os pneus, gera seguran\u00e7a.<\/p>\n<p>Descri\u00e7\u00e3o:Calibrador Digital Portatil<br \/>\nEm alum\u00ednio, com bico simples e visor em LCD, mede a press\u00e3o do pneu em Bar, kPa, kgf e PSI.<\/p>\n<p>Press\u00e3o de entrada de ar 100 PSI<br \/>\nEntrada 1\/4&#8242; NPT\/ macho<\/p>\n<p>Peso 390 g<br \/>\nMedidas (A) 290 mm x (L) 190 mm<\/p>\n","protected":false},"excerpt":{"rendered":"<p>Produto essencial para controlar e manter as press\u00f5es especificadas para os pneus, gera seguran\u00e7a. Descri\u00e7\u00e3o:Calibrador Digital Portatil Em alum\u00ednio, com bico simples e visor em LCD, mede a press\u00e3o do pneu em Bar, kPa, kgf e PSI. Press\u00e3o de entrada de ar 100 PSI Entrada 1\/4&#8242; NPT\/ macho Peso 390 g Medidas (A) 290 mm [&hellip;]<\/p>\n","protected":false},"featured_media":2178,"comment_status":"open","ping_status":"closed","template":"","meta":{"_exactmetrics_skip_tracking":false,"_exactmetrics_sitenote_active":false,"_exactmetrics_sitenote_note":"","_exactmetrics_sitenote_category":0},"product_brand":[],"product_cat":[131],"product_tag":[],"class_list":{"0":"post-2176","1":"product","2":"type-product","3":"status-publish","4":"has-post-thumbnail","6":"product_cat-equipamentos-e-acessorios-para-pneumaticos","8":"first","9":"instock","10":"shipping-taxable","11":"product-type-simple"},"_links":{"self":[{"href":"https:\/\/totallubri.com.br\/index.php?rest_route=\/wp\/v2\/product\/2176","targetHints":{"allow":["GET"]}}],"collection":[{"href":"https:\/\/totallubri.com.br\/index.php?rest_route=\/wp\/v2\/product"}],"about":[{"href":"https:\/\/totallubri.com.br\/index.php?rest_route=\/wp\/v2\/types\/product"}],"replies":[{"embeddable":true,"href":"https:\/\/totallubri.com.br\/index.php?rest_route=%2Fwp%2Fv2%2Fcomments&post=2176"}],"wp:featuredmedia":[{"embeddable":true,"href":"https:\/\/totallubri.com.br\/index.php?rest_route=\/wp\/v2\/media\/2178"}],"wp:attachment":[{"href":"https:\/\/totallubri.com.br\/index.php?rest_route=%2Fwp%2Fv2%2Fmedia&parent=2176"}],"wp:term":[{"taxonomy":"product_brand","embeddable":true,"href":"https:\/\/totallubri.com.br\/index.php?rest_route=%2Fwp%2Fv2%2Fproduct_brand&post=2176"},{"taxonomy":"product_cat","embeddable":true,"href":"https:\/\/totallubri.com.br\/index.php?rest_route=%2Fwp%2Fv2%2Fproduct_cat&post=2176"},{"taxonomy":"product_tag","embeddable":true,"href":"https:\/\/totallubri.com.br\/index.php?rest_route=%2Fwp%2Fv2%2Fproduct_tag&post=2176"}],"curies":[{"name":"wp","href":"https:\/\/api.w.org\/{rel}","templated":true}]}}