{"id":2180,"date":"2016-12-14T10:16:38","date_gmt":"2016-12-14T12:16:38","guid":{"rendered":"http:\/\/totallubri.com.br\/wp\/?post_type=product&#038;p=2180"},"modified":"2025-01-21T14:26:53","modified_gmt":"2025-01-21T17:26:53","slug":"calibrador-digital-portatil-0151-lupus","status":"publish","type":"product","link":"https:\/\/totallubri.com.br\/?product=calibrador-digital-portatil-0151-lupus","title":{"rendered":"Calibrador Digital Portatil \u2013 0151 \u2013 Lupus"},"content":{"rendered":"<p>Produto ideal para controlar e manter as press\u00f5es especificadas para os pneus, gera seguran\u00e7a.<\/p>\n<p>Descri\u00e7\u00e3o:Calibrador Digital Portatil<br \/>\nEm alum\u00ednio, com bico simples e visor em LCD e adaptador para engate r\u00e1pido, mede a press\u00e3o do pneu em Bar, kPa, kg\/cm\u00b3 e PSI.<\/p>\n<p>Press\u00e3o de entrada de ar 180 PSI<br \/>\nEntrada 1\/4&#8242; NPT\/ f\u00eamea<\/p>\n<p>Peso 390 g<br \/>\nMedidas (A) 295 mm x (L) 74 mm<\/p>\n","protected":false},"excerpt":{"rendered":"<p>Produto ideal para controlar e manter as press\u00f5es especificadas para os pneus, gera seguran\u00e7a. Descri\u00e7\u00e3o:Calibrador Digital Portatil Em alum\u00ednio, com bico simples e visor em LCD e adaptador para engate r\u00e1pido, mede a press\u00e3o do pneu em Bar, kPa, kg\/cm\u00b3 e PSI. Press\u00e3o de entrada de ar 180 PSI Entrada 1\/4&#8242; NPT\/ f\u00eamea Peso 390 [&hellip;]<\/p>\n","protected":false},"featured_media":2182,"comment_status":"open","ping_status":"closed","template":"","meta":{"_exactmetrics_skip_tracking":false,"_exactmetrics_sitenote_active":false,"_exactmetrics_sitenote_note":"","_exactmetrics_sitenote_category":0},"product_brand":[],"product_cat":[131],"product_tag":[],"class_list":{"0":"post-2180","1":"product","2":"type-product","3":"status-publish","4":"has-post-thumbnail","6":"product_cat-equipamentos-e-acessorios-para-pneumaticos","8":"first","9":"instock","10":"shipping-taxable","11":"product-type-simple"},"_links":{"self":[{"href":"https:\/\/totallubri.com.br\/index.php?rest_route=\/wp\/v2\/product\/2180","targetHints":{"allow":["GET"]}}],"collection":[{"href":"https:\/\/totallubri.com.br\/index.php?rest_route=\/wp\/v2\/product"}],"about":[{"href":"https:\/\/totallubri.com.br\/index.php?rest_route=\/wp\/v2\/types\/product"}],"replies":[{"embeddable":true,"href":"https:\/\/totallubri.com.br\/index.php?rest_route=%2Fwp%2Fv2%2Fcomments&post=2180"}],"wp:featuredmedia":[{"embeddable":true,"href":"https:\/\/totallubri.com.br\/index.php?rest_route=\/wp\/v2\/media\/2182"}],"wp:attachment":[{"href":"https:\/\/totallubri.com.br\/index.php?rest_route=%2Fwp%2Fv2%2Fmedia&parent=2180"}],"wp:term":[{"taxonomy":"product_brand","embeddable":true,"href":"https:\/\/totallubri.com.br\/index.php?rest_route=%2Fwp%2Fv2%2Fproduct_brand&post=2180"},{"taxonomy":"product_cat","embeddable":true,"href":"https:\/\/totallubri.com.br\/index.php?rest_route=%2Fwp%2Fv2%2Fproduct_cat&post=2180"},{"taxonomy":"product_tag","embeddable":true,"href":"https:\/\/totallubri.com.br\/index.php?rest_route=%2Fwp%2Fv2%2Fproduct_tag&post=2180"}],"curies":[{"name":"wp","href":"https:\/\/api.w.org\/{rel}","templated":true}]}}