{"id":2184,"date":"2016-12-14T10:18:12","date_gmt":"2016-12-14T12:18:12","guid":{"rendered":"http:\/\/totallubri.com.br\/wp\/?post_type=product&#038;p=2184"},"modified":"2025-01-21T13:49:57","modified_gmt":"2025-01-21T16:49:57","slug":"calibrador-digital-portatil-0155-lupus","status":"publish","type":"product","link":"https:\/\/totallubri.com.br\/?product=calibrador-digital-portatil-0155-lupus","title":{"rendered":"Calibrador Digital Portatil \u2013 0155 \u2013 Lupus"},"content":{"rendered":"<p>Este Produto tem fun\u00e7\u00e3o de controlar e manter as press\u00f5es especificadas para os pneus, gera seguran\u00e7a<\/p>\n<p>Descri\u00e7\u00e3o:Calibrador Digital Portatil<br \/>\nEm alum\u00ednio, com bico simples e visor em LCD, mede a press\u00e3o do pneu em Bar, kPa, kgf e PSI.<\/p>\n<p>Press\u00e3o de entrada de ar 150 PSI<\/p>\n<p>Peso 120 g<br \/>\nMedidas (A) 250 mm<\/p>\n","protected":false},"excerpt":{"rendered":"<p>Este Produto tem fun\u00e7\u00e3o de controlar e manter as press\u00f5es especificadas para os pneus, gera seguran\u00e7a Descri\u00e7\u00e3o:Calibrador Digital Portatil Em alum\u00ednio, com bico simples e visor em LCD, mede a press\u00e3o do pneu em Bar, kPa, kgf e PSI. Press\u00e3o de entrada de ar 150 PSI Peso 120 g Medidas (A) 250 mm<\/p>\n","protected":false},"featured_media":2187,"comment_status":"open","ping_status":"closed","template":"","meta":{"_exactmetrics_skip_tracking":false,"_exactmetrics_sitenote_active":false,"_exactmetrics_sitenote_note":"","_exactmetrics_sitenote_category":0},"product_brand":[],"product_cat":[131],"product_tag":[],"class_list":{"0":"post-2184","1":"product","2":"type-product","3":"status-publish","4":"has-post-thumbnail","6":"product_cat-equipamentos-e-acessorios-para-pneumaticos","8":"first","9":"instock","10":"shipping-taxable","11":"product-type-simple"},"_links":{"self":[{"href":"https:\/\/totallubri.com.br\/index.php?rest_route=\/wp\/v2\/product\/2184","targetHints":{"allow":["GET"]}}],"collection":[{"href":"https:\/\/totallubri.com.br\/index.php?rest_route=\/wp\/v2\/product"}],"about":[{"href":"https:\/\/totallubri.com.br\/index.php?rest_route=\/wp\/v2\/types\/product"}],"replies":[{"embeddable":true,"href":"https:\/\/totallubri.com.br\/index.php?rest_route=%2Fwp%2Fv2%2Fcomments&post=2184"}],"wp:featuredmedia":[{"embeddable":true,"href":"https:\/\/totallubri.com.br\/index.php?rest_route=\/wp\/v2\/media\/2187"}],"wp:attachment":[{"href":"https:\/\/totallubri.com.br\/index.php?rest_route=%2Fwp%2Fv2%2Fmedia&parent=2184"}],"wp:term":[{"taxonomy":"product_brand","embeddable":true,"href":"https:\/\/totallubri.com.br\/index.php?rest_route=%2Fwp%2Fv2%2Fproduct_brand&post=2184"},{"taxonomy":"product_cat","embeddable":true,"href":"https:\/\/totallubri.com.br\/index.php?rest_route=%2Fwp%2Fv2%2Fproduct_cat&post=2184"},{"taxonomy":"product_tag","embeddable":true,"href":"https:\/\/totallubri.com.br\/index.php?rest_route=%2Fwp%2Fv2%2Fproduct_tag&post=2184"}],"curies":[{"name":"wp","href":"https:\/\/api.w.org\/{rel}","templated":true}]}}