{"id":2192,"date":"2016-12-14T10:21:12","date_gmt":"2016-12-14T12:21:12","guid":{"rendered":"http:\/\/totallubri.com.br\/wp\/?post_type=product&#038;p=2192"},"modified":"2025-05-20T17:55:10","modified_gmt":"2025-05-20T20:55:10","slug":"calibrador-portatil-0156-lupus","status":"publish","type":"product","link":"https:\/\/totallubri.com.br\/?product=calibrador-portatil-0156-lupus","title":{"rendered":"Calibrador Portatil \u2013 0156 \u2013 Lupus"},"content":{"rendered":"<p>Produto essencial para controlar e manter as press\u00f5es especificadas para os pneus, gera seguran\u00e7a.<\/p>\n<p>Descri\u00e7\u00e3o:Calibrador Portatil<br \/>\nEm alum\u00ednio, possui bico com prendedor.<\/p>\n<p>Press\u00e3o de entrada de ar 175 PSI<br \/>\nEntrada 1\/4&#8242; NPT\/f\u00eamea<\/p>\n<p>Peso 0,38 gr<br \/>\nMedidas (A) 250 mm<\/p>\n","protected":false},"excerpt":{"rendered":"<p>Produto essencial para controlar e manter as press\u00f5es especificadas para os pneus, gera seguran\u00e7a. Descri\u00e7\u00e3o:Calibrador Portatil Em alum\u00ednio, possui bico com prendedor. Press\u00e3o de entrada de ar 175 PSI Entrada 1\/4&#8242; NPT\/f\u00eamea Peso 0,38 gr Medidas (A) 250 mm<\/p>\n","protected":false},"featured_media":2195,"comment_status":"open","ping_status":"closed","template":"","meta":{"_exactmetrics_skip_tracking":false,"_exactmetrics_sitenote_active":false,"_exactmetrics_sitenote_note":"","_exactmetrics_sitenote_category":0},"product_brand":[],"product_cat":[131],"product_tag":[],"class_list":{"0":"post-2192","1":"product","2":"type-product","3":"status-publish","4":"has-post-thumbnail","6":"product_cat-equipamentos-e-acessorios-para-pneumaticos","8":"first","9":"instock","10":"shipping-taxable","11":"product-type-simple"},"_links":{"self":[{"href":"https:\/\/totallubri.com.br\/index.php?rest_route=\/wp\/v2\/product\/2192","targetHints":{"allow":["GET"]}}],"collection":[{"href":"https:\/\/totallubri.com.br\/index.php?rest_route=\/wp\/v2\/product"}],"about":[{"href":"https:\/\/totallubri.com.br\/index.php?rest_route=\/wp\/v2\/types\/product"}],"replies":[{"embeddable":true,"href":"https:\/\/totallubri.com.br\/index.php?rest_route=%2Fwp%2Fv2%2Fcomments&post=2192"}],"wp:featuredmedia":[{"embeddable":true,"href":"https:\/\/totallubri.com.br\/index.php?rest_route=\/wp\/v2\/media\/2195"}],"wp:attachment":[{"href":"https:\/\/totallubri.com.br\/index.php?rest_route=%2Fwp%2Fv2%2Fmedia&parent=2192"}],"wp:term":[{"taxonomy":"product_brand","embeddable":true,"href":"https:\/\/totallubri.com.br\/index.php?rest_route=%2Fwp%2Fv2%2Fproduct_brand&post=2192"},{"taxonomy":"product_cat","embeddable":true,"href":"https:\/\/totallubri.com.br\/index.php?rest_route=%2Fwp%2Fv2%2Fproduct_cat&post=2192"},{"taxonomy":"product_tag","embeddable":true,"href":"https:\/\/totallubri.com.br\/index.php?rest_route=%2Fwp%2Fv2%2Fproduct_tag&post=2192"}],"curies":[{"name":"wp","href":"https:\/\/api.w.org\/{rel}","templated":true}]}}