{"id":2197,"date":"2016-12-14T10:22:13","date_gmt":"2016-12-14T12:22:13","guid":{"rendered":"http:\/\/totallubri.com.br\/wp\/?post_type=product&#038;p=2197"},"modified":"2016-12-14T10:22:13","modified_gmt":"2016-12-14T12:22:13","slug":"mangueira-para-abastecimento-2100-be20-lupus","status":"publish","type":"product","link":"https:\/\/totallubri.com.br\/?product=mangueira-para-abastecimento-2100-be20-lupus","title":{"rendered":"Mangueira para Abastecimento &#8211; 2100-BE20 &#8211; Lupus"},"content":{"rendered":"<p>Descri\u00e7\u00e3o:Mangueira para Abastecimento<br \/>\nRevestimento interior em NBR, externamente refor\u00e7ada com m\u00faltiplas camadas constru\u00eddas com borracha condutiva e dupla malha condutiva (conforme norma API 1529). Para aplica\u00e7\u00f5es com combust\u00edvel de avia\u00e7\u00e3o, AVgas e QAV. Com tarja de identifica\u00e7\u00e3o na cor dourada.<\/p>\n<p>Comprimento linear 20 m<br \/>\nPress\u00e3o m\u00e1x. de opera\u00e7\u00e3o 150 PSI<br \/>\nTerminais 1&#8243;<br \/>\nTemperatura de opera\u00e7\u00e3o -40\u00b0C a 82\u00b0C<\/p>\n<p>Medida (C) 20 m<\/p>\n","protected":false},"excerpt":{"rendered":"<p>Descri\u00e7\u00e3o:Mangueira para Abastecimento Revestimento interior em NBR, externamente refor\u00e7ada com m\u00faltiplas camadas constru\u00eddas com borracha condutiva e dupla malha condutiva (conforme norma API 1529). Para aplica\u00e7\u00f5es com combust\u00edvel de avia\u00e7\u00e3o, AVgas e QAV. Com tarja de identifica\u00e7\u00e3o na cor dourada. Comprimento linear 20 m Press\u00e3o m\u00e1x. de opera\u00e7\u00e3o 150 PSI Terminais 1&#8243; Temperatura de opera\u00e7\u00e3o [&hellip;]<\/p>\n","protected":false},"featured_media":2199,"comment_status":"open","ping_status":"closed","template":"","meta":{"_exactmetrics_skip_tracking":false,"_exactmetrics_sitenote_active":false,"_exactmetrics_sitenote_note":"","_exactmetrics_sitenote_category":0},"product_brand":[],"product_cat":[50],"product_tag":[],"class_list":{"0":"post-2197","1":"product","2":"type-product","3":"status-publish","4":"has-post-thumbnail","6":"product_cat-aviacao","8":"first","9":"instock","10":"shipping-taxable","11":"product-type-simple"},"_links":{"self":[{"href":"https:\/\/totallubri.com.br\/index.php?rest_route=\/wp\/v2\/product\/2197","targetHints":{"allow":["GET"]}}],"collection":[{"href":"https:\/\/totallubri.com.br\/index.php?rest_route=\/wp\/v2\/product"}],"about":[{"href":"https:\/\/totallubri.com.br\/index.php?rest_route=\/wp\/v2\/types\/product"}],"replies":[{"embeddable":true,"href":"https:\/\/totallubri.com.br\/index.php?rest_route=%2Fwp%2Fv2%2Fcomments&post=2197"}],"wp:featuredmedia":[{"embeddable":true,"href":"https:\/\/totallubri.com.br\/index.php?rest_route=\/wp\/v2\/media\/2199"}],"wp:attachment":[{"href":"https:\/\/totallubri.com.br\/index.php?rest_route=%2Fwp%2Fv2%2Fmedia&parent=2197"}],"wp:term":[{"taxonomy":"product_brand","embeddable":true,"href":"https:\/\/totallubri.com.br\/index.php?rest_route=%2Fwp%2Fv2%2Fproduct_brand&post=2197"},{"taxonomy":"product_cat","embeddable":true,"href":"https:\/\/totallubri.com.br\/index.php?rest_route=%2Fwp%2Fv2%2Fproduct_cat&post=2197"},{"taxonomy":"product_tag","embeddable":true,"href":"https:\/\/totallubri.com.br\/index.php?rest_route=%2Fwp%2Fv2%2Fproduct_tag&post=2197"}],"curies":[{"name":"wp","href":"https:\/\/api.w.org\/{rel}","templated":true}]}}