{"id":2202,"date":"2016-12-14T10:23:52","date_gmt":"2016-12-14T12:23:52","guid":{"rendered":"http:\/\/totallubri.com.br\/wp\/?post_type=product&#038;p=2202"},"modified":"2025-05-20T17:49:34","modified_gmt":"2025-05-20T20:49:34","slug":"calibrador-portatil-para-caminhoes-0166-lupus","status":"publish","type":"product","link":"https:\/\/totallubri.com.br\/?product=calibrador-portatil-para-caminhoes-0166-lupus","title":{"rendered":"Calibrador Portatil para Caminhoes \u2013 0166 \u2013 Lupus"},"content":{"rendered":"<p>Este Produto tem fun\u00e7\u00e3o de controlar e manter as press\u00f5es especificadas para os pneus de caminh\u00f5es, gera seguran\u00e7a<\/p>\n<p>Descri\u00e7\u00e3o:Calibrador Portatil para Caminhoes<br \/>\nEm alum\u00ednio, com bico duplo e escala de press\u00e3o.<\/p>\n<p>Press\u00e3o de entrada de ar 150 PSI<\/p>\n<p>Peso 0,12 gr<br \/>\nMedidas (A) 290 mm x (L) 30 mm<\/p>\n","protected":false},"excerpt":{"rendered":"<p>Este Produto tem fun\u00e7\u00e3o de controlar e manter as press\u00f5es especificadas para os pneus de caminh\u00f5es, gera seguran\u00e7a Descri\u00e7\u00e3o:Calibrador Portatil para Caminhoes Em alum\u00ednio, com bico duplo e escala de press\u00e3o. Press\u00e3o de entrada de ar 150 PSI Peso 0,12 gr Medidas (A) 290 mm x (L) 30 mm<\/p>\n","protected":false},"featured_media":2205,"comment_status":"open","ping_status":"closed","template":"","meta":{"_exactmetrics_skip_tracking":false,"_exactmetrics_sitenote_active":false,"_exactmetrics_sitenote_note":"","_exactmetrics_sitenote_category":0},"product_brand":[],"product_cat":[131],"product_tag":[],"class_list":{"0":"post-2202","1":"product","2":"type-product","3":"status-publish","4":"has-post-thumbnail","6":"product_cat-equipamentos-e-acessorios-para-pneumaticos","8":"first","9":"instock","10":"shipping-taxable","11":"product-type-simple"},"_links":{"self":[{"href":"https:\/\/totallubri.com.br\/index.php?rest_route=\/wp\/v2\/product\/2202","targetHints":{"allow":["GET"]}}],"collection":[{"href":"https:\/\/totallubri.com.br\/index.php?rest_route=\/wp\/v2\/product"}],"about":[{"href":"https:\/\/totallubri.com.br\/index.php?rest_route=\/wp\/v2\/types\/product"}],"replies":[{"embeddable":true,"href":"https:\/\/totallubri.com.br\/index.php?rest_route=%2Fwp%2Fv2%2Fcomments&post=2202"}],"wp:featuredmedia":[{"embeddable":true,"href":"https:\/\/totallubri.com.br\/index.php?rest_route=\/wp\/v2\/media\/2205"}],"wp:attachment":[{"href":"https:\/\/totallubri.com.br\/index.php?rest_route=%2Fwp%2Fv2%2Fmedia&parent=2202"}],"wp:term":[{"taxonomy":"product_brand","embeddable":true,"href":"https:\/\/totallubri.com.br\/index.php?rest_route=%2Fwp%2Fv2%2Fproduct_brand&post=2202"},{"taxonomy":"product_cat","embeddable":true,"href":"https:\/\/totallubri.com.br\/index.php?rest_route=%2Fwp%2Fv2%2Fproduct_cat&post=2202"},{"taxonomy":"product_tag","embeddable":true,"href":"https:\/\/totallubri.com.br\/index.php?rest_route=%2Fwp%2Fv2%2Fproduct_tag&post=2202"}],"curies":[{"name":"wp","href":"https:\/\/api.w.org\/{rel}","templated":true}]}}