{"id":2211,"date":"2016-12-14T10:27:03","date_gmt":"2016-12-14T12:27:03","guid":{"rendered":"http:\/\/totallubri.com.br\/wp\/?post_type=product&#038;p=2211"},"modified":"2025-05-20T17:44:28","modified_gmt":"2025-05-20T20:44:28","slug":"calibrador-portatil-para-caminhoes-0168-lupus","status":"publish","type":"product","link":"https:\/\/totallubri.com.br\/?product=calibrador-portatil-para-caminhoes-0168-lupus","title":{"rendered":"Calibrador Portatil para Caminhoes \u2013 0168 \u2013 Lupus"},"content":{"rendered":"<p>Este Produto tem fun\u00e7\u00e3o de controlar e manter as press\u00f5es especificadas para os pneus de caminh\u00f5es , gera seguran\u00e7a<\/p>\n<p>Descri\u00e7\u00e3o:Calibrador Portatil para Caminhoes.<br \/>\nEm alum\u00ednio, mede a press\u00e3o do pneu em Bar, kPa, kgf e PSI.<\/p>\n<p>Press\u00e3o 100 PSI<\/p>\n<p>Peso 0,20 gr<br \/>\nMedidas (A) 155 mm x (L) 10 mm<\/p>\n","protected":false},"excerpt":{"rendered":"<p>Este Produto tem fun\u00e7\u00e3o de controlar e manter as press\u00f5es especificadas para os pneus de caminh\u00f5es , gera seguran\u00e7a Descri\u00e7\u00e3o:Calibrador Portatil para Caminhoes. Em alum\u00ednio, mede a press\u00e3o do pneu em Bar, kPa, kgf e PSI. Press\u00e3o 100 PSI Peso 0,20 gr Medidas (A) 155 mm x (L) 10 mm<\/p>\n","protected":false},"featured_media":2213,"comment_status":"open","ping_status":"closed","template":"","meta":{"_exactmetrics_skip_tracking":false,"_exactmetrics_sitenote_active":false,"_exactmetrics_sitenote_note":"","_exactmetrics_sitenote_category":0},"product_brand":[],"product_cat":[131],"product_tag":[],"class_list":{"0":"post-2211","1":"product","2":"type-product","3":"status-publish","4":"has-post-thumbnail","6":"product_cat-equipamentos-e-acessorios-para-pneumaticos","8":"first","9":"instock","10":"shipping-taxable","11":"product-type-simple"},"_links":{"self":[{"href":"https:\/\/totallubri.com.br\/index.php?rest_route=\/wp\/v2\/product\/2211","targetHints":{"allow":["GET"]}}],"collection":[{"href":"https:\/\/totallubri.com.br\/index.php?rest_route=\/wp\/v2\/product"}],"about":[{"href":"https:\/\/totallubri.com.br\/index.php?rest_route=\/wp\/v2\/types\/product"}],"replies":[{"embeddable":true,"href":"https:\/\/totallubri.com.br\/index.php?rest_route=%2Fwp%2Fv2%2Fcomments&post=2211"}],"wp:featuredmedia":[{"embeddable":true,"href":"https:\/\/totallubri.com.br\/index.php?rest_route=\/wp\/v2\/media\/2213"}],"wp:attachment":[{"href":"https:\/\/totallubri.com.br\/index.php?rest_route=%2Fwp%2Fv2%2Fmedia&parent=2211"}],"wp:term":[{"taxonomy":"product_brand","embeddable":true,"href":"https:\/\/totallubri.com.br\/index.php?rest_route=%2Fwp%2Fv2%2Fproduct_brand&post=2211"},{"taxonomy":"product_cat","embeddable":true,"href":"https:\/\/totallubri.com.br\/index.php?rest_route=%2Fwp%2Fv2%2Fproduct_cat&post=2211"},{"taxonomy":"product_tag","embeddable":true,"href":"https:\/\/totallubri.com.br\/index.php?rest_route=%2Fwp%2Fv2%2Fproduct_tag&post=2211"}],"curies":[{"name":"wp","href":"https:\/\/api.w.org\/{rel}","templated":true}]}}