{"id":2215,"date":"2016-12-14T10:28:09","date_gmt":"2016-12-14T12:28:09","guid":{"rendered":"http:\/\/totallubri.com.br\/wp\/?post_type=product&#038;p=2215"},"modified":"2025-01-17T18:17:26","modified_gmt":"2025-01-17T21:17:26","slug":"camara-de-expansao-equalizadora-para-sistemas-fechados","status":"publish","type":"product","link":"https:\/\/totallubri.com.br\/?product=camara-de-expansao-equalizadora-para-sistemas-fechados","title":{"rendered":"Camara de Expans\u00e3o Equalizadora para Sistemas Fechados-LUPUS"},"content":{"rendered":"<p>Descri\u00e7\u00e3o:Camara de Expans\u00e3o Equalizadora para Sistemas Fechados<br \/>\nEm a\u00e7o inoxid\u00e1vel, com diafragma em viton, utilizada para prevenir sobrepress\u00f5es nas caixas de rolamento e mancais.<\/p>\n<p>Capacidade de expans\u00e3o 410 cc<br \/>\nTemperatura m\u00e1xima de opera\u00e7\u00e3o 175\u00b0 C<br \/>\nConex\u00e3o 3\/8&#8242; NPT x 7\/8&#8242;<\/p>\n<p>Peso 290 g<br \/>\nMedidas (A) 102 mm x 76 mm<\/p>\n","protected":false},"excerpt":{"rendered":"<p>Descri\u00e7\u00e3o:Camara de Expans\u00e3o Equalizadora para Sistemas Fechados Em a\u00e7o inoxid\u00e1vel, com diafragma em viton, utilizada para prevenir sobrepress\u00f5es nas caixas de rolamento e mancais. Capacidade de expans\u00e3o 410 cc Temperatura m\u00e1xima de opera\u00e7\u00e3o 175\u00b0 C Conex\u00e3o 3\/8&#8242; NPT x 7\/8&#8242; Peso 290 g Medidas (A) 102 mm x 76 mm<\/p>\n","protected":false},"featured_media":2217,"comment_status":"open","ping_status":"closed","template":"","meta":{"_exactmetrics_skip_tracking":false,"_exactmetrics_sitenote_active":false,"_exactmetrics_sitenote_note":"","_exactmetrics_sitenote_category":0},"product_brand":[],"product_cat":[58],"product_tag":[],"class_list":{"0":"post-2215","1":"product","2":"type-product","3":"status-publish","4":"has-post-thumbnail","6":"product_cat-linha-industrial","8":"first","9":"instock","10":"shipping-taxable","11":"product-type-simple"},"_links":{"self":[{"href":"https:\/\/totallubri.com.br\/index.php?rest_route=\/wp\/v2\/product\/2215","targetHints":{"allow":["GET"]}}],"collection":[{"href":"https:\/\/totallubri.com.br\/index.php?rest_route=\/wp\/v2\/product"}],"about":[{"href":"https:\/\/totallubri.com.br\/index.php?rest_route=\/wp\/v2\/types\/product"}],"replies":[{"embeddable":true,"href":"https:\/\/totallubri.com.br\/index.php?rest_route=%2Fwp%2Fv2%2Fcomments&post=2215"}],"wp:featuredmedia":[{"embeddable":true,"href":"https:\/\/totallubri.com.br\/index.php?rest_route=\/wp\/v2\/media\/2217"}],"wp:attachment":[{"href":"https:\/\/totallubri.com.br\/index.php?rest_route=%2Fwp%2Fv2%2Fmedia&parent=2215"}],"wp:term":[{"taxonomy":"product_brand","embeddable":true,"href":"https:\/\/totallubri.com.br\/index.php?rest_route=%2Fwp%2Fv2%2Fproduct_brand&post=2215"},{"taxonomy":"product_cat","embeddable":true,"href":"https:\/\/totallubri.com.br\/index.php?rest_route=%2Fwp%2Fv2%2Fproduct_cat&post=2215"},{"taxonomy":"product_tag","embeddable":true,"href":"https:\/\/totallubri.com.br\/index.php?rest_route=%2Fwp%2Fv2%2Fproduct_tag&post=2215"}],"curies":[{"name":"wp","href":"https:\/\/api.w.org\/{rel}","templated":true}]}}