{"id":2227,"date":"2016-12-14T10:36:01","date_gmt":"2016-12-14T12:36:01","guid":{"rendered":"http:\/\/totallubri.com.br\/wp\/?post_type=product&#038;p=2227"},"modified":"2024-11-27T11:13:39","modified_gmt":"2024-11-27T14:13:39","slug":"abracadeira-2000-a-lupus","status":"publish","type":"product","link":"https:\/\/totallubri.com.br\/?product=abracadeira-2000-a-lupus","title":{"rendered":"Abra\u00e7adeira \u2013 2000-A \u2013 Lupus"},"content":{"rendered":"<p>Produto necess\u00e1rio para facilitar e ajustar e conectar mangueiras a equipamentos.<\/p>\n<p>Descri\u00e7\u00e3o: Abra\u00e7adeira<br \/>\nEm lat\u00e3o, para trabalho com mangueiras de alta press\u00e3o, emendas ou espig\u00f5es com canais.<\/p>\n<p>Conex\u00e3o 3\/4&#8243;<br \/>\nEmbalagem 01 unidade<\/p>\n<p>Peso 220 g<br \/>\nMedidas (A) 64 mm x (L) 45 mm<\/p>\n","protected":false},"excerpt":{"rendered":"<p>Produto necess\u00e1rio para facilitar e ajustar e conectar mangueiras a equipamentos. Descri\u00e7\u00e3o: Abra\u00e7adeira Em lat\u00e3o, para trabalho com mangueiras de alta press\u00e3o, emendas ou espig\u00f5es com canais. Conex\u00e3o 3\/4&#8243; Embalagem 01 unidade Peso 220 g Medidas (A) 64 mm x (L) 45 mm<\/p>\n","protected":false},"featured_media":2235,"comment_status":"open","ping_status":"closed","template":"","meta":{"_exactmetrics_skip_tracking":false,"_exactmetrics_sitenote_active":false,"_exactmetrics_sitenote_note":"","_exactmetrics_sitenote_category":0},"product_brand":[],"product_cat":[97],"product_tag":[],"class_list":{"0":"post-2227","1":"product","2":"type-product","3":"status-publish","4":"has-post-thumbnail","6":"product_cat-mangueiras-terminais-e-acessorios-para-mangueiras","8":"first","9":"instock","10":"shipping-taxable","11":"product-type-simple"},"_links":{"self":[{"href":"https:\/\/totallubri.com.br\/index.php?rest_route=\/wp\/v2\/product\/2227","targetHints":{"allow":["GET"]}}],"collection":[{"href":"https:\/\/totallubri.com.br\/index.php?rest_route=\/wp\/v2\/product"}],"about":[{"href":"https:\/\/totallubri.com.br\/index.php?rest_route=\/wp\/v2\/types\/product"}],"replies":[{"embeddable":true,"href":"https:\/\/totallubri.com.br\/index.php?rest_route=%2Fwp%2Fv2%2Fcomments&post=2227"}],"wp:featuredmedia":[{"embeddable":true,"href":"https:\/\/totallubri.com.br\/index.php?rest_route=\/wp\/v2\/media\/2235"}],"wp:attachment":[{"href":"https:\/\/totallubri.com.br\/index.php?rest_route=%2Fwp%2Fv2%2Fmedia&parent=2227"}],"wp:term":[{"taxonomy":"product_brand","embeddable":true,"href":"https:\/\/totallubri.com.br\/index.php?rest_route=%2Fwp%2Fv2%2Fproduct_brand&post=2227"},{"taxonomy":"product_cat","embeddable":true,"href":"https:\/\/totallubri.com.br\/index.php?rest_route=%2Fwp%2Fv2%2Fproduct_cat&post=2227"},{"taxonomy":"product_tag","embeddable":true,"href":"https:\/\/totallubri.com.br\/index.php?rest_route=%2Fwp%2Fv2%2Fproduct_tag&post=2227"}],"curies":[{"name":"wp","href":"https:\/\/api.w.org\/{rel}","templated":true}]}}