{"id":2245,"date":"2016-12-14T10:41:05","date_gmt":"2016-12-14T12:41:05","guid":{"rendered":"http:\/\/totallubri.com.br\/wp\/?post_type=product&#038;p=2245"},"modified":"2024-11-25T17:06:19","modified_gmt":"2024-11-25T20:06:19","slug":"carretel-automatico-com-mangueira-3002-ma15-samoa","status":"publish","type":"product","link":"https:\/\/totallubri.com.br\/?product=carretel-automatico-com-mangueira-3002-ma15-samoa","title":{"rendered":"Carretel Autom\u00e1tico com Mangueira &#8211; 3002-MA15 &#8211; Samoa"},"content":{"rendered":"<p>Produto indicado para melhor manuseio com mangueiras de metragem longas, facilita a opera\u00e7\u00e3o e organiza o ambiente<\/p>\n<p>Descri\u00e7\u00e3o:Carretel Autom\u00e1tico com Mangueira<br \/>\nEm a\u00e7o, com base simples e retra\u00e7\u00e3o autom\u00e1tica. Montado com mangueira.<\/p>\n<p>Mangueira . 15 m \/ \u00f8 1\/4\u201d<br \/>\nPress\u00e3o m\u00e1xima de opera\u00e7\u00e3o . 1.100 PSI<\/p>\n<p>Peso: 15 kg . Medidas: (A) 535 mm x (L) 535 mm<\/p>\n<p>OPCIONAL: 3002<br \/>\nCarretel autom\u00e1tico sem mangueira<\/p>\n","protected":false},"excerpt":{"rendered":"<p>Produto indicado para melhor manuseio com mangueiras de metragem longas, facilita a opera\u00e7\u00e3o e organiza o ambiente Descri\u00e7\u00e3o:Carretel Autom\u00e1tico com Mangueira Em a\u00e7o, com base simples e retra\u00e7\u00e3o autom\u00e1tica. Montado com mangueira. Mangueira . 15 m \/ \u00f8 1\/4\u201d Press\u00e3o m\u00e1xima de opera\u00e7\u00e3o . 1.100 PSI Peso: 15 kg . Medidas: (A) 535 mm x [&hellip;]<\/p>\n","protected":false},"featured_media":2246,"comment_status":"open","ping_status":"closed","template":"","meta":{"_exactmetrics_skip_tracking":false,"_exactmetrics_sitenote_active":false,"_exactmetrics_sitenote_note":"","_exactmetrics_sitenote_category":0},"product_brand":[],"product_cat":[101],"product_tag":[],"class_list":{"0":"post-2245","1":"product","2":"type-product","3":"status-publish","4":"has-post-thumbnail","6":"product_cat-carreteis-samoa-e-coxreels","8":"first","9":"instock","10":"shipping-taxable","11":"product-type-simple"},"_links":{"self":[{"href":"https:\/\/totallubri.com.br\/index.php?rest_route=\/wp\/v2\/product\/2245","targetHints":{"allow":["GET"]}}],"collection":[{"href":"https:\/\/totallubri.com.br\/index.php?rest_route=\/wp\/v2\/product"}],"about":[{"href":"https:\/\/totallubri.com.br\/index.php?rest_route=\/wp\/v2\/types\/product"}],"replies":[{"embeddable":true,"href":"https:\/\/totallubri.com.br\/index.php?rest_route=%2Fwp%2Fv2%2Fcomments&post=2245"}],"wp:featuredmedia":[{"embeddable":true,"href":"https:\/\/totallubri.com.br\/index.php?rest_route=\/wp\/v2\/media\/2246"}],"wp:attachment":[{"href":"https:\/\/totallubri.com.br\/index.php?rest_route=%2Fwp%2Fv2%2Fmedia&parent=2245"}],"wp:term":[{"taxonomy":"product_brand","embeddable":true,"href":"https:\/\/totallubri.com.br\/index.php?rest_route=%2Fwp%2Fv2%2Fproduct_brand&post=2245"},{"taxonomy":"product_cat","embeddable":true,"href":"https:\/\/totallubri.com.br\/index.php?rest_route=%2Fwp%2Fv2%2Fproduct_cat&post=2245"},{"taxonomy":"product_tag","embeddable":true,"href":"https:\/\/totallubri.com.br\/index.php?rest_route=%2Fwp%2Fv2%2Fproduct_tag&post=2245"}],"curies":[{"name":"wp","href":"https:\/\/api.w.org\/{rel}","templated":true}]}}