{"id":2255,"date":"2016-12-14T10:47:18","date_gmt":"2016-12-14T12:47:18","guid":{"rendered":"http:\/\/totallubri.com.br\/wp\/?post_type=product&#038;p=2255"},"modified":"2024-12-22T14:56:59","modified_gmt":"2024-12-22T17:56:59","slug":"carretel-manual-com-mangueira-3010-ma30-lupus","status":"publish","type":"product","link":"https:\/\/totallubri.com.br\/?product=carretel-manual-com-mangueira-3010-ma30-lupus","title":{"rendered":"Carretel Manual Com Mangueira &#8211; 3010-MA30 &#8211; Lupus"},"content":{"rendered":"<p>Produto indicado para melhor manuseio com mangueiras de metragem longas, facilita a opera\u00e7\u00e3o e organiza o ambiente<\/p>\n<p>Descri\u00e7\u00e3o:Carretel Manual com mangueira<br \/>\nCod.: 3010-MA30<br \/>\n&#8211; a\u00e7o<br \/>\n&#8211; retra\u00e7\u00e3o manual<br \/>\n&#8211; base simples<br \/>\n&#8211; Montado com mangueira de 1\/4<br \/>\n&#8211; press\u00e3o de trabalho 5100 PSI<br \/>\n&#8211; para ar<br \/>\n&#8211; capacidade para 30 M de mangueira 1\/4&#8243;<br \/>\nPeso: 8Kg Medidas: (A) 500MM X (L) 450MM<\/p>\n<p>OPCIONAL<br \/>\n3010<br \/>\nCarretel manual sem mangueira<\/p>\n","protected":false},"excerpt":{"rendered":"<p>Produto indicado para melhor manuseio com mangueiras de metragem longas, facilita a opera\u00e7\u00e3o e organiza o ambiente Descri\u00e7\u00e3o:Carretel Manual com mangueira Cod.: 3010-MA30 &#8211; a\u00e7o &#8211; retra\u00e7\u00e3o manual &#8211; base simples &#8211; Montado com mangueira de 1\/4 &#8211; press\u00e3o de trabalho 5100 PSI &#8211; para ar &#8211; capacidade para 30 M de mangueira 1\/4&#8243; Peso: [&hellip;]<\/p>\n","protected":false},"featured_media":2256,"comment_status":"open","ping_status":"closed","template":"","meta":{"_exactmetrics_skip_tracking":false,"_exactmetrics_sitenote_active":false,"_exactmetrics_sitenote_note":"","_exactmetrics_sitenote_category":0},"product_brand":[],"product_cat":[101],"product_tag":[],"class_list":{"0":"post-2255","1":"product","2":"type-product","3":"status-publish","4":"has-post-thumbnail","6":"product_cat-carreteis-samoa-e-coxreels","8":"first","9":"instock","10":"shipping-taxable","11":"product-type-simple"},"_links":{"self":[{"href":"https:\/\/totallubri.com.br\/index.php?rest_route=\/wp\/v2\/product\/2255","targetHints":{"allow":["GET"]}}],"collection":[{"href":"https:\/\/totallubri.com.br\/index.php?rest_route=\/wp\/v2\/product"}],"about":[{"href":"https:\/\/totallubri.com.br\/index.php?rest_route=\/wp\/v2\/types\/product"}],"replies":[{"embeddable":true,"href":"https:\/\/totallubri.com.br\/index.php?rest_route=%2Fwp%2Fv2%2Fcomments&post=2255"}],"wp:featuredmedia":[{"embeddable":true,"href":"https:\/\/totallubri.com.br\/index.php?rest_route=\/wp\/v2\/media\/2256"}],"wp:attachment":[{"href":"https:\/\/totallubri.com.br\/index.php?rest_route=%2Fwp%2Fv2%2Fmedia&parent=2255"}],"wp:term":[{"taxonomy":"product_brand","embeddable":true,"href":"https:\/\/totallubri.com.br\/index.php?rest_route=%2Fwp%2Fv2%2Fproduct_brand&post=2255"},{"taxonomy":"product_cat","embeddable":true,"href":"https:\/\/totallubri.com.br\/index.php?rest_route=%2Fwp%2Fv2%2Fproduct_cat&post=2255"},{"taxonomy":"product_tag","embeddable":true,"href":"https:\/\/totallubri.com.br\/index.php?rest_route=%2Fwp%2Fv2%2Fproduct_tag&post=2255"}],"curies":[{"name":"wp","href":"https:\/\/api.w.org\/{rel}","templated":true}]}}