{"id":2257,"date":"2016-12-14T10:48:18","date_gmt":"2016-12-14T12:48:18","guid":{"rendered":"http:\/\/totallubri.com.br\/wp\/?post_type=product&#038;p=2257"},"modified":"2025-05-20T17:41:15","modified_gmt":"2025-05-20T20:41:15","slug":"compressor-de-ar-9185-c-lupus","status":"publish","type":"product","link":"https:\/\/totallubri.com.br\/?product=compressor-de-ar-9185-c-lupus","title":{"rendered":"Compressor de Ar \u2013 9185-C \u2013 Lupus"},"content":{"rendered":"<p>Produto ideal para clientes que necessitam usar ar comprimido no campo, pois este item tem autonomia de adapta\u00e7\u00e3o nas tomadas de for\u00e7a dos tratores, excelente solu\u00e7\u00e3o com \u00f3timo custo beneficio<\/p>\n<p>Descri\u00e7\u00e3o:Compressor de Ar<br \/>\nEm ferro modular, adapt\u00e1vel nas tomadas de for\u00e7a de tratores, com c\u00e2mara de compress\u00e3o, man\u00f4metro e bico prendedor de encher pneus.<\/p>\n<p>Vaz\u00e3o at\u00e9 130 L\/min de acordo com RPM do motor<br \/>\nPress\u00e3o m\u00e1xima de opera\u00e7\u00e3o 140 PSI<br \/>\nSa\u00edda 1\/4&#8242;<br \/>\nMangueira 4m\/ 1\/4&#8217;\/ espiral<br \/>\nConex\u00f5es 1\/4&#8242; NPT\/ f\u00eamea<\/p>\n<p>Peso 12 kg<br \/>\nMedidas (A) 250 mm x (L) 250 mm<\/p>\n","protected":false},"excerpt":{"rendered":"<p>Produto ideal para clientes que necessitam usar ar comprimido no campo, pois este item tem autonomia de adapta\u00e7\u00e3o nas tomadas de for\u00e7a dos tratores, excelente solu\u00e7\u00e3o com \u00f3timo custo beneficio Descri\u00e7\u00e3o:Compressor de Ar Em ferro modular, adapt\u00e1vel nas tomadas de for\u00e7a de tratores, com c\u00e2mara de compress\u00e3o, man\u00f4metro e bico prendedor de encher pneus. Vaz\u00e3o [&hellip;]<\/p>\n","protected":false},"featured_media":2258,"comment_status":"open","ping_status":"closed","template":"","meta":{"_exactmetrics_skip_tracking":false,"_exactmetrics_sitenote_active":false,"_exactmetrics_sitenote_note":"","_exactmetrics_sitenote_category":0},"product_brand":[],"product_cat":[131],"product_tag":[],"class_list":{"0":"post-2257","1":"product","2":"type-product","3":"status-publish","4":"has-post-thumbnail","6":"product_cat-equipamentos-e-acessorios-para-pneumaticos","8":"first","9":"instock","10":"shipping-taxable","11":"product-type-simple"},"_links":{"self":[{"href":"https:\/\/totallubri.com.br\/index.php?rest_route=\/wp\/v2\/product\/2257","targetHints":{"allow":["GET"]}}],"collection":[{"href":"https:\/\/totallubri.com.br\/index.php?rest_route=\/wp\/v2\/product"}],"about":[{"href":"https:\/\/totallubri.com.br\/index.php?rest_route=\/wp\/v2\/types\/product"}],"replies":[{"embeddable":true,"href":"https:\/\/totallubri.com.br\/index.php?rest_route=%2Fwp%2Fv2%2Fcomments&post=2257"}],"wp:featuredmedia":[{"embeddable":true,"href":"https:\/\/totallubri.com.br\/index.php?rest_route=\/wp\/v2\/media\/2258"}],"wp:attachment":[{"href":"https:\/\/totallubri.com.br\/index.php?rest_route=%2Fwp%2Fv2%2Fmedia&parent=2257"}],"wp:term":[{"taxonomy":"product_brand","embeddable":true,"href":"https:\/\/totallubri.com.br\/index.php?rest_route=%2Fwp%2Fv2%2Fproduct_brand&post=2257"},{"taxonomy":"product_cat","embeddable":true,"href":"https:\/\/totallubri.com.br\/index.php?rest_route=%2Fwp%2Fv2%2Fproduct_cat&post=2257"},{"taxonomy":"product_tag","embeddable":true,"href":"https:\/\/totallubri.com.br\/index.php?rest_route=%2Fwp%2Fv2%2Fproduct_tag&post=2257"}],"curies":[{"name":"wp","href":"https:\/\/api.w.org\/{rel}","templated":true}]}}