{"id":2259,"date":"2016-12-14T10:49:26","date_gmt":"2016-12-14T12:49:26","guid":{"rendered":"http:\/\/totallubri.com.br\/wp\/?post_type=product&#038;p=2259"},"modified":"2025-05-20T17:23:00","modified_gmt":"2025-05-20T20:23:00","slug":"conector-1980-h-lupus","status":"publish","type":"product","link":"https:\/\/totallubri.com.br\/?product=conector-1980-h-lupus","title":{"rendered":"Conector para Engate r\u00e1pido \u2013 1980-H \u2013 Lupus"},"content":{"rendered":"<p>Conector para tubula\u00e7\u00e3o (conex\u00e3o roscada) auxilia na troca de ferramentas das mangueiras<\/p>\n<p>Descri\u00e7\u00e3o:Conector para engate r\u00e1pido<br \/>\nEm a\u00e7o galvanizado.<\/p>\n<p>Rosca 1\/4&#8242; NPT\/ macho<br \/>\nEmbalagem 10 unidades<\/p>\n<p>Peso 22 g<br \/>\nMedidas (A) 15 mm x (L) 40 mm<\/p>\n","protected":false},"excerpt":{"rendered":"<p>Conector para tubula\u00e7\u00e3o (conex\u00e3o roscada) auxilia na troca de ferramentas das mangueiras Descri\u00e7\u00e3o:Conector para engate r\u00e1pido Em a\u00e7o galvanizado. Rosca 1\/4&#8242; NPT\/ macho Embalagem 10 unidades Peso 22 g Medidas (A) 15 mm x (L) 40 mm<\/p>\n","protected":false},"featured_media":2260,"comment_status":"open","ping_status":"closed","template":"","meta":{"_exactmetrics_skip_tracking":false,"_exactmetrics_sitenote_active":false,"_exactmetrics_sitenote_note":"","_exactmetrics_sitenote_category":0},"product_brand":[],"product_cat":[131],"product_tag":[],"class_list":{"0":"post-2259","1":"product","2":"type-product","3":"status-publish","4":"has-post-thumbnail","6":"product_cat-equipamentos-e-acessorios-para-pneumaticos","8":"first","9":"instock","10":"shipping-taxable","11":"product-type-simple"},"_links":{"self":[{"href":"https:\/\/totallubri.com.br\/index.php?rest_route=\/wp\/v2\/product\/2259","targetHints":{"allow":["GET"]}}],"collection":[{"href":"https:\/\/totallubri.com.br\/index.php?rest_route=\/wp\/v2\/product"}],"about":[{"href":"https:\/\/totallubri.com.br\/index.php?rest_route=\/wp\/v2\/types\/product"}],"replies":[{"embeddable":true,"href":"https:\/\/totallubri.com.br\/index.php?rest_route=%2Fwp%2Fv2%2Fcomments&post=2259"}],"wp:featuredmedia":[{"embeddable":true,"href":"https:\/\/totallubri.com.br\/index.php?rest_route=\/wp\/v2\/media\/2260"}],"wp:attachment":[{"href":"https:\/\/totallubri.com.br\/index.php?rest_route=%2Fwp%2Fv2%2Fmedia&parent=2259"}],"wp:term":[{"taxonomy":"product_brand","embeddable":true,"href":"https:\/\/totallubri.com.br\/index.php?rest_route=%2Fwp%2Fv2%2Fproduct_brand&post=2259"},{"taxonomy":"product_cat","embeddable":true,"href":"https:\/\/totallubri.com.br\/index.php?rest_route=%2Fwp%2Fv2%2Fproduct_cat&post=2259"},{"taxonomy":"product_tag","embeddable":true,"href":"https:\/\/totallubri.com.br\/index.php?rest_route=%2Fwp%2Fv2%2Fproduct_tag&post=2259"}],"curies":[{"name":"wp","href":"https:\/\/api.w.org\/{rel}","templated":true}]}}