{"id":2263,"date":"2016-12-14T10:52:33","date_gmt":"2016-12-14T12:52:33","guid":{"rendered":"http:\/\/totallubri.com.br\/wp\/?post_type=product&#038;p=2263"},"modified":"2025-01-23T15:27:36","modified_gmt":"2025-01-23T18:27:36","slug":"conector-com-valvula-2018-ch-lupus","status":"publish","type":"product","link":"https:\/\/totallubri.com.br\/?product=conector-com-valvula-2018-ch-lupus","title":{"rendered":"Conector com Valvula \u2013 2018-CH \u2013 Lupus"},"content":{"rendered":"<p>Conector para tubula\u00e7\u00e3o (conex\u00e3o roscada) auxilia na troca de ferramentas das mangueiras<\/p>\n<p>Descri\u00e7\u00e3o:Conector com Valvula<br \/>\nEm a\u00e7o galvanizado, alta press\u00e3o, adapt\u00e1vel ao modelo 2018-H.<\/p>\n<p>Rosca 1\/2&#8217;\/ f\u00eamea<br \/>\nPress\u00e3o m\u00e1xima de opera\u00e7\u00e3o 4.000 PSI<\/p>\n<p>Peso 90 g &#8211; Medidas (A) 25 mm x (L) 40 mm<\/p>\n<p>DEMAIS CODIGOS S\/FOTO DIRETO C\/VENDEDOR<\/p>\n<table width=\"645\">\n<tbody>\n<tr>\n<td width=\"114\">2017-CH<\/td>\n<td width=\"531\">Conector Para Engate Rapido Com Valvula &#8211; F.1Pol<\/td>\n<\/tr>\n<tr>\n<td width=\"114\">2018-CH<\/td>\n<td width=\"531\">Conector Para Engate Rapido Com Valvula &#8211; E.F. 1-2Pol<\/td>\n<\/tr>\n<tr>\n<td width=\"114\">2019-CH<\/td>\n<td width=\"531\">Conector Para Engate Rapido Com Valvula &#8211; E.F. 3-8Pol<\/td>\n<\/tr>\n<tr>\n<td width=\"114\">2024-CH<\/td>\n<td width=\"531\">Conector Para Engate Rapido Com Valvula &#8211; F.3-4Pol<\/td>\n<\/tr>\n<\/tbody>\n<\/table>\n","protected":false},"excerpt":{"rendered":"<p>Conector para tubula\u00e7\u00e3o (conex\u00e3o roscada) auxilia na troca de ferramentas das mangueiras Descri\u00e7\u00e3o:Conector com Valvula Em a\u00e7o galvanizado, alta press\u00e3o, adapt\u00e1vel ao modelo 2018-H. Rosca 1\/2&#8217;\/ f\u00eamea Press\u00e3o m\u00e1xima de opera\u00e7\u00e3o 4.000 PSI Peso 90 g &#8211; Medidas (A) 25 mm x (L) 40 mm DEMAIS CODIGOS S\/FOTO DIRETO C\/VENDEDOR 2017-CH Conector Para Engate Rapido [&hellip;]<\/p>\n","protected":false},"featured_media":2264,"comment_status":"open","ping_status":"closed","template":"","meta":{"_exactmetrics_skip_tracking":false,"_exactmetrics_sitenote_active":false,"_exactmetrics_sitenote_note":"","_exactmetrics_sitenote_category":0},"product_brand":[],"product_cat":[131],"product_tag":[],"class_list":{"0":"post-2263","1":"product","2":"type-product","3":"status-publish","4":"has-post-thumbnail","6":"product_cat-equipamentos-e-acessorios-para-pneumaticos","8":"first","9":"instock","10":"shipping-taxable","11":"product-type-simple"},"_links":{"self":[{"href":"https:\/\/totallubri.com.br\/index.php?rest_route=\/wp\/v2\/product\/2263","targetHints":{"allow":["GET"]}}],"collection":[{"href":"https:\/\/totallubri.com.br\/index.php?rest_route=\/wp\/v2\/product"}],"about":[{"href":"https:\/\/totallubri.com.br\/index.php?rest_route=\/wp\/v2\/types\/product"}],"replies":[{"embeddable":true,"href":"https:\/\/totallubri.com.br\/index.php?rest_route=%2Fwp%2Fv2%2Fcomments&post=2263"}],"wp:featuredmedia":[{"embeddable":true,"href":"https:\/\/totallubri.com.br\/index.php?rest_route=\/wp\/v2\/media\/2264"}],"wp:attachment":[{"href":"https:\/\/totallubri.com.br\/index.php?rest_route=%2Fwp%2Fv2%2Fmedia&parent=2263"}],"wp:term":[{"taxonomy":"product_brand","embeddable":true,"href":"https:\/\/totallubri.com.br\/index.php?rest_route=%2Fwp%2Fv2%2Fproduct_brand&post=2263"},{"taxonomy":"product_cat","embeddable":true,"href":"https:\/\/totallubri.com.br\/index.php?rest_route=%2Fwp%2Fv2%2Fproduct_cat&post=2263"},{"taxonomy":"product_tag","embeddable":true,"href":"https:\/\/totallubri.com.br\/index.php?rest_route=%2Fwp%2Fv2%2Fproduct_tag&post=2263"}],"curies":[{"name":"wp","href":"https:\/\/api.w.org\/{rel}","templated":true}]}}