{"id":2273,"date":"2016-12-14T10:59:01","date_gmt":"2016-12-14T12:59:01","guid":{"rendered":"http:\/\/totallubri.com.br\/wp\/?post_type=product&#038;p=2273"},"modified":"2025-05-20T17:12:26","modified_gmt":"2025-05-20T20:12:26","slug":"conjunto-preparador-de-ar-12-9000-lf-lupus","status":"publish","type":"product","link":"https:\/\/totallubri.com.br\/?product=conjunto-preparador-de-ar-12-9000-lf-lupus","title":{"rendered":"Regulador de Ar 1\/2\u2033 \u2013 9000-LF \u2013Lupus"},"content":{"rendered":"<p>Produto ideal para uso em equipamentos pneum\u00e1ticos porque tem a fun\u00e7\u00e3o b\u00e1sica de regular a press\u00e3o do ar , aumentando a vida \u00fatil dos mesmos.<\/p>\n<p>Descri\u00e7\u00e3o: Regulador de Ar de 1\/2&#8243;<br \/>\nEm alum\u00ednio, possui v\u00e1lvula reguladora de ar, man\u00f4metro, dreno e suporte para parede.<\/p>\n<p>Vaz\u00e3o m\u00e1xima 3.000 L\/min<br \/>\nEntrada e sa\u00edda 1\/2&#8242; Bsp<br \/>\nIndicador 0 a 150 PSI<\/p>\n<p>Peso 0,48 gr<br \/>\nMedidas (A) 270 mm x (L) 65 mm<\/p>\n","protected":false},"excerpt":{"rendered":"<p>Produto ideal para uso em equipamentos pneum\u00e1ticos porque tem a fun\u00e7\u00e3o b\u00e1sica de regular a press\u00e3o do ar , aumentando a vida \u00fatil dos mesmos. Descri\u00e7\u00e3o: Regulador de Ar de 1\/2&#8243; Em alum\u00ednio, possui v\u00e1lvula reguladora de ar, man\u00f4metro, dreno e suporte para parede. Vaz\u00e3o m\u00e1xima 3.000 L\/min Entrada e sa\u00edda 1\/2&#8242; Bsp Indicador 0 [&hellip;]<\/p>\n","protected":false},"featured_media":2274,"comment_status":"open","ping_status":"closed","template":"","meta":{"_exactmetrics_skip_tracking":false,"_exactmetrics_sitenote_active":false,"_exactmetrics_sitenote_note":"","_exactmetrics_sitenote_category":0},"product_brand":[],"product_cat":[131],"product_tag":[],"class_list":{"0":"post-2273","1":"product","2":"type-product","3":"status-publish","4":"has-post-thumbnail","6":"product_cat-equipamentos-e-acessorios-para-pneumaticos","8":"first","9":"instock","10":"shipping-taxable","11":"product-type-simple"},"_links":{"self":[{"href":"https:\/\/totallubri.com.br\/index.php?rest_route=\/wp\/v2\/product\/2273","targetHints":{"allow":["GET"]}}],"collection":[{"href":"https:\/\/totallubri.com.br\/index.php?rest_route=\/wp\/v2\/product"}],"about":[{"href":"https:\/\/totallubri.com.br\/index.php?rest_route=\/wp\/v2\/types\/product"}],"replies":[{"embeddable":true,"href":"https:\/\/totallubri.com.br\/index.php?rest_route=%2Fwp%2Fv2%2Fcomments&post=2273"}],"wp:featuredmedia":[{"embeddable":true,"href":"https:\/\/totallubri.com.br\/index.php?rest_route=\/wp\/v2\/media\/2274"}],"wp:attachment":[{"href":"https:\/\/totallubri.com.br\/index.php?rest_route=%2Fwp%2Fv2%2Fmedia&parent=2273"}],"wp:term":[{"taxonomy":"product_brand","embeddable":true,"href":"https:\/\/totallubri.com.br\/index.php?rest_route=%2Fwp%2Fv2%2Fproduct_brand&post=2273"},{"taxonomy":"product_cat","embeddable":true,"href":"https:\/\/totallubri.com.br\/index.php?rest_route=%2Fwp%2Fv2%2Fproduct_cat&post=2273"},{"taxonomy":"product_tag","embeddable":true,"href":"https:\/\/totallubri.com.br\/index.php?rest_route=%2Fwp%2Fv2%2Fproduct_tag&post=2273"}],"curies":[{"name":"wp","href":"https:\/\/api.w.org\/{rel}","templated":true}]}}