{"id":2277,"date":"2016-12-14T11:01:11","date_gmt":"2016-12-14T13:01:11","guid":{"rendered":"http:\/\/totallubri.com.br\/wp\/?post_type=product&#038;p=2277"},"modified":"2025-05-20T17:19:13","modified_gmt":"2025-05-20T20:19:13","slug":"conjunto-preparador-de-ar-9000-ld-lupus","status":"publish","type":"product","link":"https:\/\/totallubri.com.br\/?product=conjunto-preparador-de-ar-9000-ld-lupus","title":{"rendered":"Regulador de Ar \u2013 9000-LD \u2013 Lupus"},"content":{"rendered":"<p>Ideal para uso em equipamentos pneum\u00e1ticos porque tem a fun\u00e7\u00e3o b\u00e1sica de regular a press\u00e3o do ar , aumentando a vida \u00fatil dos mesmos.<\/p>\n<p>Descri\u00e7\u00e3o: Regulador de Ar 1\/4&#8243;<br \/>\nEm alum\u00ednio, possui v\u00e1lvula reguladora de ar, man\u00f4metro, dreno e suporte para parede.<\/p>\n<p>Vaz\u00e3o m\u00e1xima 500 L\/min<br \/>\nEntrada e sa\u00edda 1\/4&#8242; BSP<br \/>\nIndicador 0 a 150 PSI<\/p>\n<p>Peso 0,15 kg<\/p>\n<p>Medidas (A) 95mm x (L) 40 mm<\/p>\n","protected":false},"excerpt":{"rendered":"<p>Ideal para uso em equipamentos pneum\u00e1ticos porque tem a fun\u00e7\u00e3o b\u00e1sica de regular a press\u00e3o do ar , aumentando a vida \u00fatil dos mesmos. Descri\u00e7\u00e3o: Regulador de Ar 1\/4&#8243; Em alum\u00ednio, possui v\u00e1lvula reguladora de ar, man\u00f4metro, dreno e suporte para parede. Vaz\u00e3o m\u00e1xima 500 L\/min Entrada e sa\u00edda 1\/4&#8242; BSP Indicador 0 a 150 [&hellip;]<\/p>\n","protected":false},"featured_media":2278,"comment_status":"open","ping_status":"closed","template":"","meta":{"_exactmetrics_skip_tracking":false,"_exactmetrics_sitenote_active":false,"_exactmetrics_sitenote_note":"","_exactmetrics_sitenote_category":0},"product_brand":[],"product_cat":[131],"product_tag":[],"class_list":{"0":"post-2277","1":"product","2":"type-product","3":"status-publish","4":"has-post-thumbnail","6":"product_cat-equipamentos-e-acessorios-para-pneumaticos","8":"first","9":"instock","10":"shipping-taxable","11":"product-type-simple"},"_links":{"self":[{"href":"https:\/\/totallubri.com.br\/index.php?rest_route=\/wp\/v2\/product\/2277","targetHints":{"allow":["GET"]}}],"collection":[{"href":"https:\/\/totallubri.com.br\/index.php?rest_route=\/wp\/v2\/product"}],"about":[{"href":"https:\/\/totallubri.com.br\/index.php?rest_route=\/wp\/v2\/types\/product"}],"replies":[{"embeddable":true,"href":"https:\/\/totallubri.com.br\/index.php?rest_route=%2Fwp%2Fv2%2Fcomments&post=2277"}],"wp:featuredmedia":[{"embeddable":true,"href":"https:\/\/totallubri.com.br\/index.php?rest_route=\/wp\/v2\/media\/2278"}],"wp:attachment":[{"href":"https:\/\/totallubri.com.br\/index.php?rest_route=%2Fwp%2Fv2%2Fmedia&parent=2277"}],"wp:term":[{"taxonomy":"product_brand","embeddable":true,"href":"https:\/\/totallubri.com.br\/index.php?rest_route=%2Fwp%2Fv2%2Fproduct_brand&post=2277"},{"taxonomy":"product_cat","embeddable":true,"href":"https:\/\/totallubri.com.br\/index.php?rest_route=%2Fwp%2Fv2%2Fproduct_cat&post=2277"},{"taxonomy":"product_tag","embeddable":true,"href":"https:\/\/totallubri.com.br\/index.php?rest_route=%2Fwp%2Fv2%2Fproduct_tag&post=2277"}],"curies":[{"name":"wp","href":"https:\/\/api.w.org\/{rel}","templated":true}]}}