{"id":2281,"date":"2016-12-14T11:03:42","date_gmt":"2016-12-14T13:03:42","guid":{"rendered":"http:\/\/totallubri.com.br\/wp\/?post_type=product&#038;p=2281"},"modified":"2025-05-19T12:30:48","modified_gmt":"2025-05-19T15:30:48","slug":"dreno-para-compressor-de-ar-2055-lupus","status":"publish","type":"product","link":"https:\/\/totallubri.com.br\/?product=dreno-para-compressor-de-ar-2055-lupus","title":{"rendered":"Dreno para Compressor de Ar \u2013 2055 \u2013 Lupus"},"content":{"rendered":"<p>Produto ideal para a drenagem da \u00e1gua condensada acumulada no interior do reservat\u00f3rio do compressor gerando efici\u00eancia nas opera\u00e7\u00f5es<\/p>\n<p>Descri\u00e7\u00e3o:Dreno para Compressor de Ar<br \/>\nEm lat\u00e3o.<\/p>\n<p>Rosca macho 1\/2&#8242; NPT (M)<\/p>\n<p>Peso 53 g<br \/>\nMedidas (A) 35 mm x (L) 30 mm<\/p>\n","protected":false},"excerpt":{"rendered":"<p>Produto ideal para a drenagem da \u00e1gua condensada acumulada no interior do reservat\u00f3rio do compressor gerando efici\u00eancia nas opera\u00e7\u00f5es Descri\u00e7\u00e3o:Dreno para Compressor de Ar Em lat\u00e3o. Rosca macho 1\/2&#8242; NPT (M) Peso 53 g Medidas (A) 35 mm x (L) 30 mm<\/p>\n","protected":false},"featured_media":2282,"comment_status":"open","ping_status":"closed","template":"","meta":{"_exactmetrics_skip_tracking":false,"_exactmetrics_sitenote_active":false,"_exactmetrics_sitenote_note":"","_exactmetrics_sitenote_category":0},"product_brand":[],"product_cat":[131],"product_tag":[],"class_list":{"0":"post-2281","1":"product","2":"type-product","3":"status-publish","4":"has-post-thumbnail","6":"product_cat-equipamentos-e-acessorios-para-pneumaticos","8":"first","9":"instock","10":"shipping-taxable","11":"product-type-simple"},"_links":{"self":[{"href":"https:\/\/totallubri.com.br\/index.php?rest_route=\/wp\/v2\/product\/2281","targetHints":{"allow":["GET"]}}],"collection":[{"href":"https:\/\/totallubri.com.br\/index.php?rest_route=\/wp\/v2\/product"}],"about":[{"href":"https:\/\/totallubri.com.br\/index.php?rest_route=\/wp\/v2\/types\/product"}],"replies":[{"embeddable":true,"href":"https:\/\/totallubri.com.br\/index.php?rest_route=%2Fwp%2Fv2%2Fcomments&post=2281"}],"wp:featuredmedia":[{"embeddable":true,"href":"https:\/\/totallubri.com.br\/index.php?rest_route=\/wp\/v2\/media\/2282"}],"wp:attachment":[{"href":"https:\/\/totallubri.com.br\/index.php?rest_route=%2Fwp%2Fv2%2Fmedia&parent=2281"}],"wp:term":[{"taxonomy":"product_brand","embeddable":true,"href":"https:\/\/totallubri.com.br\/index.php?rest_route=%2Fwp%2Fv2%2Fproduct_brand&post=2281"},{"taxonomy":"product_cat","embeddable":true,"href":"https:\/\/totallubri.com.br\/index.php?rest_route=%2Fwp%2Fv2%2Fproduct_cat&post=2281"},{"taxonomy":"product_tag","embeddable":true,"href":"https:\/\/totallubri.com.br\/index.php?rest_route=%2Fwp%2Fv2%2Fproduct_tag&post=2281"}],"curies":[{"name":"wp","href":"https:\/\/api.w.org\/{rel}","templated":true}]}}