{"id":2287,"date":"2016-12-14T11:09:56","date_gmt":"2016-12-14T13:09:56","guid":{"rendered":"http:\/\/totallubri.com.br\/wp\/?post_type=product&#038;p=2287"},"modified":"2025-05-19T12:26:37","modified_gmt":"2025-05-19T15:26:37","slug":"emenda-1998-a-lupus","status":"publish","type":"product","link":"https:\/\/totallubri.com.br\/?product=emenda-1998-a-lupus","title":{"rendered":"Emenda reta\u20131998-A \u2013 Lupus"},"content":{"rendered":"<p>Emenda utilizado para mangueiras de ar comprimido<\/p>\n<p>Descri\u00e7\u00e3o codigo(1998-A):Emenda &#8211; Em lat\u00e3o.<\/p>\n<p>Escama 1\/4&#8242; x 1\/4&#8242; NPT<br \/>\nEmbalagem 10 unidades<\/p>\n<p>Peso 5 g &#8211; Medidas (L) 38 mm<\/p>\n<table width=\"645\">\n<tbody>\n<tr>\n<td width=\"114\">1998-A<\/td>\n<td width=\"531\">Emenda Reta 1-4Pol X 1-4Pol Npt &#8211;\u00a0 Pt 10 Unidades<\/td>\n<\/tr>\n<tr>\n<td width=\"114\">1998-B<\/td>\n<td width=\"531\">Emenda Reta 5-16Pol X 5-16Pol Npt &#8211; Pt 10 Unidades<\/td>\n<\/tr>\n<tr>\n<td width=\"114\">1998-C<\/td>\n<td width=\"531\">Emenda Reta 3-8Pol X 3-8Pol Npt &#8211; Pt 10 Unidades<\/td>\n<\/tr>\n<tr>\n<td width=\"114\">1998-D<\/td>\n<td width=\"531\">Emenda Reta 1-2Pol X 1-2Pol Npt &#8211; Pt 10 Unidades<\/td>\n<\/tr>\n<tr>\n<td width=\"114\">1998-E<\/td>\n<td width=\"531\">Emenda Reta 3-4Pol X 3-4Pol Npt &#8211; Pt 10 Unidades<\/td>\n<\/tr>\n<\/tbody>\n<\/table>\n","protected":false},"excerpt":{"rendered":"<p>Emenda utilizado para mangueiras de ar comprimido Descri\u00e7\u00e3o codigo(1998-A):Emenda &#8211; Em lat\u00e3o. Escama 1\/4&#8242; x 1\/4&#8242; NPT Embalagem 10 unidades Peso 5 g &#8211; Medidas (L) 38 mm 1998-A Emenda Reta 1-4Pol X 1-4Pol Npt &#8211;\u00a0 Pt 10 Unidades 1998-B Emenda Reta 5-16Pol X 5-16Pol Npt &#8211; Pt 10 Unidades 1998-C Emenda Reta 3-8Pol X [&hellip;]<\/p>\n","protected":false},"featured_media":2290,"comment_status":"open","ping_status":"closed","template":"","meta":{"_exactmetrics_skip_tracking":false,"_exactmetrics_sitenote_active":false,"_exactmetrics_sitenote_note":"","_exactmetrics_sitenote_category":0},"product_brand":[],"product_cat":[131,97],"product_tag":[],"class_list":{"0":"post-2287","1":"product","2":"type-product","3":"status-publish","4":"has-post-thumbnail","6":"product_cat-equipamentos-e-acessorios-para-pneumaticos","7":"product_cat-mangueiras-terminais-e-acessorios-para-mangueiras","9":"first","10":"instock","11":"shipping-taxable","12":"product-type-simple"},"_links":{"self":[{"href":"https:\/\/totallubri.com.br\/index.php?rest_route=\/wp\/v2\/product\/2287","targetHints":{"allow":["GET"]}}],"collection":[{"href":"https:\/\/totallubri.com.br\/index.php?rest_route=\/wp\/v2\/product"}],"about":[{"href":"https:\/\/totallubri.com.br\/index.php?rest_route=\/wp\/v2\/types\/product"}],"replies":[{"embeddable":true,"href":"https:\/\/totallubri.com.br\/index.php?rest_route=%2Fwp%2Fv2%2Fcomments&post=2287"}],"wp:featuredmedia":[{"embeddable":true,"href":"https:\/\/totallubri.com.br\/index.php?rest_route=\/wp\/v2\/media\/2290"}],"wp:attachment":[{"href":"https:\/\/totallubri.com.br\/index.php?rest_route=%2Fwp%2Fv2%2Fmedia&parent=2287"}],"wp:term":[{"taxonomy":"product_brand","embeddable":true,"href":"https:\/\/totallubri.com.br\/index.php?rest_route=%2Fwp%2Fv2%2Fproduct_brand&post=2287"},{"taxonomy":"product_cat","embeddable":true,"href":"https:\/\/totallubri.com.br\/index.php?rest_route=%2Fwp%2Fv2%2Fproduct_cat&post=2287"},{"taxonomy":"product_tag","embeddable":true,"href":"https:\/\/totallubri.com.br\/index.php?rest_route=%2Fwp%2Fv2%2Fproduct_tag&post=2287"}],"curies":[{"name":"wp","href":"https:\/\/api.w.org\/{rel}","templated":true}]}}