{"id":2310,"date":"2016-12-14T11:16:19","date_gmt":"2016-12-14T13:16:19","guid":{"rendered":"http:\/\/totallubri.com.br\/wp\/?post_type=product&#038;p=2310"},"modified":"2024-11-21T15:10:39","modified_gmt":"2024-11-21T18:10:39","slug":"bomba-de-transferencia-manual-9009-p-lupus","status":"publish","type":"product","link":"https:\/\/totallubri.com.br\/?product=bomba-de-transferencia-manual-9009-p-lupus","title":{"rendered":"Bomba de Transfer\u00eancia Manual &#8211; 9009-P &#8211; Lupus"},"content":{"rendered":"<p>Bomba muito vers\u00e1til e de f\u00e1cil utiliza\u00e7\u00e3o a qual o cliente tem possibilidade de us\u00e1-la para transfer\u00eancia de \u00e1gua.<\/p>\n<p>Descri\u00e7\u00e3o: Bomba de Transfer\u00eancia Manual<br \/>\nEm polietileno, adapt\u00e1vel a tambores de 200 L, para \u00e1gua e l\u00edquidos leves.<\/p>\n<p>Vaz\u00e3o livre 20 ml\/ciclo<br \/>\nMangueira 1 m<br \/>\nSuc\u00e7\u00e3o 2 tubos\/ 885 mm<\/p>\n","protected":false},"excerpt":{"rendered":"<p>Bomba muito vers\u00e1til e de f\u00e1cil utiliza\u00e7\u00e3o a qual o cliente tem possibilidade de us\u00e1-la para transfer\u00eancia de \u00e1gua. Descri\u00e7\u00e3o: Bomba de Transfer\u00eancia Manual Em polietileno, adapt\u00e1vel a tambores de 200 L, para \u00e1gua e l\u00edquidos leves. Vaz\u00e3o livre 20 ml\/ciclo Mangueira 1 m Suc\u00e7\u00e3o 2 tubos\/ 885 mm<\/p>\n","protected":false},"featured_media":2312,"comment_status":"open","ping_status":"closed","template":"","meta":{"_exactmetrics_skip_tracking":false,"_exactmetrics_sitenote_active":false,"_exactmetrics_sitenote_note":"","_exactmetrics_sitenote_category":0},"product_brand":[],"product_cat":[99],"product_tag":[],"class_list":{"0":"post-2310","1":"product","2":"type-product","3":"status-publish","4":"has-post-thumbnail","6":"product_cat-bomba-manual-para-liquidos","8":"first","9":"instock","10":"shipping-taxable","11":"product-type-simple"},"_links":{"self":[{"href":"https:\/\/totallubri.com.br\/index.php?rest_route=\/wp\/v2\/product\/2310","targetHints":{"allow":["GET"]}}],"collection":[{"href":"https:\/\/totallubri.com.br\/index.php?rest_route=\/wp\/v2\/product"}],"about":[{"href":"https:\/\/totallubri.com.br\/index.php?rest_route=\/wp\/v2\/types\/product"}],"replies":[{"embeddable":true,"href":"https:\/\/totallubri.com.br\/index.php?rest_route=%2Fwp%2Fv2%2Fcomments&post=2310"}],"wp:featuredmedia":[{"embeddable":true,"href":"https:\/\/totallubri.com.br\/index.php?rest_route=\/wp\/v2\/media\/2312"}],"wp:attachment":[{"href":"https:\/\/totallubri.com.br\/index.php?rest_route=%2Fwp%2Fv2%2Fmedia&parent=2310"}],"wp:term":[{"taxonomy":"product_brand","embeddable":true,"href":"https:\/\/totallubri.com.br\/index.php?rest_route=%2Fwp%2Fv2%2Fproduct_brand&post=2310"},{"taxonomy":"product_cat","embeddable":true,"href":"https:\/\/totallubri.com.br\/index.php?rest_route=%2Fwp%2Fv2%2Fproduct_cat&post=2310"},{"taxonomy":"product_tag","embeddable":true,"href":"https:\/\/totallubri.com.br\/index.php?rest_route=%2Fwp%2Fv2%2Fproduct_tag&post=2310"}],"curies":[{"name":"wp","href":"https:\/\/api.w.org\/{rel}","templated":true}]}}