{"id":2314,"date":"2016-12-14T11:18:13","date_gmt":"2016-12-14T13:18:13","guid":{"rendered":"http:\/\/totallubri.com.br\/wp\/?post_type=product&#038;p=2314"},"modified":"2025-01-18T17:35:12","modified_gmt":"2025-01-18T20:35:12","slug":"emenda-em-cruz-1994-cd-lupus","status":"publish","type":"product","link":"https:\/\/totallubri.com.br\/?product=emenda-em-cruz-1994-cd-lupus","title":{"rendered":"Emenda em Cruz &#8211; 1994-CD &#8211; Lupus"},"content":{"rendered":"<p>Acess\u00f3rio indicado para emendar mangueiras<\/p>\n<p>Descri\u00e7\u00e3o:Emenda em Cruz<br \/>\nEm lat\u00e3o.<\/p>\n<p>Escama 1\/2&#8242; x 1\/2&#8242; x 1\/2&#8242; NPT<br \/>\nEmbalagem 10 unidades<\/p>\n<p>Peso 30 g<br \/>\nMedidas (A) 55 mm<\/p>\n<table width=\"645\">\n<tbody>\n<tr>\n<td width=\"114\">1994-CA<\/td>\n<td width=\"531\">Emenda Em Cruz 1-4Pol X 1-4Pol X 1-4Pol X 1-4Pol &#8211; Pt 10 Unidades<\/td>\n<\/tr>\n<tr>\n<td width=\"114\">1994-CB<\/td>\n<td width=\"531\">Emenda Em Cruz 5-16Pol X 5-16Pol X 5-16Pol X 5-16Pol &#8211; Pt 10 Unidades<\/td>\n<\/tr>\n<tr>\n<td width=\"114\">1994-CC<\/td>\n<td width=\"531\">Emenda Em Cruz 3-8Pol X 3-8Pol X 3-8Pol X 3-8Pol &#8211; Pt 10 Unidades<\/td>\n<\/tr>\n<tr>\n<td width=\"114\">1994-CD<\/td>\n<td width=\"531\">Emenda Em Cruz 1-2Pol X 1-2Pol X 1-2Pol X 1-2Pol &#8211; Pt 10 Unidades<\/td>\n<\/tr>\n<\/tbody>\n<\/table>\n","protected":false},"excerpt":{"rendered":"<p>Acess\u00f3rio indicado para emendar mangueiras Descri\u00e7\u00e3o:Emenda em Cruz Em lat\u00e3o. Escama 1\/2&#8242; x 1\/2&#8242; x 1\/2&#8242; NPT Embalagem 10 unidades Peso 30 g Medidas (A) 55 mm 1994-CA Emenda Em Cruz 1-4Pol X 1-4Pol X 1-4Pol X 1-4Pol &#8211; Pt 10 Unidades 1994-CB Emenda Em Cruz 5-16Pol X 5-16Pol X 5-16Pol X 5-16Pol &#8211; Pt [&hellip;]<\/p>\n","protected":false},"featured_media":2316,"comment_status":"open","ping_status":"closed","template":"","meta":{"_exactmetrics_skip_tracking":false,"_exactmetrics_sitenote_active":false,"_exactmetrics_sitenote_note":"","_exactmetrics_sitenote_category":0},"product_brand":[],"product_cat":[97],"product_tag":[],"class_list":{"0":"post-2314","1":"product","2":"type-product","3":"status-publish","4":"has-post-thumbnail","6":"product_cat-mangueiras-terminais-e-acessorios-para-mangueiras","8":"first","9":"instock","10":"shipping-taxable","11":"product-type-simple"},"_links":{"self":[{"href":"https:\/\/totallubri.com.br\/index.php?rest_route=\/wp\/v2\/product\/2314","targetHints":{"allow":["GET"]}}],"collection":[{"href":"https:\/\/totallubri.com.br\/index.php?rest_route=\/wp\/v2\/product"}],"about":[{"href":"https:\/\/totallubri.com.br\/index.php?rest_route=\/wp\/v2\/types\/product"}],"replies":[{"embeddable":true,"href":"https:\/\/totallubri.com.br\/index.php?rest_route=%2Fwp%2Fv2%2Fcomments&post=2314"}],"wp:featuredmedia":[{"embeddable":true,"href":"https:\/\/totallubri.com.br\/index.php?rest_route=\/wp\/v2\/media\/2316"}],"wp:attachment":[{"href":"https:\/\/totallubri.com.br\/index.php?rest_route=%2Fwp%2Fv2%2Fmedia&parent=2314"}],"wp:term":[{"taxonomy":"product_brand","embeddable":true,"href":"https:\/\/totallubri.com.br\/index.php?rest_route=%2Fwp%2Fv2%2Fproduct_brand&post=2314"},{"taxonomy":"product_cat","embeddable":true,"href":"https:\/\/totallubri.com.br\/index.php?rest_route=%2Fwp%2Fv2%2Fproduct_cat&post=2314"},{"taxonomy":"product_tag","embeddable":true,"href":"https:\/\/totallubri.com.br\/index.php?rest_route=%2Fwp%2Fv2%2Fproduct_tag&post=2314"}],"curies":[{"name":"wp","href":"https:\/\/api.w.org\/{rel}","templated":true}]}}