{"id":2315,"date":"2016-12-14T11:18:30","date_gmt":"2016-12-14T13:18:30","guid":{"rendered":"http:\/\/totallubri.com.br\/wp\/?post_type=product&#038;p=2315"},"modified":"2024-11-29T12:40:19","modified_gmt":"2024-11-29T15:40:19","slug":"bomba-de-transferencia-manual-para-drenagem-2015-d-lupus","status":"publish","type":"product","link":"https:\/\/totallubri.com.br\/?product=bomba-de-transferencia-manual-para-drenagem-2015-d-lupus","title":{"rendered":"Bomba de Transf\u00earencia Manual Para Drenagem \u2013 2015-D \u2013 Lupus"},"content":{"rendered":"<p>Traz solu\u00e7\u00e3o ao cliente que necessita drenar \u00e1gua de combust\u00edveis, para evitar a contamina\u00e7\u00e3o de equipamentos.<\/p>\n<p>Descri\u00e7\u00e3o:Bomba de Transferencia.<br \/>\nEm alum\u00ednio, para drenar \u00e1gua em tanques de combust\u00edveis.<br \/>\nCapacidade 500 ml<br \/>\nMangueira n\u00e3o acompanha<br \/>\nPeso 2 kg<br \/>\nMedidas (A) 370 mm x (L) 65 mm<\/p>\n","protected":false},"excerpt":{"rendered":"<p>Traz solu\u00e7\u00e3o ao cliente que necessita drenar \u00e1gua de combust\u00edveis, para evitar a contamina\u00e7\u00e3o de equipamentos. Descri\u00e7\u00e3o:Bomba de Transferencia. Em alum\u00ednio, para drenar \u00e1gua em tanques de combust\u00edveis. Capacidade 500 ml Mangueira n\u00e3o acompanha Peso 2 kg Medidas (A) 370 mm x (L) 65 mm<\/p>\n","protected":false},"featured_media":2317,"comment_status":"open","ping_status":"closed","template":"","meta":{"_exactmetrics_skip_tracking":false,"_exactmetrics_sitenote_active":false,"_exactmetrics_sitenote_note":"","_exactmetrics_sitenote_category":0},"product_brand":[],"product_cat":[99],"product_tag":[],"class_list":{"0":"post-2315","1":"product","2":"type-product","3":"status-publish","4":"has-post-thumbnail","6":"product_cat-bomba-manual-para-liquidos","8":"first","9":"instock","10":"shipping-taxable","11":"product-type-simple"},"_links":{"self":[{"href":"https:\/\/totallubri.com.br\/index.php?rest_route=\/wp\/v2\/product\/2315","targetHints":{"allow":["GET"]}}],"collection":[{"href":"https:\/\/totallubri.com.br\/index.php?rest_route=\/wp\/v2\/product"}],"about":[{"href":"https:\/\/totallubri.com.br\/index.php?rest_route=\/wp\/v2\/types\/product"}],"replies":[{"embeddable":true,"href":"https:\/\/totallubri.com.br\/index.php?rest_route=%2Fwp%2Fv2%2Fcomments&post=2315"}],"wp:featuredmedia":[{"embeddable":true,"href":"https:\/\/totallubri.com.br\/index.php?rest_route=\/wp\/v2\/media\/2317"}],"wp:attachment":[{"href":"https:\/\/totallubri.com.br\/index.php?rest_route=%2Fwp%2Fv2%2Fmedia&parent=2315"}],"wp:term":[{"taxonomy":"product_brand","embeddable":true,"href":"https:\/\/totallubri.com.br\/index.php?rest_route=%2Fwp%2Fv2%2Fproduct_brand&post=2315"},{"taxonomy":"product_cat","embeddable":true,"href":"https:\/\/totallubri.com.br\/index.php?rest_route=%2Fwp%2Fv2%2Fproduct_cat&post=2315"},{"taxonomy":"product_tag","embeddable":true,"href":"https:\/\/totallubri.com.br\/index.php?rest_route=%2Fwp%2Fv2%2Fproduct_tag&post=2315"}],"curies":[{"name":"wp","href":"https:\/\/api.w.org\/{rel}","templated":true}]}}