{"id":2336,"date":"2016-12-14T11:25:01","date_gmt":"2016-12-14T13:25:01","guid":{"rendered":"http:\/\/totallubri.com.br\/wp\/?post_type=product&#038;p=2336"},"modified":"2025-05-19T12:10:50","modified_gmt":"2025-05-19T15:10:50","slug":"engate-rapido-2018-h-lupus","status":"publish","type":"product","link":"https:\/\/totallubri.com.br\/?product=engate-rapido-2018-h-lupus","title":{"rendered":"Engate R\u00e1pido \u2013 2018-H \u2013 Lupus"},"content":{"rendered":"<p>Ideal para ferramentas de ar comprimido, permite trocar facilmente as ferramentas das mangueiras de ar<\/p>\n<p>Descri\u00e7\u00e3o:Engate R\u00e1pido<br \/>\nEm a\u00e7o galvanizado, alta press\u00e3o.Rosca NPT(F)<\/p>\n<p>Rosca 1\/2&#8242; f\u00eamea com esferas<br \/>\nPress\u00e3o m\u00e1xima de opera\u00e7\u00e3o 4.000 PSI<\/p>\n<p>Peso 263 g<br \/>\nMedidas (A) 32 mm x (L) 56 mm<\/p>\n<p>DEMAIS CODIGOS S\/FOTO DIRETO C\/VENDEDOR<\/p>\n<table width=\"645\">\n<tbody>\n<tr>\n<td width=\"114\">2017-H<\/td>\n<td width=\"531\">Engate Rapido &#8211; F.1Pol Com Esferas<\/td>\n<\/tr>\n<tr>\n<td width=\"114\">2018-H<\/td>\n<td width=\"531\">Engate Rapido &#8211; E.F. 1-2Pol Com Esferas<\/td>\n<\/tr>\n<tr>\n<td width=\"114\">2019-H<\/td>\n<td width=\"531\">Engate Rapido &#8211; F.3-8Pol Com Esferas<\/td>\n<\/tr>\n<tr>\n<td width=\"114\">2024-H<\/td>\n<td width=\"531\">Engate Rapido &#8211; F.3-4Pol Com Esferas<\/td>\n<\/tr>\n<\/tbody>\n<\/table>\n","protected":false},"excerpt":{"rendered":"<p>Ideal para ferramentas de ar comprimido, permite trocar facilmente as ferramentas das mangueiras de ar Descri\u00e7\u00e3o:Engate R\u00e1pido Em a\u00e7o galvanizado, alta press\u00e3o.Rosca NPT(F) Rosca 1\/2&#8242; f\u00eamea com esferas Press\u00e3o m\u00e1xima de opera\u00e7\u00e3o 4.000 PSI Peso 263 g Medidas (A) 32 mm x (L) 56 mm DEMAIS CODIGOS S\/FOTO DIRETO C\/VENDEDOR 2017-H Engate Rapido &#8211; F.1Pol [&hellip;]<\/p>\n","protected":false},"featured_media":2338,"comment_status":"open","ping_status":"closed","template":"","meta":{"_exactmetrics_skip_tracking":false,"_exactmetrics_sitenote_active":false,"_exactmetrics_sitenote_note":"","_exactmetrics_sitenote_category":0},"product_brand":[],"product_cat":[131],"product_tag":[],"class_list":{"0":"post-2336","1":"product","2":"type-product","3":"status-publish","4":"has-post-thumbnail","6":"product_cat-equipamentos-e-acessorios-para-pneumaticos","8":"first","9":"instock","10":"shipping-taxable","11":"product-type-simple"},"_links":{"self":[{"href":"https:\/\/totallubri.com.br\/index.php?rest_route=\/wp\/v2\/product\/2336","targetHints":{"allow":["GET"]}}],"collection":[{"href":"https:\/\/totallubri.com.br\/index.php?rest_route=\/wp\/v2\/product"}],"about":[{"href":"https:\/\/totallubri.com.br\/index.php?rest_route=\/wp\/v2\/types\/product"}],"replies":[{"embeddable":true,"href":"https:\/\/totallubri.com.br\/index.php?rest_route=%2Fwp%2Fv2%2Fcomments&post=2336"}],"wp:featuredmedia":[{"embeddable":true,"href":"https:\/\/totallubri.com.br\/index.php?rest_route=\/wp\/v2\/media\/2338"}],"wp:attachment":[{"href":"https:\/\/totallubri.com.br\/index.php?rest_route=%2Fwp%2Fv2%2Fmedia&parent=2336"}],"wp:term":[{"taxonomy":"product_brand","embeddable":true,"href":"https:\/\/totallubri.com.br\/index.php?rest_route=%2Fwp%2Fv2%2Fproduct_brand&post=2336"},{"taxonomy":"product_cat","embeddable":true,"href":"https:\/\/totallubri.com.br\/index.php?rest_route=%2Fwp%2Fv2%2Fproduct_cat&post=2336"},{"taxonomy":"product_tag","embeddable":true,"href":"https:\/\/totallubri.com.br\/index.php?rest_route=%2Fwp%2Fv2%2Fproduct_tag&post=2336"}],"curies":[{"name":"wp","href":"https:\/\/api.w.org\/{rel}","templated":true}]}}