{"id":2337,"date":"2016-12-14T11:25:28","date_gmt":"2016-12-14T13:25:28","guid":{"rendered":"http:\/\/totallubri.com.br\/wp\/?post_type=product&#038;p=2337"},"modified":"2024-11-25T22:02:50","modified_gmt":"2024-11-26T01:02:50","slug":"carretel-automatico-3022-samoa","status":"publish","type":"product","link":"https:\/\/totallubri.com.br\/?product=carretel-automatico-3022-samoa","title":{"rendered":"Carretel Automatico &#8211; 3022 &#8211; Samoa"},"content":{"rendered":"<p>Produto da marca Samoa \u00e9 um carretel autom\u00e1tico com base simples indicado para enrolar e acondicionar mangueira evitando desgaste e contamina\u00e7\u00e3o da mesma, excelente custo beneficio para empresas que se preocupam com a organiza\u00e7\u00e3o do ambiente de trabalho, e busca facilidades no manuseio de mangueira.<\/p>\n<p>Descri\u00e7\u00e3o:<br \/>\nEm a\u00e7o, com base simples e retra\u00e7\u00e3o autom\u00e1tica. Montado com mangueira.<br \/>\nMangueira 15 m \/ \u00f8 5\/16\u201d (8 mm) \/ PVC<br \/>\nPress\u00e3o m\u00e1xima de opera\u00e7\u00e3o . 200 PSI<br \/>\nEntrada . \u00f8 3\/8\u201d BSP \/ macho<br \/>\nSa\u00edda . \u00f8 1\/4\u201d BSP \/ macho<br \/>\nPeso: 6,5 kg . Medidas: (A) 360 mm x (L) 410 mm<\/p>\n","protected":false},"excerpt":{"rendered":"<p>Produto da marca Samoa \u00e9 um carretel autom\u00e1tico com base simples indicado para enrolar e acondicionar mangueira evitando desgaste e contamina\u00e7\u00e3o da mesma, excelente custo beneficio para empresas que se preocupam com a organiza\u00e7\u00e3o do ambiente de trabalho, e busca facilidades no manuseio de mangueira. Descri\u00e7\u00e3o: Em a\u00e7o, com base simples e retra\u00e7\u00e3o autom\u00e1tica. Montado [&hellip;]<\/p>\n","protected":false},"featured_media":2339,"comment_status":"open","ping_status":"closed","template":"","meta":{"_exactmetrics_skip_tracking":false,"_exactmetrics_sitenote_active":false,"_exactmetrics_sitenote_note":"","_exactmetrics_sitenote_category":0},"product_brand":[],"product_cat":[101],"product_tag":[],"class_list":{"0":"post-2337","1":"product","2":"type-product","3":"status-publish","4":"has-post-thumbnail","6":"product_cat-carreteis-samoa-e-coxreels","8":"first","9":"instock","10":"shipping-taxable","11":"product-type-simple"},"_links":{"self":[{"href":"https:\/\/totallubri.com.br\/index.php?rest_route=\/wp\/v2\/product\/2337","targetHints":{"allow":["GET"]}}],"collection":[{"href":"https:\/\/totallubri.com.br\/index.php?rest_route=\/wp\/v2\/product"}],"about":[{"href":"https:\/\/totallubri.com.br\/index.php?rest_route=\/wp\/v2\/types\/product"}],"replies":[{"embeddable":true,"href":"https:\/\/totallubri.com.br\/index.php?rest_route=%2Fwp%2Fv2%2Fcomments&post=2337"}],"wp:featuredmedia":[{"embeddable":true,"href":"https:\/\/totallubri.com.br\/index.php?rest_route=\/wp\/v2\/media\/2339"}],"wp:attachment":[{"href":"https:\/\/totallubri.com.br\/index.php?rest_route=%2Fwp%2Fv2%2Fmedia&parent=2337"}],"wp:term":[{"taxonomy":"product_brand","embeddable":true,"href":"https:\/\/totallubri.com.br\/index.php?rest_route=%2Fwp%2Fv2%2Fproduct_brand&post=2337"},{"taxonomy":"product_cat","embeddable":true,"href":"https:\/\/totallubri.com.br\/index.php?rest_route=%2Fwp%2Fv2%2Fproduct_cat&post=2337"},{"taxonomy":"product_tag","embeddable":true,"href":"https:\/\/totallubri.com.br\/index.php?rest_route=%2Fwp%2Fv2%2Fproduct_tag&post=2337"}],"curies":[{"name":"wp","href":"https:\/\/api.w.org\/{rel}","templated":true}]}}