{"id":2353,"date":"2016-12-14T11:31:18","date_gmt":"2016-12-14T13:31:18","guid":{"rendered":"http:\/\/totallubri.com.br\/wp\/?post_type=product&#038;p=2353"},"modified":"2025-01-20T17:12:15","modified_gmt":"2025-01-20T20:12:15","slug":"engate-rapido-pneumatico-bozza-510","status":"publish","type":"product","link":"https:\/\/totallubri.com.br\/?product=engate-rapido-pneumatico-bozza-510","title":{"rendered":"Engate r\u00e1pido pneum\u00e1tico -510 \u2013 Bozza"},"content":{"rendered":"<p>Ideal para ferramentas de ar comprimido, permite trocar facilmente as ferramentas das mangueiras de ar<\/p>\n<p>detalhes do produto<\/p>\n<p>Engate r\u00e1pido em a\u00e7o para ar comprimido<br \/>\n&#8211; Promove a troca de equipamentos com maior facilidade<br \/>\n&#8211; Rosca f\u00eamea: 1\/4&#8243; NPT<br \/>\n&#8211; Pino macho: 1\/4&#8243; NPT<br \/>\n&#8211; Comprimento total: 70 mm<br \/>\n&#8211; Di\u00e2metro maior: 30 mm<br \/>\n&#8211; Press\u00e3o de trabalho: 150 PSI<br \/>\n&#8211; Veda\u00e7\u00e3o v\u00e1lvula: borracha nitr\u00edlica<br \/>\n&#8211; Peso l\u00edquido: 0,110 kg<\/p>\n","protected":false},"excerpt":{"rendered":"<p>Ideal para ferramentas de ar comprimido, permite trocar facilmente as ferramentas das mangueiras de ar detalhes do produto Engate r\u00e1pido em a\u00e7o para ar comprimido &#8211; Promove a troca de equipamentos com maior facilidade &#8211; Rosca f\u00eamea: 1\/4&#8243; NPT &#8211; Pino macho: 1\/4&#8243; NPT &#8211; Comprimento total: 70 mm &#8211; Di\u00e2metro maior: 30 mm &#8211; [&hellip;]<\/p>\n","protected":false},"featured_media":2354,"comment_status":"open","ping_status":"closed","template":"","meta":{"_exactmetrics_skip_tracking":false,"_exactmetrics_sitenote_active":false,"_exactmetrics_sitenote_note":"","_exactmetrics_sitenote_category":0},"product_brand":[],"product_cat":[131],"product_tag":[],"class_list":{"0":"post-2353","1":"product","2":"type-product","3":"status-publish","4":"has-post-thumbnail","6":"product_cat-equipamentos-e-acessorios-para-pneumaticos","8":"first","9":"instock","10":"shipping-taxable","11":"product-type-simple"},"_links":{"self":[{"href":"https:\/\/totallubri.com.br\/index.php?rest_route=\/wp\/v2\/product\/2353","targetHints":{"allow":["GET"]}}],"collection":[{"href":"https:\/\/totallubri.com.br\/index.php?rest_route=\/wp\/v2\/product"}],"about":[{"href":"https:\/\/totallubri.com.br\/index.php?rest_route=\/wp\/v2\/types\/product"}],"replies":[{"embeddable":true,"href":"https:\/\/totallubri.com.br\/index.php?rest_route=%2Fwp%2Fv2%2Fcomments&post=2353"}],"wp:featuredmedia":[{"embeddable":true,"href":"https:\/\/totallubri.com.br\/index.php?rest_route=\/wp\/v2\/media\/2354"}],"wp:attachment":[{"href":"https:\/\/totallubri.com.br\/index.php?rest_route=%2Fwp%2Fv2%2Fmedia&parent=2353"}],"wp:term":[{"taxonomy":"product_brand","embeddable":true,"href":"https:\/\/totallubri.com.br\/index.php?rest_route=%2Fwp%2Fv2%2Fproduct_brand&post=2353"},{"taxonomy":"product_cat","embeddable":true,"href":"https:\/\/totallubri.com.br\/index.php?rest_route=%2Fwp%2Fv2%2Fproduct_cat&post=2353"},{"taxonomy":"product_tag","embeddable":true,"href":"https:\/\/totallubri.com.br\/index.php?rest_route=%2Fwp%2Fv2%2Fproduct_tag&post=2353"}],"curies":[{"name":"wp","href":"https:\/\/api.w.org\/{rel}","templated":true}]}}