{"id":2363,"date":"2016-12-14T11:40:55","date_gmt":"2016-12-14T13:40:55","guid":{"rendered":"http:\/\/totallubri.com.br\/wp\/?post_type=product&#038;p=2363"},"modified":"2025-05-19T12:02:07","modified_gmt":"2025-05-19T15:02:07","slug":"gatilho-de-limpeza-e-pulverizador-2053-lupus","status":"publish","type":"product","link":"https:\/\/totallubri.com.br\/?product=gatilho-de-limpeza-e-pulverizador-2053-lupus","title":{"rendered":"Gatilho de Limpeza e Pulverizador \u2013 2053 \u2013 Lupus"},"content":{"rendered":"<p>Pulverizador com acionamento por gatilho, ideal para limpeza de motores, pe\u00e7as e muito mais, auxilia muito no processo de limpeza<\/p>\n<p>Descri\u00e7\u00e3o:Gatilho de Limpeza e Pulverizador<br \/>\nCorpo em polietileno e v\u00e1lvula em lat\u00e3o, com baixo n\u00edvel de ru\u00eddo e recipiente em a\u00e7o com capacidade de 0,5L, utilizado para m\u00e1quinas e pulveriza\u00e7\u00e3o.<\/p>\n<p>Entrada 1\/4&#8242; NPT\/ rosca macho<br \/>\nCapacidade 500 ml<\/p>\n<p>Peso 470 grs<br \/>\nMedidas (A) 155 mm x (L) 385 mm<\/p>\n","protected":false},"excerpt":{"rendered":"<p>Pulverizador com acionamento por gatilho, ideal para limpeza de motores, pe\u00e7as e muito mais, auxilia muito no processo de limpeza Descri\u00e7\u00e3o:Gatilho de Limpeza e Pulverizador Corpo em polietileno e v\u00e1lvula em lat\u00e3o, com baixo n\u00edvel de ru\u00eddo e recipiente em a\u00e7o com capacidade de 0,5L, utilizado para m\u00e1quinas e pulveriza\u00e7\u00e3o. Entrada 1\/4&#8242; NPT\/ rosca macho [&hellip;]<\/p>\n","protected":false},"featured_media":2364,"comment_status":"open","ping_status":"closed","template":"","meta":{"_exactmetrics_skip_tracking":false,"_exactmetrics_sitenote_active":false,"_exactmetrics_sitenote_note":"","_exactmetrics_sitenote_category":0},"product_brand":[],"product_cat":[131],"product_tag":[],"class_list":{"0":"post-2363","1":"product","2":"type-product","3":"status-publish","4":"has-post-thumbnail","6":"product_cat-equipamentos-e-acessorios-para-pneumaticos","8":"first","9":"instock","10":"shipping-taxable","11":"product-type-simple"},"_links":{"self":[{"href":"https:\/\/totallubri.com.br\/index.php?rest_route=\/wp\/v2\/product\/2363","targetHints":{"allow":["GET"]}}],"collection":[{"href":"https:\/\/totallubri.com.br\/index.php?rest_route=\/wp\/v2\/product"}],"about":[{"href":"https:\/\/totallubri.com.br\/index.php?rest_route=\/wp\/v2\/types\/product"}],"replies":[{"embeddable":true,"href":"https:\/\/totallubri.com.br\/index.php?rest_route=%2Fwp%2Fv2%2Fcomments&post=2363"}],"wp:featuredmedia":[{"embeddable":true,"href":"https:\/\/totallubri.com.br\/index.php?rest_route=\/wp\/v2\/media\/2364"}],"wp:attachment":[{"href":"https:\/\/totallubri.com.br\/index.php?rest_route=%2Fwp%2Fv2%2Fmedia&parent=2363"}],"wp:term":[{"taxonomy":"product_brand","embeddable":true,"href":"https:\/\/totallubri.com.br\/index.php?rest_route=%2Fwp%2Fv2%2Fproduct_brand&post=2363"},{"taxonomy":"product_cat","embeddable":true,"href":"https:\/\/totallubri.com.br\/index.php?rest_route=%2Fwp%2Fv2%2Fproduct_cat&post=2363"},{"taxonomy":"product_tag","embeddable":true,"href":"https:\/\/totallubri.com.br\/index.php?rest_route=%2Fwp%2Fv2%2Fproduct_tag&post=2363"}],"curies":[{"name":"wp","href":"https:\/\/api.w.org\/{rel}","templated":true}]}}