{"id":2367,"date":"2016-12-14T11:43:28","date_gmt":"2016-12-14T13:43:28","guid":{"rendered":"http:\/\/totallubri.com.br\/wp\/?post_type=product&#038;p=2367"},"modified":"2025-01-21T12:56:32","modified_gmt":"2025-01-21T15:56:32","slug":"lubrifil-de-12-bozza","status":"publish","type":"product","link":"https:\/\/totallubri.com.br\/?product=lubrifil-de-12-bozza","title":{"rendered":"Lubrifil de 1\/2\u2033 \u2013 Bozza"},"content":{"rendered":"<p>Indicado para filtragem de ar comprimido e regulagem de press\u00e3o e lubrificar as redes de ar comprimido, ideal para o bom funcionamento dos equipamentos pneum\u00e1ticos..<\/p>\n<p>detalhes do produto<\/p>\n<p>Unidade de Prepara\u00e7\u00e3o de Ar<br \/>\n&#8211; Regulagem de press\u00e3o de 7,25 PSI a 116 PSI<br \/>\n&#8211; Rosca f\u00eamea de sa\u00edda: 1\/2&#8243; NPT<br \/>\n&#8211; Rosca f\u00eamea de entrada: 1\/2&#8243; NPT<br \/>\n&#8211; Rosca f\u00eamea do man\u00f4metro: 1\/8&#8243; NPT<br \/>\n&#8211; Recomendado utiliza\u00e7\u00e3o com \u00f3leo mineral, sem aditivos, com viscosidade SAE 10 ou ISOVG 32<br \/>\n&#8211; Largura com man\u00f4metro e suporte de fixa\u00e7\u00e3o: 103 mm<br \/>\n&#8211; Peso l\u00edquido: 0,848 kg<\/p>\n","protected":false},"excerpt":{"rendered":"<p>Indicado para filtragem de ar comprimido e regulagem de press\u00e3o e lubrificar as redes de ar comprimido, ideal para o bom funcionamento dos equipamentos pneum\u00e1ticos.. detalhes do produto Unidade de Prepara\u00e7\u00e3o de Ar &#8211; Regulagem de press\u00e3o de 7,25 PSI a 116 PSI &#8211; Rosca f\u00eamea de sa\u00edda: 1\/2&#8243; NPT &#8211; Rosca f\u00eamea de entrada: [&hellip;]<\/p>\n","protected":false},"featured_media":2368,"comment_status":"open","ping_status":"closed","template":"","meta":{"_exactmetrics_skip_tracking":false,"_exactmetrics_sitenote_active":false,"_exactmetrics_sitenote_note":"","_exactmetrics_sitenote_category":0},"product_brand":[],"product_cat":[131],"product_tag":[],"class_list":{"0":"post-2367","1":"product","2":"type-product","3":"status-publish","4":"has-post-thumbnail","6":"product_cat-equipamentos-e-acessorios-para-pneumaticos","8":"first","9":"instock","10":"shipping-taxable","11":"product-type-simple"},"_links":{"self":[{"href":"https:\/\/totallubri.com.br\/index.php?rest_route=\/wp\/v2\/product\/2367","targetHints":{"allow":["GET"]}}],"collection":[{"href":"https:\/\/totallubri.com.br\/index.php?rest_route=\/wp\/v2\/product"}],"about":[{"href":"https:\/\/totallubri.com.br\/index.php?rest_route=\/wp\/v2\/types\/product"}],"replies":[{"embeddable":true,"href":"https:\/\/totallubri.com.br\/index.php?rest_route=%2Fwp%2Fv2%2Fcomments&post=2367"}],"wp:featuredmedia":[{"embeddable":true,"href":"https:\/\/totallubri.com.br\/index.php?rest_route=\/wp\/v2\/media\/2368"}],"wp:attachment":[{"href":"https:\/\/totallubri.com.br\/index.php?rest_route=%2Fwp%2Fv2%2Fmedia&parent=2367"}],"wp:term":[{"taxonomy":"product_brand","embeddable":true,"href":"https:\/\/totallubri.com.br\/index.php?rest_route=%2Fwp%2Fv2%2Fproduct_brand&post=2367"},{"taxonomy":"product_cat","embeddable":true,"href":"https:\/\/totallubri.com.br\/index.php?rest_route=%2Fwp%2Fv2%2Fproduct_cat&post=2367"},{"taxonomy":"product_tag","embeddable":true,"href":"https:\/\/totallubri.com.br\/index.php?rest_route=%2Fwp%2Fv2%2Fproduct_tag&post=2367"}],"curies":[{"name":"wp","href":"https:\/\/api.w.org\/{rel}","templated":true}]}}