{"id":2373,"date":"2016-12-14T11:47:07","date_gmt":"2016-12-14T13:47:07","guid":{"rendered":"http:\/\/totallubri.com.br\/wp\/?post_type=product&#038;p=2373"},"modified":"2025-03-18T12:55:19","modified_gmt":"2025-03-18T15:55:19","slug":"mangueira-2059-lupus","status":"publish","type":"product","link":"https:\/\/totallubri.com.br\/?product=mangueira-2059-lupus","title":{"rendered":"Mangueira para ar comprimido \u2013 2059 \u2013 Lupus"},"content":{"rendered":"<p>Ideal para empresas que utilizam ar comprimido , auxilia em limpezas de equipamentos e maquin\u00e1rios<\/p>\n<p>Descri\u00e7\u00e3o:Mangueira<br \/>\nEm PVC.<\/p>\n<p>Comprimento linear 30 m<br \/>\nTemperatura de trabalho -20\u00b0 a 60\u00b0<br \/>\nConex\u00f5es 1\/4&#8242; NPT\/ macho<\/p>\n<p>Peso 7 kg<br \/>\nMedidas (C) 30 m<\/p>\n","protected":false},"excerpt":{"rendered":"<p>Ideal para empresas que utilizam ar comprimido , auxilia em limpezas de equipamentos e maquin\u00e1rios Descri\u00e7\u00e3o:Mangueira Em PVC. Comprimento linear 30 m Temperatura de trabalho -20\u00b0 a 60\u00b0 Conex\u00f5es 1\/4&#8242; NPT\/ macho Peso 7 kg Medidas (C) 30 m<\/p>\n","protected":false},"featured_media":2374,"comment_status":"open","ping_status":"closed","template":"","meta":{"_exactmetrics_skip_tracking":false,"_exactmetrics_sitenote_active":false,"_exactmetrics_sitenote_note":"","_exactmetrics_sitenote_category":0},"product_brand":[],"product_cat":[97],"product_tag":[],"class_list":{"0":"post-2373","1":"product","2":"type-product","3":"status-publish","4":"has-post-thumbnail","6":"product_cat-mangueiras-terminais-e-acessorios-para-mangueiras","8":"first","9":"instock","10":"shipping-taxable","11":"product-type-simple"},"_links":{"self":[{"href":"https:\/\/totallubri.com.br\/index.php?rest_route=\/wp\/v2\/product\/2373","targetHints":{"allow":["GET"]}}],"collection":[{"href":"https:\/\/totallubri.com.br\/index.php?rest_route=\/wp\/v2\/product"}],"about":[{"href":"https:\/\/totallubri.com.br\/index.php?rest_route=\/wp\/v2\/types\/product"}],"replies":[{"embeddable":true,"href":"https:\/\/totallubri.com.br\/index.php?rest_route=%2Fwp%2Fv2%2Fcomments&post=2373"}],"wp:featuredmedia":[{"embeddable":true,"href":"https:\/\/totallubri.com.br\/index.php?rest_route=\/wp\/v2\/media\/2374"}],"wp:attachment":[{"href":"https:\/\/totallubri.com.br\/index.php?rest_route=%2Fwp%2Fv2%2Fmedia&parent=2373"}],"wp:term":[{"taxonomy":"product_brand","embeddable":true,"href":"https:\/\/totallubri.com.br\/index.php?rest_route=%2Fwp%2Fv2%2Fproduct_brand&post=2373"},{"taxonomy":"product_cat","embeddable":true,"href":"https:\/\/totallubri.com.br\/index.php?rest_route=%2Fwp%2Fv2%2Fproduct_cat&post=2373"},{"taxonomy":"product_tag","embeddable":true,"href":"https:\/\/totallubri.com.br\/index.php?rest_route=%2Fwp%2Fv2%2Fproduct_tag&post=2373"}],"curies":[{"name":"wp","href":"https:\/\/api.w.org\/{rel}","templated":true}]}}