{"id":2379,"date":"2016-12-14T11:50:57","date_gmt":"2016-12-14T13:50:57","guid":{"rendered":"http:\/\/totallubri.com.br\/wp\/?post_type=product&#038;p=2379"},"modified":"2024-11-30T15:33:52","modified_gmt":"2024-11-30T18:33:52","slug":"mangueira-para-ar-comprimido-2057-lupus","status":"publish","type":"product","link":"https:\/\/totallubri.com.br\/?product=mangueira-para-ar-comprimido-2057-lupus","title":{"rendered":"Mangueira para ar comprimido -2057 &#8211; Lupus"},"content":{"rendered":"<p>Ideal para empresas que utilizam ar comprimido , auxilia em limpezas de equipamentos e maquin\u00e1rios<\/p>\n<p>Descri\u00e7\u00e3o:Mangueira<br \/>\nEm poliuretano.<\/p>\n<p>Comprimento linear 10 m<br \/>\nTemperatura de trabalho -20\u00b0 a 60\u00b0<br \/>\nConex\u00f5es 1\/4&#8242; NPT \/ macho<\/p>\n<p>Peso 272 g<br \/>\nMedidas (C) 10 m<\/p>\n","protected":false},"excerpt":{"rendered":"<p>Ideal para empresas que utilizam ar comprimido , auxilia em limpezas de equipamentos e maquin\u00e1rios Descri\u00e7\u00e3o:Mangueira Em poliuretano. Comprimento linear 10 m Temperatura de trabalho -20\u00b0 a 60\u00b0 Conex\u00f5es 1\/4&#8242; NPT \/ macho Peso 272 g Medidas (C) 10 m<\/p>\n","protected":false},"featured_media":2380,"comment_status":"open","ping_status":"closed","template":"","meta":{"_exactmetrics_skip_tracking":false,"_exactmetrics_sitenote_active":false,"_exactmetrics_sitenote_note":"","_exactmetrics_sitenote_category":0},"product_brand":[],"product_cat":[97],"product_tag":[],"class_list":{"0":"post-2379","1":"product","2":"type-product","3":"status-publish","4":"has-post-thumbnail","6":"product_cat-mangueiras-terminais-e-acessorios-para-mangueiras","8":"first","9":"instock","10":"shipping-taxable","11":"product-type-simple"},"_links":{"self":[{"href":"https:\/\/totallubri.com.br\/index.php?rest_route=\/wp\/v2\/product\/2379","targetHints":{"allow":["GET"]}}],"collection":[{"href":"https:\/\/totallubri.com.br\/index.php?rest_route=\/wp\/v2\/product"}],"about":[{"href":"https:\/\/totallubri.com.br\/index.php?rest_route=\/wp\/v2\/types\/product"}],"replies":[{"embeddable":true,"href":"https:\/\/totallubri.com.br\/index.php?rest_route=%2Fwp%2Fv2%2Fcomments&post=2379"}],"wp:featuredmedia":[{"embeddable":true,"href":"https:\/\/totallubri.com.br\/index.php?rest_route=\/wp\/v2\/media\/2380"}],"wp:attachment":[{"href":"https:\/\/totallubri.com.br\/index.php?rest_route=%2Fwp%2Fv2%2Fmedia&parent=2379"}],"wp:term":[{"taxonomy":"product_brand","embeddable":true,"href":"https:\/\/totallubri.com.br\/index.php?rest_route=%2Fwp%2Fv2%2Fproduct_brand&post=2379"},{"taxonomy":"product_cat","embeddable":true,"href":"https:\/\/totallubri.com.br\/index.php?rest_route=%2Fwp%2Fv2%2Fproduct_cat&post=2379"},{"taxonomy":"product_tag","embeddable":true,"href":"https:\/\/totallubri.com.br\/index.php?rest_route=%2Fwp%2Fv2%2Fproduct_tag&post=2379"}],"curies":[{"name":"wp","href":"https:\/\/api.w.org\/{rel}","templated":true}]}}