{"id":2392,"date":"2016-12-14T12:08:49","date_gmt":"2016-12-14T14:08:49","guid":{"rendered":"http:\/\/totallubri.com.br\/wp\/?post_type=product&#038;p=2392"},"modified":"2024-11-25T17:05:00","modified_gmt":"2024-11-25T20:05:00","slug":"carretel-automatico-com-mangueira-3002-ma12-samoa","status":"publish","type":"product","link":"https:\/\/totallubri.com.br\/?product=carretel-automatico-com-mangueira-3002-ma12-samoa","title":{"rendered":"Carretel Autom\u00e1tico com Mangueira &#8211; 3002-MA12 &#8211; Samoa"},"content":{"rendered":"<p>Carretel autom\u00e1tico indicado para empresas que se preocupam com a organiza\u00e7\u00e3o do ambiente de trabalho, e facilidades no manuseio de mangueira.<\/p>\n<p>Descri\u00e7\u00e3o:Carretel Autom\u00e1tico com Mangueira<br \/>\nEm alum\u00ednio e ABS, com base simples e retra\u00e7\u00e3o autom\u00e1tica com rolamentos. Montado com mangueira.<\/p>\n<p>Mangueira . 12 m \/ \u00f8 1\/2\u201d<br \/>\nPress\u00e3o m\u00e1xima de opera\u00e7\u00e3o . 1.100 PSI<br \/>\nPeso: 16 kg . Medidas: (A) 480 mm x (L) 480 mm<\/p>\n<p>OPCIONAL: 3002<br \/>\nCarretel autom\u00e1tico sem mangueira<\/p>\n","protected":false},"excerpt":{"rendered":"<p>Carretel autom\u00e1tico indicado para empresas que se preocupam com a organiza\u00e7\u00e3o do ambiente de trabalho, e facilidades no manuseio de mangueira. Descri\u00e7\u00e3o:Carretel Autom\u00e1tico com Mangueira Em alum\u00ednio e ABS, com base simples e retra\u00e7\u00e3o autom\u00e1tica com rolamentos. Montado com mangueira. Mangueira . 12 m \/ \u00f8 1\/2\u201d Press\u00e3o m\u00e1xima de opera\u00e7\u00e3o . 1.100 PSI Peso: [&hellip;]<\/p>\n","protected":false},"featured_media":2394,"comment_status":"open","ping_status":"closed","template":"","meta":{"_exactmetrics_skip_tracking":false,"_exactmetrics_sitenote_active":false,"_exactmetrics_sitenote_note":"","_exactmetrics_sitenote_category":0},"product_brand":[],"product_cat":[101],"product_tag":[],"class_list":{"0":"post-2392","1":"product","2":"type-product","3":"status-publish","4":"has-post-thumbnail","6":"product_cat-carreteis-samoa-e-coxreels","8":"first","9":"instock","10":"shipping-taxable","11":"product-type-simple"},"_links":{"self":[{"href":"https:\/\/totallubri.com.br\/index.php?rest_route=\/wp\/v2\/product\/2392","targetHints":{"allow":["GET"]}}],"collection":[{"href":"https:\/\/totallubri.com.br\/index.php?rest_route=\/wp\/v2\/product"}],"about":[{"href":"https:\/\/totallubri.com.br\/index.php?rest_route=\/wp\/v2\/types\/product"}],"replies":[{"embeddable":true,"href":"https:\/\/totallubri.com.br\/index.php?rest_route=%2Fwp%2Fv2%2Fcomments&post=2392"}],"wp:featuredmedia":[{"embeddable":true,"href":"https:\/\/totallubri.com.br\/index.php?rest_route=\/wp\/v2\/media\/2394"}],"wp:attachment":[{"href":"https:\/\/totallubri.com.br\/index.php?rest_route=%2Fwp%2Fv2%2Fmedia&parent=2392"}],"wp:term":[{"taxonomy":"product_brand","embeddable":true,"href":"https:\/\/totallubri.com.br\/index.php?rest_route=%2Fwp%2Fv2%2Fproduct_brand&post=2392"},{"taxonomy":"product_cat","embeddable":true,"href":"https:\/\/totallubri.com.br\/index.php?rest_route=%2Fwp%2Fv2%2Fproduct_cat&post=2392"},{"taxonomy":"product_tag","embeddable":true,"href":"https:\/\/totallubri.com.br\/index.php?rest_route=%2Fwp%2Fv2%2Fproduct_tag&post=2392"}],"curies":[{"name":"wp","href":"https:\/\/api.w.org\/{rel}","templated":true}]}}