{"id":2396,"date":"2016-12-14T12:10:01","date_gmt":"2016-12-14T14:10:01","guid":{"rendered":"http:\/\/totallubri.com.br\/wp\/?post_type=product&#038;p=2396"},"modified":"2025-01-20T14:53:17","modified_gmt":"2025-01-20T17:53:17","slug":"niple-de-reducao-2060-e-lupus","status":"publish","type":"product","link":"https:\/\/totallubri.com.br\/?product=niple-de-reducao-2060-e-lupus","title":{"rendered":"Niple de Redu\u00e7\u00e3o &#8211; 2060-E &#8211; Lupus"},"content":{"rendered":"<p>Niple \u00e9 uma pe\u00e7a com rosca nas duas extremidades , ideal para unir duas pe\u00e7as rosque\u00e1vei<\/p>\n<p>Descri\u00e7\u00e3o: Em lat\u00e3o.<\/p>\n<p>Rosca 1\/2&#8243; x 3\/4&#8243; NPT<br \/>\nEmbalagem 10 unidades<\/p>\n<p>Peso 70 g &#8211; Medidas (L) 34 mm<\/p>\n<table width=\"645\">\n<tbody>\n<tr>\n<td width=\"114\">2060-A<\/td>\n<td width=\"531\">Niple Latao 1-4Pol X 1-4Pol Npt &#8211; Pt 10 Unidades<\/td>\n<\/tr>\n<tr>\n<td width=\"114\">2060-B<\/td>\n<td width=\"531\">Niple Latao 3-8Pol X 3-8Pol Npt &#8211; Pt 10 Unidades<\/td>\n<\/tr>\n<tr>\n<td width=\"114\">2060-C<\/td>\n<td width=\"531\">Niple Latao 1-2Pol X 1-2Pol Npt &#8211; Pt 10 Unidades<\/td>\n<\/tr>\n<tr>\n<td width=\"114\">2060-D<\/td>\n<td width=\"531\">Niple Latao 1-4Pol X 1-2Pol Npt &#8211; Pt 10 Unidades<\/td>\n<\/tr>\n<tr>\n<td width=\"114\">2060-E<\/td>\n<td width=\"531\">Niple Latao 1-2Pol X 3-4Pol Npt &#8211; Pt 10 Unidades<\/td>\n<\/tr>\n<tr>\n<td width=\"114\">2060-F<\/td>\n<td width=\"531\">Niple Latao 3-4Pol X 3-4Pol Npt &#8211; Pt 10 Unidades<\/td>\n<\/tr>\n<tr>\n<td width=\"114\">2060-G<\/td>\n<td width=\"531\">Niple Latao 1-8Pol X 1-8Pol Npt &#8211; Pt 10 Unidades<\/td>\n<\/tr>\n<\/tbody>\n<\/table>\n","protected":false},"excerpt":{"rendered":"<p>Niple \u00e9 uma pe\u00e7a com rosca nas duas extremidades , ideal para unir duas pe\u00e7as rosque\u00e1vei Descri\u00e7\u00e3o: Em lat\u00e3o. Rosca 1\/2&#8243; x 3\/4&#8243; NPT Embalagem 10 unidades Peso 70 g &#8211; Medidas (L) 34 mm 2060-A Niple Latao 1-4Pol X 1-4Pol Npt &#8211; Pt 10 Unidades 2060-B Niple Latao 3-8Pol X 3-8Pol Npt &#8211; Pt [&hellip;]<\/p>\n","protected":false},"featured_media":2398,"comment_status":"open","ping_status":"closed","template":"","meta":{"_exactmetrics_skip_tracking":false,"_exactmetrics_sitenote_active":false,"_exactmetrics_sitenote_note":"","_exactmetrics_sitenote_category":0},"product_brand":[],"product_cat":[130],"product_tag":[],"class_list":{"0":"post-2396","1":"product","2":"type-product","3":"status-publish","4":"has-post-thumbnail","6":"product_cat-itens-para-manutencao-em-geral","8":"first","9":"instock","10":"shipping-taxable","11":"product-type-simple"},"_links":{"self":[{"href":"https:\/\/totallubri.com.br\/index.php?rest_route=\/wp\/v2\/product\/2396","targetHints":{"allow":["GET"]}}],"collection":[{"href":"https:\/\/totallubri.com.br\/index.php?rest_route=\/wp\/v2\/product"}],"about":[{"href":"https:\/\/totallubri.com.br\/index.php?rest_route=\/wp\/v2\/types\/product"}],"replies":[{"embeddable":true,"href":"https:\/\/totallubri.com.br\/index.php?rest_route=%2Fwp%2Fv2%2Fcomments&post=2396"}],"wp:featuredmedia":[{"embeddable":true,"href":"https:\/\/totallubri.com.br\/index.php?rest_route=\/wp\/v2\/media\/2398"}],"wp:attachment":[{"href":"https:\/\/totallubri.com.br\/index.php?rest_route=%2Fwp%2Fv2%2Fmedia&parent=2396"}],"wp:term":[{"taxonomy":"product_brand","embeddable":true,"href":"https:\/\/totallubri.com.br\/index.php?rest_route=%2Fwp%2Fv2%2Fproduct_brand&post=2396"},{"taxonomy":"product_cat","embeddable":true,"href":"https:\/\/totallubri.com.br\/index.php?rest_route=%2Fwp%2Fv2%2Fproduct_cat&post=2396"},{"taxonomy":"product_tag","embeddable":true,"href":"https:\/\/totallubri.com.br\/index.php?rest_route=%2Fwp%2Fv2%2Fproduct_tag&post=2396"}],"curies":[{"name":"wp","href":"https:\/\/api.w.org\/{rel}","templated":true}]}}