{"id":2401,"date":"2016-12-14T12:12:45","date_gmt":"2016-12-14T14:12:45","guid":{"rendered":"http:\/\/totallubri.com.br\/wp\/?post_type=product&#038;p=2401"},"modified":"2024-11-25T12:51:33","modified_gmt":"2024-11-25T15:51:33","slug":"carretel-com-retracao-automatica-para-agua-bozza-snake-bd-ag15","status":"publish","type":"product","link":"https:\/\/totallubri.com.br\/?product=carretel-com-retracao-automatica-para-agua-bozza-snake-bd-ag15","title":{"rendered":"Carretel com retra\u00e7\u00e3o autom\u00e1tica para \u00e1gua \u2013 SNAKE-BD-AG15-BOZZA"},"content":{"rendered":"<p>Produto da marca Bozza \u00e9 um carretel autom\u00e1tico Blindado indicado para enrolar mangueira evitando desgaste , excelente custo beneficio para empresas que se preocupam com a organiza\u00e7\u00e3o do ambiente de trabalho, busca facilidades no manuseio de mangueira, e consequentemente ganha em agilidade nos processos e um produto mais resistente.<\/p>\n<p>detalhes do produto<\/p>\n<p>Indicado para enrolar e acondicionar mangueira de ar comprimido evitando desgaste, a contamina\u00e7\u00e3o da mesma e mantendo o ambiente organizado.<\/p>\n<p>Caracter\u00edsticas<br \/>\n&#8211; Carretel com retra\u00e7\u00e3o autom\u00e1tica blindado para \u00e1gua<br \/>\n&#8211; Mangueira de \u00bd\u201d com 15 m<br \/>\n&#8211; Largura x Altura: 510 mm\/20,1\u201d x 510 mm\/20,1\u201d<br \/>\n&#8211; Peso l\u00edquido: 31,4 kg\/69,2 lb | Peso Bruto: 33,3 kg\/73,4 lb<br \/>\n&#8211; Total de caixas: 1 | C=630 mm x L=630 mm x A=360 mm<\/p>\n<p>Dados T\u00e9cnicos<br \/>\n&#8211; Press\u00e3o de Trabalho 300 PSI \/ 21 BAR<\/p>\n<p>Itens Opcionais<br \/>\n&#8211; Bico de limpeza (mod. BL-1)<br \/>\n&#8211; Calibrador de pneus (mod. 1102)<\/p>\n","protected":false},"excerpt":{"rendered":"<p>Produto da marca Bozza \u00e9 um carretel autom\u00e1tico Blindado indicado para enrolar mangueira evitando desgaste , excelente custo beneficio para empresas que se preocupam com a organiza\u00e7\u00e3o do ambiente de trabalho, busca facilidades no manuseio de mangueira, e consequentemente ganha em agilidade nos processos e um produto mais resistente. detalhes do produto Indicado para enrolar [&hellip;]<\/p>\n","protected":false},"featured_media":2403,"comment_status":"open","ping_status":"closed","template":"","meta":{"_exactmetrics_skip_tracking":false,"_exactmetrics_sitenote_active":false,"_exactmetrics_sitenote_note":"","_exactmetrics_sitenote_category":0},"product_brand":[],"product_cat":[100],"product_tag":[],"class_list":{"0":"post-2401","1":"product","2":"type-product","3":"status-publish","4":"has-post-thumbnail","6":"product_cat-carretel-retratil","8":"first","9":"instock","10":"shipping-taxable","11":"product-type-simple"},"_links":{"self":[{"href":"https:\/\/totallubri.com.br\/index.php?rest_route=\/wp\/v2\/product\/2401","targetHints":{"allow":["GET"]}}],"collection":[{"href":"https:\/\/totallubri.com.br\/index.php?rest_route=\/wp\/v2\/product"}],"about":[{"href":"https:\/\/totallubri.com.br\/index.php?rest_route=\/wp\/v2\/types\/product"}],"replies":[{"embeddable":true,"href":"https:\/\/totallubri.com.br\/index.php?rest_route=%2Fwp%2Fv2%2Fcomments&post=2401"}],"wp:featuredmedia":[{"embeddable":true,"href":"https:\/\/totallubri.com.br\/index.php?rest_route=\/wp\/v2\/media\/2403"}],"wp:attachment":[{"href":"https:\/\/totallubri.com.br\/index.php?rest_route=%2Fwp%2Fv2%2Fmedia&parent=2401"}],"wp:term":[{"taxonomy":"product_brand","embeddable":true,"href":"https:\/\/totallubri.com.br\/index.php?rest_route=%2Fwp%2Fv2%2Fproduct_brand&post=2401"},{"taxonomy":"product_cat","embeddable":true,"href":"https:\/\/totallubri.com.br\/index.php?rest_route=%2Fwp%2Fv2%2Fproduct_cat&post=2401"},{"taxonomy":"product_tag","embeddable":true,"href":"https:\/\/totallubri.com.br\/index.php?rest_route=%2Fwp%2Fv2%2Fproduct_tag&post=2401"}],"curies":[{"name":"wp","href":"https:\/\/api.w.org\/{rel}","templated":true}]}}